{"id":18439,"date":"2022-09-22T20:23:53","date_gmt":"2022-09-22T18:23:54","guid":{"rendered":"http:\/\/evokaii.com\/?post_type=product&#038;p=18439"},"modified":"2025-07-12T19:49:29","modified_gmt":"2025-07-12T17:49:29","slug":"spodnie-welurowe-chabrowy-niebieski","status":"publish","type":"product","link":"https:\/\/evokaii.com\/pl\/produkt\/spodnie-welurowe-chabrowy-niebieski\/","title":{"rendered":"Spodnie welurowe &#8211; Chabrowy Niebieski"},"content":{"rendered":"<h3>Spodnie welurowe &#8211; Chabrowy Niebieski<\/h3>\n<p>Welurowe spodnie to must have tego sezonu. Wykonane s\u0105 z bardzo mi\u0142ej dzianiny bawe\u0142nianej 80% oraz domieszki 20% poliestru w przepi\u0119knym chabrowym kolorze. Spodnie mo\u017cna \u0142\u0105czy\u0107 z wieloma kolorami. Spodnie s\u0105 na gumce a z przodu posiadaj\u0105 gruby sznurek.<\/p>\n<p>Modelka na zdj\u0119ciu; 166cm, nosi rozmiar M.<\/p>\n<p>Wyprodukowano w Polsce.<\/p>\n","protected":false},"excerpt":{"rendered":"<p>\u2299 Super wygodne spodnie dresowe<br \/>\n\u2299 Welurowa mi\u0119kko\u015b\u0107<\/p>\n","protected":false},"featured_media":18450,"comment_status":"open","ping_status":"closed","template":"","meta":{"_acf_changed":false},"product_brand":[],"product_cat":[1303,2207],"product_tag":[2803,2775,2598,2599,2621],"class_list":{"0":"post-18439","1":"product","2":"type-product","3":"status-publish","4":"has-post-thumbnail","6":"product_cat-spodnie","7":"product_cat-wyprzedaz","8":"product_tag-bawelna","9":"product_tag-niebieski","10":"product_tag-surf-clothing-pl","11":"product_tag-sweatpants-pl","12":"product_tag-velvet-pl","13":"pa_colour-pattern-rozowy","15":"first","16":"instock","17":"shipping-taxable","18":"purchasable","19":"product-type-variable"},"acf":[],"_links":{"self":[{"href":"https:\/\/evokaii.com\/pl\/wp-json\/wp\/v2\/product\/18439","targetHints":{"allow":["GET"]}}],"collection":[{"href":"https:\/\/evokaii.com\/pl\/wp-json\/wp\/v2\/product"}],"about":[{"href":"https:\/\/evokaii.com\/pl\/wp-json\/wp\/v2\/types\/product"}],"replies":[{"embeddable":true,"href":"https:\/\/evokaii.com\/pl\/wp-json\/wp\/v2\/comments?post=18439"}],"wp:featuredmedia":[{"embeddable":true,"href":"https:\/\/evokaii.com\/pl\/wp-json\/wp\/v2\/media\/18450"}],"wp:attachment":[{"href":"https:\/\/evokaii.com\/pl\/wp-json\/wp\/v2\/media?parent=18439"}],"wp:term":[{"taxonomy":"product_brand","embeddable":true,"href":"https:\/\/evokaii.com\/pl\/wp-json\/wp\/v2\/product_brand?post=18439"},{"taxonomy":"product_cat","embeddable":true,"href":"https:\/\/evokaii.com\/pl\/wp-json\/wp\/v2\/product_cat?post=18439"},{"taxonomy":"product_tag","embeddable":true,"href":"https:\/\/evokaii.com\/pl\/wp-json\/wp\/v2\/product_tag?post=18439"}],"curies":[{"name":"wp","href":"https:\/\/api.w.org\/{rel}","templated":true}]}}