{"id":18788,"date":"2023-07-08T14:32:17","date_gmt":"2023-07-08T12:32:18","guid":{"rendered":"https:\/\/evokaii.com\/?post_type=product&#038;p=18788"},"modified":"2024-07-16T10:11:58","modified_gmt":"2024-07-16T08:11:58","slug":"bali-dress-pink","status":"publish","type":"product","link":"https:\/\/evokaii.com\/pl\/produkt\/bali-dress-pink\/","title":{"rendered":"Bali Dress &#8211; Pink"},"content":{"rendered":"<h3>Bali Dress &#8211; Pink<\/h3>\n<p>Sukienka bez r\u0119kaw\u00f3w Bali wykonana jest z wysokogatunkowej, bardzo przyjemnej w dotyku dzianiny bambusowej z dodatkiem elastanu.<br \/>Sukienka ma delikatn\u0105 falban\u0119, kt\u00f3ra idealnie dopasowuje si\u0119 do wi\u0119kszo\u015bci sylwetek a odkryte plecy nadaj\u0105 jej charakteru.<br \/>kolor: r\u00f3\u017cowy.<br \/>Modelka ma 166cm i nosi rozmiar M.<br \/>Wyprodukowano w Polsce.<\/p>\n","protected":false},"excerpt":{"rendered":"<p>\u2299 Letnia sukienka bez r\u0119kaw\u00f3w<br \/>\u2299 Prosty Design<br \/>\u2299 Otwarte plecy<\/p>\n<p>\u2299 Mi\u0119kka dzianina bambusowa<\/p>\n","protected":false},"featured_media":18749,"comment_status":"open","ping_status":"closed","template":"","meta":{"_acf_changed":false},"product_brand":[],"product_cat":[1101,154],"product_tag":[2793,2546,2792,190],"class_list":{"0":"post-18788","1":"product","2":"type-product","3":"status-publish","4":"has-post-thumbnail","6":"product_cat-nowosci","7":"product_cat-sukienki","8":"product_tag-bali-dress-pl","9":"product_tag-beach-dress-pl","10":"product_tag-pink-dress-pl","11":"product_tag-sukienka","12":"product_shipping_class-small","14":"first","15":"instock","16":"shipping-taxable","17":"product-type-variable","18":"has-default-attributes"},"acf":[],"_links":{"self":[{"href":"https:\/\/evokaii.com\/pl\/wp-json\/wp\/v2\/product\/18788","targetHints":{"allow":["GET"]}}],"collection":[{"href":"https:\/\/evokaii.com\/pl\/wp-json\/wp\/v2\/product"}],"about":[{"href":"https:\/\/evokaii.com\/pl\/wp-json\/wp\/v2\/types\/product"}],"replies":[{"embeddable":true,"href":"https:\/\/evokaii.com\/pl\/wp-json\/wp\/v2\/comments?post=18788"}],"wp:featuredmedia":[{"embeddable":true,"href":"https:\/\/evokaii.com\/pl\/wp-json\/wp\/v2\/media\/18749"}],"wp:attachment":[{"href":"https:\/\/evokaii.com\/pl\/wp-json\/wp\/v2\/media?parent=18788"}],"wp:term":[{"taxonomy":"product_brand","embeddable":true,"href":"https:\/\/evokaii.com\/pl\/wp-json\/wp\/v2\/product_brand?post=18788"},{"taxonomy":"product_cat","embeddable":true,"href":"https:\/\/evokaii.com\/pl\/wp-json\/wp\/v2\/product_cat?post=18788"},{"taxonomy":"product_tag","embeddable":true,"href":"https:\/\/evokaii.com\/pl\/wp-json\/wp\/v2\/product_tag?post=18788"}],"curies":[{"name":"wp","href":"https:\/\/api.w.org\/{rel}","templated":true}]}}