{"id":18827,"date":"2023-07-10T09:49:52","date_gmt":"2023-07-10T07:49:55","guid":{"rendered":"https:\/\/evokaii.com\/?post_type=product&#038;p=18827"},"modified":"2023-07-10T10:13:07","modified_gmt":"2023-07-10T08:13:07","slug":"candy-top-peach-pink","status":"publish","type":"product","link":"https:\/\/evokaii.com\/pl\/produkt\/candy-top-peach-pink\/","title":{"rendered":"Candy Top &#8211; Peach Pink"},"content":{"rendered":"<h3>Candy Top &#8211; Peach Pink<\/h3>\n<p style=\"text-align: justify;\">G\u0142adki Top z kieszonk\u0105 w kolorze delikatnej brzoskwini wykonany jest z mi\u0142ej dzianiny singlowej. Top ma okr\u0105g\u0142e, szerokie wyci\u0119cie przy szyi. Idealnie sprawdzi sie do spodni, spodniczek czy szort\u00f3w.<\/p>\n<p style=\"text-align: justify;\">\nModelka ma na sobie rozmiar M, wzrost 166cm.<\/p>\n<p style=\"text-align: justify;\">Wyprodukowano w Polsce.<\/p>\n","protected":false},"excerpt":{"rendered":"<p>\u2299 Delikatny kolor brzoskwiniowego r\u00f3\u017cu<br \/>\n\u2299 Mi\u0119kka bawe\u0142niana dzianina<\/p>\n<p>\u2299 Okr\u0105g\u0142y dekolt<\/p>\n","protected":false},"featured_media":18759,"comment_status":"open","ping_status":"closed","template":"","meta":{"_acf_changed":false},"product_brand":[],"product_cat":[1101,158],"product_tag":[2803,2806,2805,205,2804],"class_list":{"0":"post-18827","1":"product","2":"type-product","3":"status-publish","4":"has-post-thumbnail","6":"product_cat-nowosci","7":"product_cat-tops-pl","8":"product_tag-bawelna","9":"product_tag-brzoskwiniowy-roz","10":"product_tag-lato","11":"product_tag-tank-top-pl","12":"product_tag-top-pl","13":"product_shipping_class-small","15":"first","16":"instock","17":"shipping-taxable","18":"purchasable","19":"product-type-variable"},"acf":[],"_links":{"self":[{"href":"https:\/\/evokaii.com\/pl\/wp-json\/wp\/v2\/product\/18827","targetHints":{"allow":["GET"]}}],"collection":[{"href":"https:\/\/evokaii.com\/pl\/wp-json\/wp\/v2\/product"}],"about":[{"href":"https:\/\/evokaii.com\/pl\/wp-json\/wp\/v2\/types\/product"}],"replies":[{"embeddable":true,"href":"https:\/\/evokaii.com\/pl\/wp-json\/wp\/v2\/comments?post=18827"}],"wp:featuredmedia":[{"embeddable":true,"href":"https:\/\/evokaii.com\/pl\/wp-json\/wp\/v2\/media\/18759"}],"wp:attachment":[{"href":"https:\/\/evokaii.com\/pl\/wp-json\/wp\/v2\/media?parent=18827"}],"wp:term":[{"taxonomy":"product_brand","embeddable":true,"href":"https:\/\/evokaii.com\/pl\/wp-json\/wp\/v2\/product_brand?post=18827"},{"taxonomy":"product_cat","embeddable":true,"href":"https:\/\/evokaii.com\/pl\/wp-json\/wp\/v2\/product_cat?post=18827"},{"taxonomy":"product_tag","embeddable":true,"href":"https:\/\/evokaii.com\/pl\/wp-json\/wp\/v2\/product_tag?post=18827"}],"curies":[{"name":"wp","href":"https:\/\/api.w.org\/{rel}","templated":true}]}}