{"id":18886,"date":"2023-09-30T21:20:43","date_gmt":"2023-09-30T19:20:45","guid":{"rendered":"https:\/\/evokaii.com\/?post_type=product&#038;p=18886"},"modified":"2024-04-01T00:00:46","modified_gmt":"2024-03-31T22:00:46","slug":"long-zipper-hoodie-wild-green-zebra","status":"publish","type":"product","link":"https:\/\/evokaii.com\/pl\/produkt\/long-zipper-hoodie-wild-green-zebra\/","title":{"rendered":"Long Zipper Hoodie &#8211; Wild Green Zebra"},"content":{"rendered":"<h3>Long Zipper Hoodie &#8211; Wild Green Zebra<\/h3>\n<p>Zipper Long Wild Green Zebra to d\u0142uga bluza, kt\u00f3ra wykonana jest z dzianiny bawe\u0142nianej z oryginalnymi elementami nadruku w turkusowo- szmaragdow\u0105 zebr\u0119 z elementami pantery. Idealna dla wszystkich, kt\u00f3ry uwielbiaj\u0105 du\u017ce kaptury. Bardzo twarzowa bluza z suwakiem Ykk. Okr\u0105g\u0142e logo marki naszyte z przodu. Bluza posiada otwory na kciuki, dzi\u0119ki czemu sprawdzi si\u0119 na jesienno- zimowe spacery.<\/p>\n<p>Do bluzy pasuj\u0105 spodnie welurowe w kolorze arctic green, antracyntowym, jasno-szarym i mi\u0119towym.<\/p>\n<p>Wyprodukowano w Polsce.<\/p>\n<p>Modelka na zdj\u0119ciu nosi rozmiar M ; wzrost166cm<\/p>\n","protected":false},"excerpt":{"rendered":"<p>\u2299 Du\u017cy kaptur<br \/>\n\u2299 Extra d\u0142ugi model<br \/>\n\u2299 \u0141atwe zapi\u0119cie<\/p>\n","protected":false},"featured_media":18894,"comment_status":"open","ping_status":"closed","template":"","meta":{"_acf_changed":false},"product_brand":[],"product_cat":[155,2694,2207],"product_tag":[2596,2814,193,2627,2815,2626,2554,2751,2812,220],"class_list":{"0":"post-18886","1":"product","2":"type-product","3":"status-publish","4":"has-post-thumbnail","6":"product_cat-bluzy-damskie","7":"product_cat-dlugie-bluzy-z-kapturem","8":"product_cat-wyprzedaz","9":"product_tag-beach-wear-pl","10":"product_tag-bluza-snowboardowa","11":"product_tag-duzy-kaptur","12":"product_tag-hoodie-dress-pl","13":"product_tag-komfort","14":"product_tag-long-hoodie-pl","15":"product_tag-panthera-pl","16":"product_tag-zebra-pl","17":"product_tag-zielony","18":"product_tag-zipper-pl","19":"pa_colour-pattern-zielony","21":"first","22":"instock","23":"shipping-taxable","24":"purchasable","25":"product-type-variable","26":"has-default-attributes"},"acf":[],"_links":{"self":[{"href":"https:\/\/evokaii.com\/pl\/wp-json\/wp\/v2\/product\/18886","targetHints":{"allow":["GET"]}}],"collection":[{"href":"https:\/\/evokaii.com\/pl\/wp-json\/wp\/v2\/product"}],"about":[{"href":"https:\/\/evokaii.com\/pl\/wp-json\/wp\/v2\/types\/product"}],"replies":[{"embeddable":true,"href":"https:\/\/evokaii.com\/pl\/wp-json\/wp\/v2\/comments?post=18886"}],"wp:featuredmedia":[{"embeddable":true,"href":"https:\/\/evokaii.com\/pl\/wp-json\/wp\/v2\/media\/18894"}],"wp:attachment":[{"href":"https:\/\/evokaii.com\/pl\/wp-json\/wp\/v2\/media?parent=18886"}],"wp:term":[{"taxonomy":"product_brand","embeddable":true,"href":"https:\/\/evokaii.com\/pl\/wp-json\/wp\/v2\/product_brand?post=18886"},{"taxonomy":"product_cat","embeddable":true,"href":"https:\/\/evokaii.com\/pl\/wp-json\/wp\/v2\/product_cat?post=18886"},{"taxonomy":"product_tag","embeddable":true,"href":"https:\/\/evokaii.com\/pl\/wp-json\/wp\/v2\/product_tag?post=18886"}],"curies":[{"name":"wp","href":"https:\/\/api.w.org\/{rel}","templated":true}]}}