{"id":18941,"date":"2023-09-30T23:52:23","date_gmt":"2023-09-30T21:52:28","guid":{"rendered":"https:\/\/evokaii.com\/?post_type=product&#038;p=18941"},"modified":"2024-05-19T23:34:37","modified_gmt":"2024-05-19T21:34:37","slug":"short-candy-hoodie-green-zebra","status":"publish","type":"product","link":"https:\/\/evokaii.com\/pl\/produkt\/short-candy-hoodie-green-zebra\/","title":{"rendered":"Short Candy Hoodie &#8211; Green Zebra"},"content":{"rendered":"<h3>Short Candy Hoodie &#8211; Green Zebra<\/h3>\n<p>Bluza Candy short Zebra green wykonana jest z dzianiny bawe\u0142nianej z oryginalnymi elementami nadruku w zebr\u0119 z elementami panterki. Idealna dla wszystkich, kt\u00f3ry uwielbiaj\u0105 du\u017ce kaptury. Bardzo twarzowa bluza w kolorze turkusowym z naszyt\u0105 du\u017c\u0105 kieszeni\u0105 typu kangur. Okr\u0105g\u0142e logo marki naszyte z przodu. Bluza posiada otwory na kciuki, dzi\u0119ki czemu sprawdzi si\u0119 na jesienno- zimowe spacery.<br \/>\nDo bluzy pasuj\u0105 spodnie w kolorze arktycznej zieleni, szare oraz mi\u0119towe.<\/p>\n<p>Na zdj\u0119ciach prezentowane s\u0105 spodnie w kolorze arktycznej zieleni- welurowe.<\/p>\n<p>Modelka ma na sobie rozmiar M, wzrost 166cm.<\/p>\n<p>Wyprodukowano w Polsce.<\/p>\n","protected":false},"excerpt":{"rendered":"<p>\u2299 Big Hood &amp; Modern Pulls<br \/>\n\u2299 Green Zebra<br \/>\n\u2299 Kangoo Pocket<\/p>\n","protected":false},"featured_media":18946,"comment_status":"open","ping_status":"closed","template":"","meta":{"_acf_changed":false},"product_brand":[],"product_cat":[155,2694,2207],"product_tag":[2596,2814,193,2627,2815,2817,2589,2751,2812,2816],"class_list":{"0":"post-18941","1":"product","2":"type-product","3":"status-publish","4":"has-post-thumbnail","6":"product_cat-bluzy-damskie","7":"product_cat-dlugie-bluzy-z-kapturem","8":"product_cat-wyprzedaz","9":"product_tag-beach-wear-pl","10":"product_tag-bluza-snowboardowa","11":"product_tag-duzy-kaptur","12":"product_tag-hoodie-dress-pl","13":"product_tag-komfort","14":"product_tag-krotka-bluza-z-kapturem","15":"product_tag-surf-hoodies-pl","16":"product_tag-zebra-pl","17":"product_tag-zielony","18":"product_tag-zima","20":"first","21":"instock","22":"shipping-taxable","23":"purchasable","24":"product-type-variable","25":"has-default-attributes"},"acf":[],"_links":{"self":[{"href":"https:\/\/evokaii.com\/pl\/wp-json\/wp\/v2\/product\/18941","targetHints":{"allow":["GET"]}}],"collection":[{"href":"https:\/\/evokaii.com\/pl\/wp-json\/wp\/v2\/product"}],"about":[{"href":"https:\/\/evokaii.com\/pl\/wp-json\/wp\/v2\/types\/product"}],"replies":[{"embeddable":true,"href":"https:\/\/evokaii.com\/pl\/wp-json\/wp\/v2\/comments?post=18941"}],"wp:featuredmedia":[{"embeddable":true,"href":"https:\/\/evokaii.com\/pl\/wp-json\/wp\/v2\/media\/18946"}],"wp:attachment":[{"href":"https:\/\/evokaii.com\/pl\/wp-json\/wp\/v2\/media?parent=18941"}],"wp:term":[{"taxonomy":"product_brand","embeddable":true,"href":"https:\/\/evokaii.com\/pl\/wp-json\/wp\/v2\/product_brand?post=18941"},{"taxonomy":"product_cat","embeddable":true,"href":"https:\/\/evokaii.com\/pl\/wp-json\/wp\/v2\/product_cat?post=18941"},{"taxonomy":"product_tag","embeddable":true,"href":"https:\/\/evokaii.com\/pl\/wp-json\/wp\/v2\/product_tag?post=18941"}],"curies":[{"name":"wp","href":"https:\/\/api.w.org\/{rel}","templated":true}]}}