{"id":18963,"date":"2023-10-01T00:25:03","date_gmt":"2023-09-30T22:25:04","guid":{"rendered":"https:\/\/evokaii.com\/?post_type=product&#038;p=18963"},"modified":"2024-04-01T00:00:36","modified_gmt":"2024-03-31T22:00:36","slug":"aloha-short-coat-palm-leaves","status":"publish","type":"product","link":"https:\/\/evokaii.com\/pl\/produkt\/aloha-short-coat-palm-leaves\/","title":{"rendered":"Aloha Short Coat Palm Leaves"},"content":{"rendered":"<h3>Aloha Short Coat Palm Leaves<\/h3>\n<p>P\u0142aszcz wykonany z grubej dzianiny bawe\u0142nianej, zapinany na nap\u0119 na ramieniu. Du\u017cy kaptur.<\/p>\n<p>Dost\u0119pne 2 rozmiary p\u0142aszcza : S-M oraz M-L<br \/>\nIdealnie pasuje do spodni oraz sukienek.<\/p>\n<p>Modelka nosi rozmiar S-M, wzrost 166cm.<\/p>\n<p>Wyprodukowano w Polsce.<\/p>\n","protected":false},"excerpt":{"rendered":"<p>\u2299 Wewn\u0105trz mi\u0119kka, szczotkowana bawe\u0142na<br \/>\n\u2299 Idealny p\u0142aszcz przej\u015bciowy<br \/>\n\u2299 Multi Style<br \/>\n\u2299 Zapinany na guziki<\/p>\n","protected":false},"featured_media":18969,"comment_status":"open","ping_status":"closed","template":"","meta":{"_acf_changed":false},"product_brand":[],"product_cat":[153,2207],"product_tag":[2803,181,2815,2820,2819,2818,196],"class_list":{"0":"post-18963","1":"product","2":"type-product","3":"status-publish","4":"has-post-thumbnail","6":"product_cat-plaszcze","7":"product_cat-wyprzedaz","8":"product_tag-bawelna","9":"product_tag-bluzy","10":"product_tag-komfort","11":"product_tag-liscie","12":"product_tag-multikolor","13":"product_tag-plaszcz","14":"product_tag-plaszcze","15":"product_shipping_class-medium","16":"pa_colour-pattern-rozowy","18":"first","19":"instock","20":"shipping-taxable","21":"purchasable","22":"product-type-variable"},"acf":[],"_links":{"self":[{"href":"https:\/\/evokaii.com\/pl\/wp-json\/wp\/v2\/product\/18963","targetHints":{"allow":["GET"]}}],"collection":[{"href":"https:\/\/evokaii.com\/pl\/wp-json\/wp\/v2\/product"}],"about":[{"href":"https:\/\/evokaii.com\/pl\/wp-json\/wp\/v2\/types\/product"}],"replies":[{"embeddable":true,"href":"https:\/\/evokaii.com\/pl\/wp-json\/wp\/v2\/comments?post=18963"}],"wp:featuredmedia":[{"embeddable":true,"href":"https:\/\/evokaii.com\/pl\/wp-json\/wp\/v2\/media\/18969"}],"wp:attachment":[{"href":"https:\/\/evokaii.com\/pl\/wp-json\/wp\/v2\/media?parent=18963"}],"wp:term":[{"taxonomy":"product_brand","embeddable":true,"href":"https:\/\/evokaii.com\/pl\/wp-json\/wp\/v2\/product_brand?post=18963"},{"taxonomy":"product_cat","embeddable":true,"href":"https:\/\/evokaii.com\/pl\/wp-json\/wp\/v2\/product_cat?post=18963"},{"taxonomy":"product_tag","embeddable":true,"href":"https:\/\/evokaii.com\/pl\/wp-json\/wp\/v2\/product_tag?post=18963"}],"curies":[{"name":"wp","href":"https:\/\/api.w.org\/{rel}","templated":true}]}}