{"id":18985,"date":"2023-10-01T01:10:17","date_gmt":"2023-09-30T23:10:18","guid":{"rendered":"https:\/\/evokaii.com\/?post_type=product&#038;p=18985"},"modified":"2024-04-01T00:00:50","modified_gmt":"2024-03-31T22:00:50","slug":"oversized-kangoo-hoodie-wild-panther","status":"publish","type":"product","link":"https:\/\/evokaii.com\/pl\/produkt\/oversized-kangoo-hoodie-wild-panther\/","title":{"rendered":"Oversized Kangoo Hoodie Wild Panther"},"content":{"rendered":"<h3>Oversized Kangoo Hoodie Wild Panther<\/h3>\n<div>Bluza Kangoo ma oversizowy kr\u00f3j pasuj\u0105cy do wi\u0119kszo\u015bci sylwetek. Du\u017cy kaptur chroni przez zimnem. Bluza wykonana jest z bardzo ciep\u0142ej bawe\u0142nianej dzianiny z nadrukowanym, oryginalnym wzorem w kolorow\u0105 panter\u0119.<\/div>\n<div><\/div>\n<div>Bluza wyst\u0119puje w 2 rozmiarach; dla ni\u017cszych Pa\u0144 S-M oraz dla wy\u017cszych M-L. Rozmiar M-L b\u0119dzie pasowa\u0142 r\u00f3wnie\u017c dla Pa\u0144 nosz\u0105cych wieksze rozmiary jak Xl lub XXL.<\/div>\n<div><\/div>\n<div>Modelka ma na sobie rozmiar S-M przy wzro\u015bcie 166cm.<\/div>\n<div>Wyprodukowano w Polsce.<\/div>\n","protected":false},"excerpt":{"rendered":"<p>\u2299 Bluza o kroju lu\u017anym, oversizowym<br \/>\n\u2299 Animal Print<br \/>\n\u2299 Du\u017ca kiesze\u0144 typu kangurka<\/p>\n","protected":false},"featured_media":18989,"comment_status":"open","ping_status":"closed","template":"","meta":{"_acf_changed":false},"product_brand":[],"product_cat":[155,2721,2207],"product_tag":[2814,2821,181,2507,2506,2824,2825,2816],"class_list":{"0":"post-18985","1":"product","2":"type-product","3":"status-publish","4":"has-post-thumbnail","6":"product_cat-bluzy-damskie","7":"product_cat-bluzy-oversize","8":"product_cat-wyprzedaz","9":"product_tag-bluza-snowboardowa","10":"product_tag-bluza-z-duzym-kapturem","11":"product_tag-bluzy","12":"product_tag-kangoo-pl","13":"product_tag-oversized-pl","14":"product_tag-panterka","15":"product_tag-wild-pl","16":"product_tag-zima","17":"pa_colour-pattern-rozowy","19":"first","20":"instock","21":"shipping-taxable","22":"purchasable","23":"product-type-variable"},"acf":[],"_links":{"self":[{"href":"https:\/\/evokaii.com\/pl\/wp-json\/wp\/v2\/product\/18985","targetHints":{"allow":["GET"]}}],"collection":[{"href":"https:\/\/evokaii.com\/pl\/wp-json\/wp\/v2\/product"}],"about":[{"href":"https:\/\/evokaii.com\/pl\/wp-json\/wp\/v2\/types\/product"}],"replies":[{"embeddable":true,"href":"https:\/\/evokaii.com\/pl\/wp-json\/wp\/v2\/comments?post=18985"}],"wp:featuredmedia":[{"embeddable":true,"href":"https:\/\/evokaii.com\/pl\/wp-json\/wp\/v2\/media\/18989"}],"wp:attachment":[{"href":"https:\/\/evokaii.com\/pl\/wp-json\/wp\/v2\/media?parent=18985"}],"wp:term":[{"taxonomy":"product_brand","embeddable":true,"href":"https:\/\/evokaii.com\/pl\/wp-json\/wp\/v2\/product_brand?post=18985"},{"taxonomy":"product_cat","embeddable":true,"href":"https:\/\/evokaii.com\/pl\/wp-json\/wp\/v2\/product_cat?post=18985"},{"taxonomy":"product_tag","embeddable":true,"href":"https:\/\/evokaii.com\/pl\/wp-json\/wp\/v2\/product_tag?post=18985"}],"curies":[{"name":"wp","href":"https:\/\/api.w.org\/{rel}","templated":true}]}}