{"id":19417,"date":"2024-06-06T20:18:26","date_gmt":"2024-06-06T18:18:28","guid":{"rendered":"https:\/\/evokaii.com\/?post_type=product&#038;p=19417"},"modified":"2024-06-06T20:29:24","modified_gmt":"2024-06-06T18:29:24","slug":"bombora-camel","status":"publish","type":"product","link":"https:\/\/evokaii.com\/pl\/produkt\/bombora-camel\/","title":{"rendered":"Bombora Camel"},"content":{"rendered":"<h3>Bombora Camel<\/h3>\n<p>Bluza Bombora Camel wykonana jest z dzianiny bawe\u0142nianej z autorskim elementem nadruku &#8221;Endless waves &#8220;. Idealna dla wszystkich, kt\u00f3rzy uwielbiaj\u0105 du\u017ce kaptury. Bardzo twarzowa bluza z naszyt\u0105 kieszeni\u0105 typu kangur. Bluza posiada otwory na kciuki, dzi\u0119ki czemu sprawdzi si\u0119 te\u017c na jesienno-zimowe spacery.<\/p>\n<p>Do bluzy pasuj\u0105 spodnie r\u00f3\u017cowe, chabrowe, szare. Na zdj\u0119ciach prezentowane s\u0105 spodnie w kolorze jasnej mi\u0119ty.<\/p>\n<p>Modelka ma na sobie rozmiar M, wzrost 166cm.<\/p>\n<p>Wyprodukowano w Polsce.<\/p>\n","protected":false},"excerpt":{"rendered":"<p>\u2299 Du\u017cy kaptur<br \/>\n\u2299 Stylowe wyko\u0144czenie Cross Neck<br \/>\n\u2299 Endless Surf Wave Design<br \/>\n\u2299 Super mi\u0142a i ciep\u0142a<\/p>\n","protected":false},"featured_media":19424,"comment_status":"open","ping_status":"closed","template":"","meta":{"_acf_changed":false},"product_brand":[],"product_cat":[155,2701,2207],"product_tag":[2814,181,2616,2815,2589,2496,2602],"class_list":{"0":"post-19417","1":"product","2":"type-product","3":"status-publish","4":"has-post-thumbnail","6":"product_cat-bluzy-damskie","7":"product_cat-bluza-z-kapturem","8":"product_cat-wyprzedaz","9":"product_tag-bluza-snowboardowa","10":"product_tag-bluzy","11":"product_tag-hoodie-with-large-hood-pl","12":"product_tag-komfort","13":"product_tag-surf-hoodies-pl","14":"product_tag-surf-wear-pl","15":"product_tag-womens-surf-clothing-pl","16":"size_chart-bombora-hoodie-pl","18":"first","19":"outofstock","20":"shipping-taxable","21":"purchasable","22":"product-type-variable"},"acf":[],"_links":{"self":[{"href":"https:\/\/evokaii.com\/pl\/wp-json\/wp\/v2\/product\/19417","targetHints":{"allow":["GET"]}}],"collection":[{"href":"https:\/\/evokaii.com\/pl\/wp-json\/wp\/v2\/product"}],"about":[{"href":"https:\/\/evokaii.com\/pl\/wp-json\/wp\/v2\/types\/product"}],"replies":[{"embeddable":true,"href":"https:\/\/evokaii.com\/pl\/wp-json\/wp\/v2\/comments?post=19417"}],"wp:featuredmedia":[{"embeddable":true,"href":"https:\/\/evokaii.com\/pl\/wp-json\/wp\/v2\/media\/19424"}],"wp:attachment":[{"href":"https:\/\/evokaii.com\/pl\/wp-json\/wp\/v2\/media?parent=19417"}],"wp:term":[{"taxonomy":"product_brand","embeddable":true,"href":"https:\/\/evokaii.com\/pl\/wp-json\/wp\/v2\/product_brand?post=19417"},{"taxonomy":"product_cat","embeddable":true,"href":"https:\/\/evokaii.com\/pl\/wp-json\/wp\/v2\/product_cat?post=19417"},{"taxonomy":"product_tag","embeddable":true,"href":"https:\/\/evokaii.com\/pl\/wp-json\/wp\/v2\/product_tag?post=19417"}],"curies":[{"name":"wp","href":"https:\/\/api.w.org\/{rel}","templated":true}]}}