{"id":19430,"date":"2024-06-06T20:34:32","date_gmt":"2024-06-06T18:34:33","guid":{"rendered":"https:\/\/evokaii.com\/?post_type=product&#038;p=19430"},"modified":"2024-06-06T20:51:31","modified_gmt":"2024-06-06T18:51:31","slug":"epic-hoodie-camel","status":"publish","type":"product","link":"https:\/\/evokaii.com\/pl\/produkt\/epic-hoodie-camel\/","title":{"rendered":"Epic Hoodie &#8211; Camel"},"content":{"rendered":"<h3>Epic Hoodie &#8211; Camel<\/h3>\n<p>Milutka i ciep\u0142a bawe\u0142niana bluza bez kaptura przyda si\u0119 na ka\u017cd\u0105 por\u0119 roku. Bardzo twarzowy kolor bluzy, jasnej mi\u0119ty, idealnie pasuje do spodni, sukienek lub sp\u00f3dniczek. Na plecach autorski nadruk &#8221;endless waves&#8221; w kolorze pudrowego r\u00f3\u017cu. Bluza ma kr\u00f3j oversize i dost\u0119pna jest w jednym rozmiarze pasuj\u0105cym dla rozmiaru S-M, M-L.<\/p>\n<p>Wyprodukowano w Polsce<\/p>\n","protected":false},"excerpt":{"rendered":"<p>\u2299 Bluza z szerokim ko\u0142nierzem<br \/>\n\u2299 Mi\u0119kka i przytulna<\/p>\n","protected":false},"featured_media":19450,"comment_status":"open","ping_status":"closed","template":"","meta":{"_acf_changed":false},"product_brand":[],"product_cat":[155,2207],"product_tag":[2803,181,200,2750,2621],"class_list":{"0":"post-19430","1":"product","2":"type-product","3":"status-publish","4":"has-post-thumbnail","6":"product_cat-bluzy-damskie","7":"product_cat-wyprzedaz","8":"product_tag-bawelna","9":"product_tag-bluzy","10":"product_tag-fala","11":"product_tag-oversized-hoodie-pl","12":"product_tag-velvet-pl","13":"product_shipping_class-medium","15":"first","16":"outofstock","17":"shipping-taxable","18":"purchasable","19":"product-type-variable"},"acf":[],"_links":{"self":[{"href":"https:\/\/evokaii.com\/pl\/wp-json\/wp\/v2\/product\/19430","targetHints":{"allow":["GET"]}}],"collection":[{"href":"https:\/\/evokaii.com\/pl\/wp-json\/wp\/v2\/product"}],"about":[{"href":"https:\/\/evokaii.com\/pl\/wp-json\/wp\/v2\/types\/product"}],"replies":[{"embeddable":true,"href":"https:\/\/evokaii.com\/pl\/wp-json\/wp\/v2\/comments?post=19430"}],"wp:featuredmedia":[{"embeddable":true,"href":"https:\/\/evokaii.com\/pl\/wp-json\/wp\/v2\/media\/19450"}],"wp:attachment":[{"href":"https:\/\/evokaii.com\/pl\/wp-json\/wp\/v2\/media?parent=19430"}],"wp:term":[{"taxonomy":"product_brand","embeddable":true,"href":"https:\/\/evokaii.com\/pl\/wp-json\/wp\/v2\/product_brand?post=19430"},{"taxonomy":"product_cat","embeddable":true,"href":"https:\/\/evokaii.com\/pl\/wp-json\/wp\/v2\/product_cat?post=19430"},{"taxonomy":"product_tag","embeddable":true,"href":"https:\/\/evokaii.com\/pl\/wp-json\/wp\/v2\/product_tag?post=19430"}],"curies":[{"name":"wp","href":"https:\/\/api.w.org\/{rel}","templated":true}]}}