{"id":19633,"date":"2024-09-11T21:30:58","date_gmt":"2024-09-11T19:30:59","guid":{"rendered":"https:\/\/evokaii.com\/?post_type=product&#038;p=19633"},"modified":"2024-11-14T23:32:29","modified_gmt":"2024-11-14T21:32:29","slug":"spodnie-bawelniane-chabrowego-copy","status":"publish","type":"product","link":"https:\/\/evokaii.com\/pl\/produkt\/spodnie-bawelniane-chabrowego-copy\/","title":{"rendered":"Cotton Pants Emerald Green"},"content":{"rendered":"<h3>Spodnie bawe\u0142niane &#8211; Szmaragdowego<\/h3>\n<p>Bawe\u0142niane spodnie to must have tego sezonu. Wykonane s\u0105 z bardzo mi\u0142ej dzianiny bawe\u0142nianej 97% oraz domieszki 3% elastanu. Spodnie s\u0105 koloru szmaragdowego. Kolor ten \u0142\u0105czy si\u0119 z wieloma kolorami. Mo\u017cna dobra\u0107 bluz\u0119 pod kolor spodni.<br \/>\nSpodnie s\u0105 na gumce a z przodu posiadaj\u0105 gruby sznurek bawe\u0142niany.<\/p>\n<p>Modelka na zdj\u0119ciu; 166cm i wybra\u0142a lu\u017any rozmiar M<br \/>\nWyprodukowano w Polsce.<\/p>\n","protected":false},"excerpt":{"rendered":"<p>\u2299 Super wygodne spodnie dresowe<br \/>\n\u2299 Mi\u0119kka bawe\u0142niana dzianina<\/p>\n","protected":false},"featured_media":19615,"comment_status":"open","ping_status":"closed","template":"","meta":{"_acf_changed":false},"product_brand":[],"product_cat":[1101,1303],"product_tag":[2803,2525,2524,2497,2598,2599,2602],"class_list":{"0":"post-19633","1":"product","2":"type-product","3":"status-publish","4":"has-post-thumbnail","6":"product_cat-nowosci","7":"product_cat-spodnie","8":"product_tag-bawelna","9":"product_tag-kitesurf-shop-pl","10":"product_tag-kitesurf-streetwear-pl","11":"product_tag-streetwear-pl","12":"product_tag-surf-clothing-pl","13":"product_tag-sweatpants-pl","14":"product_tag-womens-surf-clothing-pl","15":"pa_colour-pattern-niebieski","17":"first","18":"instock","19":"shipping-taxable","20":"purchasable","21":"product-type-variable"},"acf":[],"_links":{"self":[{"href":"https:\/\/evokaii.com\/pl\/wp-json\/wp\/v2\/product\/19633","targetHints":{"allow":["GET"]}}],"collection":[{"href":"https:\/\/evokaii.com\/pl\/wp-json\/wp\/v2\/product"}],"about":[{"href":"https:\/\/evokaii.com\/pl\/wp-json\/wp\/v2\/types\/product"}],"replies":[{"embeddable":true,"href":"https:\/\/evokaii.com\/pl\/wp-json\/wp\/v2\/comments?post=19633"}],"wp:featuredmedia":[{"embeddable":true,"href":"https:\/\/evokaii.com\/pl\/wp-json\/wp\/v2\/media\/19615"}],"wp:attachment":[{"href":"https:\/\/evokaii.com\/pl\/wp-json\/wp\/v2\/media?parent=19633"}],"wp:term":[{"taxonomy":"product_brand","embeddable":true,"href":"https:\/\/evokaii.com\/pl\/wp-json\/wp\/v2\/product_brand?post=19633"},{"taxonomy":"product_cat","embeddable":true,"href":"https:\/\/evokaii.com\/pl\/wp-json\/wp\/v2\/product_cat?post=19633"},{"taxonomy":"product_tag","embeddable":true,"href":"https:\/\/evokaii.com\/pl\/wp-json\/wp\/v2\/product_tag?post=19633"}],"curies":[{"name":"wp","href":"https:\/\/api.w.org\/{rel}","templated":true}]}}