{"id":19765,"date":"2024-09-11T23:12:00","date_gmt":"2024-11-14T20:55:28","guid":{"rendered":"https:\/\/evokaii.com\/?post_type=product&#038;p=19765"},"modified":"2025-07-14T16:47:02","modified_gmt":"2025-07-14T14:47:02","slug":"bombora-camel-copy","status":"publish","type":"product","link":"https:\/\/evokaii.com\/pl\/produkt\/bombora-camel-copy\/","title":{"rendered":"Bombora Endless Waves"},"content":{"rendered":"<h3>Bombora Endless Waves<\/h3>\n<p>Bluza Bombora wykonana jest z dzianiny bawe\u0142nianej z autorskim elementem nadruku &#8221;Endles waves &#8221; wykonanej przez artystk\u0119 pod indywidualne zam\u00f3wienie. Idealna dla wszystkich, kt\u00f3ry uwielbiaj\u0105 du\u017ce kaptury. Bardzo twarzowa bluza z naszyt\u0105 kieszeni\u0105 typu kangur. Okr\u0105g\u0142e logo marki naszyte z przodu. Bluza posiada otwory na kciuki, dzi\u0119ki czemu sprawdzi si\u0119 na jesienno- zimowe spacery. \u015arodek kaptura wy\u015bciela dzianina w kolorze limonki.<br \/>\nDo bluzy pasuj\u0105 r\u00f3\u017cne kolory spodni. Bluza ma wyko\u0144czenie &#8221;sk\u00f3rki brzoskwiniowej&#8221; &#8211; czyli szczotkowanie dzianiny od zewn\u0105trz co czyni j\u0105 jeszcze milsz\u0105 w dotyku.<\/p>\n<p>Kolor dzianiny to przepi\u0119kny kolor be\u017cu.<br \/>\nSk\u0142ad : 90% bawe\u0142na 10% poliester<\/p>\n<p>Modelka ma na sobie rozmiar M, wzrost 166cm.<\/p>\n<p>Dzianina wyprodukowana w polskiej fabryce.<br \/>\nBluza uszyta w Polsce.<\/p>\n","protected":false},"excerpt":{"rendered":"<p>\u2299 Du\u017cy kaptur<br \/>\n\u2299 Stylowe wyko\u0144czenie Cross Neck<br \/>\n\u2299 Endless Surf Wave Design<br \/>\n\u2299 Super mi\u0142a i ciep\u0142a<\/p>\n","protected":false},"featured_media":19777,"comment_status":"open","ping_status":"closed","template":"","meta":{"_acf_changed":false},"product_brand":[],"product_cat":[155,2701,1101],"product_tag":[2814,181,2616,2815,2589,2496,2602],"class_list":{"0":"post-19765","1":"product","2":"type-product","3":"status-publish","4":"has-post-thumbnail","6":"product_cat-bluzy-damskie","7":"product_cat-bluza-z-kapturem","8":"product_cat-nowosci","9":"product_tag-bluza-snowboardowa","10":"product_tag-bluzy","11":"product_tag-hoodie-with-large-hood-pl","12":"product_tag-komfort","13":"product_tag-surf-hoodies-pl","14":"product_tag-surf-wear-pl","15":"product_tag-womens-surf-clothing-pl","16":"size_chart-bombora-hoodie-pl","18":"first","19":"instock","20":"shipping-taxable","21":"purchasable","22":"product-type-variable"},"acf":[],"_links":{"self":[{"href":"https:\/\/evokaii.com\/pl\/wp-json\/wp\/v2\/product\/19765","targetHints":{"allow":["GET"]}}],"collection":[{"href":"https:\/\/evokaii.com\/pl\/wp-json\/wp\/v2\/product"}],"about":[{"href":"https:\/\/evokaii.com\/pl\/wp-json\/wp\/v2\/types\/product"}],"replies":[{"embeddable":true,"href":"https:\/\/evokaii.com\/pl\/wp-json\/wp\/v2\/comments?post=19765"}],"wp:featuredmedia":[{"embeddable":true,"href":"https:\/\/evokaii.com\/pl\/wp-json\/wp\/v2\/media\/19777"}],"wp:attachment":[{"href":"https:\/\/evokaii.com\/pl\/wp-json\/wp\/v2\/media?parent=19765"}],"wp:term":[{"taxonomy":"product_brand","embeddable":true,"href":"https:\/\/evokaii.com\/pl\/wp-json\/wp\/v2\/product_brand?post=19765"},{"taxonomy":"product_cat","embeddable":true,"href":"https:\/\/evokaii.com\/pl\/wp-json\/wp\/v2\/product_cat?post=19765"},{"taxonomy":"product_tag","embeddable":true,"href":"https:\/\/evokaii.com\/pl\/wp-json\/wp\/v2\/product_tag?post=19765"}],"curies":[{"name":"wp","href":"https:\/\/api.w.org\/{rel}","templated":true}]}}