{"id":19800,"date":"2024-09-12T17:03:16","date_gmt":"2024-09-12T15:03:17","guid":{"rendered":"https:\/\/evokaii.com\/?post_type=product&#038;p=19800"},"modified":"2024-11-14T22:55:25","modified_gmt":"2024-11-14T20:55:25","slug":"big-hood-chabrowy-niebieski-copy-2","status":"publish","type":"product","link":"https:\/\/evokaii.com\/pl\/produkt\/big-hood-chabrowy-niebieski-copy-2\/","title":{"rendered":"Big Hood &#8211; Emerald Blue"},"content":{"rendered":"<h3>Big Hood &#8211; Emerald Blue<\/h3>\n<p>Milutka i ciep\u0142a bawe\u0142niana bluza z kapturem przyda si\u0119 na ch\u0142odniejsze wieczory. Bluza ma dziury na kciuk i wykonana jest z 97% bawe\u0142ny i 3% elastanu. Bardzo twarzowy kolor chabrowy bluzy prze\u0142amany jest dodatkiem szmaragdu w \u015brodku kaptura oraz wyko\u0144czeniami po bokach. Do bluzy mo\u017cna dobra\u0107 spodnie w tym samym kolorze.<br \/>\nWyprodukowano w Polsce.<\/p>\n<p>Modelka ma spodnie oraz bluz\u0119 w rozmiarze M.<\/p>\n","protected":false},"excerpt":{"rendered":"<p>\u2299 Du\u017cy kaptur &amp; \u015bci\u0105gacze<br \/>\n\u2299 Kiesze\u0144 &#8220;kangurka&#8221;<\/p>\n","protected":false},"featured_media":19832,"comment_status":"open","ping_status":"closed","template":"","meta":{"_acf_changed":false},"product_brand":[],"product_cat":[155,2701,1101],"product_tag":[2596,181,193,2775,2589],"class_list":{"0":"post-19800","1":"product","2":"type-product","3":"status-publish","4":"has-post-thumbnail","6":"product_cat-bluzy-damskie","7":"product_cat-bluza-z-kapturem","8":"product_cat-nowosci","9":"product_tag-beach-wear-pl","10":"product_tag-bluzy","11":"product_tag-duzy-kaptur","12":"product_tag-niebieski","13":"product_tag-surf-hoodies-pl","14":"product_shipping_class-medium","16":"first","17":"instock","18":"shipping-taxable","19":"purchasable","20":"product-type-variable","21":"has-default-attributes"},"acf":[],"_links":{"self":[{"href":"https:\/\/evokaii.com\/pl\/wp-json\/wp\/v2\/product\/19800","targetHints":{"allow":["GET"]}}],"collection":[{"href":"https:\/\/evokaii.com\/pl\/wp-json\/wp\/v2\/product"}],"about":[{"href":"https:\/\/evokaii.com\/pl\/wp-json\/wp\/v2\/types\/product"}],"replies":[{"embeddable":true,"href":"https:\/\/evokaii.com\/pl\/wp-json\/wp\/v2\/comments?post=19800"}],"wp:featuredmedia":[{"embeddable":true,"href":"https:\/\/evokaii.com\/pl\/wp-json\/wp\/v2\/media\/19832"}],"wp:attachment":[{"href":"https:\/\/evokaii.com\/pl\/wp-json\/wp\/v2\/media?parent=19800"}],"wp:term":[{"taxonomy":"product_brand","embeddable":true,"href":"https:\/\/evokaii.com\/pl\/wp-json\/wp\/v2\/product_brand?post=19800"},{"taxonomy":"product_cat","embeddable":true,"href":"https:\/\/evokaii.com\/pl\/wp-json\/wp\/v2\/product_cat?post=19800"},{"taxonomy":"product_tag","embeddable":true,"href":"https:\/\/evokaii.com\/pl\/wp-json\/wp\/v2\/product_tag?post=19800"}],"curies":[{"name":"wp","href":"https:\/\/api.w.org\/{rel}","templated":true}]}}