{"id":19898,"date":"2024-09-12T19:02:09","date_gmt":"2024-11-14T20:55:23","guid":{"rendered":"https:\/\/evokaii.com\/?post_type=product&#038;p=19898"},"modified":"2025-07-14T21:27:06","modified_gmt":"2025-07-14T19:27:06","slug":"aloha-dress-black-copy","status":"publish","type":"product","link":"https:\/\/evokaii.com\/pl\/produkt\/aloha-dress-black-copy\/","title":{"rendered":"Aloha Dress &#8211; Midnight Black"},"content":{"rendered":"<h3>Aloha Dress &#8211; Midnight Black<\/h3>\n<p>Sukienka bez r\u0119kaw\u00f3w Aloha wykonana jest z wysokogatunkowej, bardzo przyjemnej w dotyku dzianiny singlowej.<br \/>\nSukienka ma g\u0142\u0119bokie wyci\u0119cie na plecach, kt\u00f3re dodaje jej charakteru. Rami\u0105czka s\u0105 wi\u0105zane co umo\u017cliwia regulowanie g\u0142\u0119boko\u015bci dekoltu z przodu oraz wyci\u0119cia na plecach.<br \/>\nSk\u0142ad: 94% viskoza 6% elastan.<br \/>\nSukienka idealnie dopasowuje si\u0119 do wi\u0119kszo\u015bci sylwetek.<\/p>\n<p>kolor: czarny.<br \/>\nModelka ma 166cm i nosi rozmiar M.<br \/>\nWyprodukowano w Polsce.<\/p>\n","protected":false},"excerpt":{"rendered":"<p>\u2299 Letnia sukienka bez r\u0119kaw\u00f3w<br \/>\n\u2299 Prosty Design<br \/>\n\u2299 Otwarte plecy z ciekawym wzorem<\/p>\n","protected":false},"featured_media":19912,"comment_status":"open","ping_status":"closed","template":"","meta":{"_acf_changed":false},"product_brand":[],"product_cat":[1101,154],"product_tag":[2799,2546,2636,190,2797],"class_list":{"0":"post-19898","1":"product","2":"type-product","3":"status-publish","4":"has-post-thumbnail","6":"product_cat-nowosci","7":"product_cat-sukienki","8":"product_tag-aloha-dress-pl","9":"product_tag-beach-dress-pl","10":"product_tag-black-dress-pl","11":"product_tag-sukienka","12":"product_tag-summer-dress-pl","13":"product_shipping_class-small","15":"first","16":"instock","17":"shipping-taxable","18":"purchasable","19":"product-type-variable","20":"has-default-attributes"},"acf":[],"_links":{"self":[{"href":"https:\/\/evokaii.com\/pl\/wp-json\/wp\/v2\/product\/19898","targetHints":{"allow":["GET"]}}],"collection":[{"href":"https:\/\/evokaii.com\/pl\/wp-json\/wp\/v2\/product"}],"about":[{"href":"https:\/\/evokaii.com\/pl\/wp-json\/wp\/v2\/types\/product"}],"replies":[{"embeddable":true,"href":"https:\/\/evokaii.com\/pl\/wp-json\/wp\/v2\/comments?post=19898"}],"wp:featuredmedia":[{"embeddable":true,"href":"https:\/\/evokaii.com\/pl\/wp-json\/wp\/v2\/media\/19912"}],"wp:attachment":[{"href":"https:\/\/evokaii.com\/pl\/wp-json\/wp\/v2\/media?parent=19898"}],"wp:term":[{"taxonomy":"product_brand","embeddable":true,"href":"https:\/\/evokaii.com\/pl\/wp-json\/wp\/v2\/product_brand?post=19898"},{"taxonomy":"product_cat","embeddable":true,"href":"https:\/\/evokaii.com\/pl\/wp-json\/wp\/v2\/product_cat?post=19898"},{"taxonomy":"product_tag","embeddable":true,"href":"https:\/\/evokaii.com\/pl\/wp-json\/wp\/v2\/product_tag?post=19898"}],"curies":[{"name":"wp","href":"https:\/\/api.w.org\/{rel}","templated":true}]}}