{"id":19927,"date":"2024-09-12T19:16:56","date_gmt":"2024-11-14T20:55:22","guid":{"rendered":"https:\/\/evokaii.com\/?post_type=product&#038;p=19927"},"modified":"2024-11-14T22:55:22","modified_gmt":"2024-11-14T20:55:22","slug":"longsleeve-pocket-peach-pink-copy-copy-copy-2","status":"publish","type":"product","link":"https:\/\/evokaii.com\/pl\/produkt\/longsleeve-pocket-peach-pink-copy-copy-copy-2\/","title":{"rendered":"T-shirt Cactus"},"content":{"rendered":"<h3>T-shirt &#8211; Kaktusowym<\/h3>\n<p>T-shirt o delikatnym kroju oversize w kolorze zielonym- kaktusowym wykonany jest z mi\u0142ej dzianiny singlowej w pr\u0105\u017cek o sk\u0142adzie 97% bawe\u0142na i 3% elastan. Bluzka ma wyko\u0144czenie w tzw &#8220;serek&#8221; przy szyji, a d\u00f3\u0142 jest poszerzony. Ty\u0142 bluzki jest lekko d\u0142u\u017cszy ni\u017c prz\u00f3d.<\/p>\n<p>Modelka ma na sobie rozmiar M, wzrost 166cm.<\/p>\n<p>Wyprodukowano w Polsce.<\/p>\n","protected":false},"excerpt":{"rendered":"<p>\u2299 Delikatnie paskowany<br \/>\n\u2299 Jednolity kolor do kombinacji Mix &amp; Match<br \/>\n\u2299 Super mi\u0119kka<\/p>\n","protected":false},"featured_media":19939,"comment_status":"open","ping_status":"closed","template":"","meta":{"_acf_changed":false},"product_brand":[],"product_cat":[1101,158],"product_tag":[],"class_list":{"0":"post-19927","1":"product","2":"type-product","3":"status-publish","4":"has-post-thumbnail","6":"product_cat-nowosci","7":"product_cat-tops-pl","8":"product_shipping_class-small","10":"first","11":"instock","12":"shipping-taxable","13":"purchasable","14":"product-type-variable"},"acf":[],"_links":{"self":[{"href":"https:\/\/evokaii.com\/pl\/wp-json\/wp\/v2\/product\/19927","targetHints":{"allow":["GET"]}}],"collection":[{"href":"https:\/\/evokaii.com\/pl\/wp-json\/wp\/v2\/product"}],"about":[{"href":"https:\/\/evokaii.com\/pl\/wp-json\/wp\/v2\/types\/product"}],"replies":[{"embeddable":true,"href":"https:\/\/evokaii.com\/pl\/wp-json\/wp\/v2\/comments?post=19927"}],"wp:featuredmedia":[{"embeddable":true,"href":"https:\/\/evokaii.com\/pl\/wp-json\/wp\/v2\/media\/19939"}],"wp:attachment":[{"href":"https:\/\/evokaii.com\/pl\/wp-json\/wp\/v2\/media?parent=19927"}],"wp:term":[{"taxonomy":"product_brand","embeddable":true,"href":"https:\/\/evokaii.com\/pl\/wp-json\/wp\/v2\/product_brand?post=19927"},{"taxonomy":"product_cat","embeddable":true,"href":"https:\/\/evokaii.com\/pl\/wp-json\/wp\/v2\/product_cat?post=19927"},{"taxonomy":"product_tag","embeddable":true,"href":"https:\/\/evokaii.com\/pl\/wp-json\/wp\/v2\/product_tag?post=19927"}],"curies":[{"name":"wp","href":"https:\/\/api.w.org\/{rel}","templated":true}]}}