{"id":19988,"date":"2024-09-12T19:36:36","date_gmt":"2024-09-12T17:36:37","guid":{"rendered":"https:\/\/evokaii.com\/?post_type=product&#038;p=19988"},"modified":"2024-11-14T23:13:31","modified_gmt":"2024-11-14T21:13:31","slug":"candy-top-cactus-green","status":"publish","type":"product","link":"https:\/\/evokaii.com\/pl\/produkt\/candy-top-cactus-green\/","title":{"rendered":"Candy Top &#8211; Cactus Green"},"content":{"rendered":"<h3>Candy Top &#8211; Cactus Green<\/h3>\n<p style=\"text-align: justify;\">Pr\u0105\u017ckowany Top w kolorze zieleni kaktusowej wykonany jest z mi\u0142ej dzianiny singlowej o sk\u0142adzie 97% bawe\u0142na i 3% elastan. Top ma okr\u0105g\u0142e, szerokie wyci\u0119cie przy szyi. Idealnie sprawdzi si\u0119 do spodni, spodniczek czy szort\u00f3w.<\/p>\n<p style=\"text-align: justify;\">Modelka ma na sobie rozmiar M, wzrost 166cm.<\/p>\n<p style=\"text-align: justify;\">Wyprodukowano w Polsce.<\/p>\n","protected":false},"excerpt":{"rendered":"<p>\u2299 Cactus Green Kolor<br \/>\n\u2299 Mi\u0119kka bawe\u0142niana dzianina<br \/>\n\u2299 Okr\u0105g\u0142y dekolt<\/p>\n","protected":false},"featured_media":19998,"comment_status":"open","ping_status":"closed","template":"","meta":{"_acf_changed":false},"product_brand":[],"product_cat":[1101,158],"product_tag":[2803,2784,2805,205,2804],"class_list":{"0":"post-19988","1":"product","2":"type-product","3":"status-publish","4":"has-post-thumbnail","6":"product_cat-nowosci","7":"product_cat-tops-pl","8":"product_tag-bawelna","9":"product_tag-czarny","10":"product_tag-lato","11":"product_tag-tank-top-pl","12":"product_tag-top-pl","13":"product_shipping_class-small","15":"first","16":"instock","17":"shipping-taxable","18":"purchasable","19":"product-type-variable"},"acf":[],"_links":{"self":[{"href":"https:\/\/evokaii.com\/pl\/wp-json\/wp\/v2\/product\/19988","targetHints":{"allow":["GET"]}}],"collection":[{"href":"https:\/\/evokaii.com\/pl\/wp-json\/wp\/v2\/product"}],"about":[{"href":"https:\/\/evokaii.com\/pl\/wp-json\/wp\/v2\/types\/product"}],"replies":[{"embeddable":true,"href":"https:\/\/evokaii.com\/pl\/wp-json\/wp\/v2\/comments?post=19988"}],"wp:featuredmedia":[{"embeddable":true,"href":"https:\/\/evokaii.com\/pl\/wp-json\/wp\/v2\/media\/19998"}],"wp:attachment":[{"href":"https:\/\/evokaii.com\/pl\/wp-json\/wp\/v2\/media?parent=19988"}],"wp:term":[{"taxonomy":"product_brand","embeddable":true,"href":"https:\/\/evokaii.com\/pl\/wp-json\/wp\/v2\/product_brand?post=19988"},{"taxonomy":"product_cat","embeddable":true,"href":"https:\/\/evokaii.com\/pl\/wp-json\/wp\/v2\/product_cat?post=19988"},{"taxonomy":"product_tag","embeddable":true,"href":"https:\/\/evokaii.com\/pl\/wp-json\/wp\/v2\/product_tag?post=19988"}],"curies":[{"name":"wp","href":"https:\/\/api.w.org\/{rel}","templated":true}]}}