{"id":20007,"date":"2024-09-12T23:04:08","date_gmt":"2024-11-14T20:55:17","guid":{"rendered":"https:\/\/evokaii.com\/?post_type=product&#038;p=20007"},"modified":"2024-11-14T22:55:17","modified_gmt":"2024-11-14T20:55:17","slug":"candy-top-black-copy-copy","status":"publish","type":"product","link":"https:\/\/evokaii.com\/pl\/produkt\/candy-top-black-copy-copy\/","title":{"rendered":"Candy Top &#8211; Pudrowego R\u00f3\u017cu"},"content":{"rendered":"<h3>Candy Top &#8211; Pudrowego R\u00f3\u017cu<\/h3>\n<p style=\"text-align: justify;\">Pr\u0105\u017ckowany Top w kolorze pudrowego r\u00f3\u017cu wykonany jest z mi\u0142ej dzianiny singlowej o sk\u0142adzie 90% wiskoza i 10% elastan. Top ma okr\u0105g\u0142e, szerokie wyci\u0119cie przy szyi. Idealnie sprawdzi si\u0119 do spodni, spodniczek czy szort\u00f3w.<\/p>\n<p style=\"text-align: justify;\">Modelka ma na sobie rozmiar M, wzrost 166cm.<\/p>\n<p style=\"text-align: justify;\">Wyprodukowano w Polsce.<\/p>\n","protected":false},"excerpt":{"rendered":"<p>\u2299 Pudrowego R\u00f3\u017cu Kolor<br \/>\n\u2299 Mi\u0119kka bawe\u0142niana dzianina<br \/>\n\u2299 Okr\u0105g\u0142y dekolt<\/p>\n","protected":false},"featured_media":20020,"comment_status":"open","ping_status":"closed","template":"","meta":{"_acf_changed":false},"product_brand":[],"product_cat":[1101,158],"product_tag":[2803,2805,1322,205,2804],"class_list":{"0":"post-20007","1":"product","2":"type-product","3":"status-publish","4":"has-post-thumbnail","6":"product_cat-nowosci","7":"product_cat-tops-pl","8":"product_tag-bawelna","9":"product_tag-lato","10":"product_tag-rozowy","11":"product_tag-tank-top-pl","12":"product_tag-top-pl","13":"product_shipping_class-small","15":"first","16":"instock","17":"shipping-taxable","18":"purchasable","19":"product-type-variable"},"acf":[],"_links":{"self":[{"href":"https:\/\/evokaii.com\/pl\/wp-json\/wp\/v2\/product\/20007","targetHints":{"allow":["GET"]}}],"collection":[{"href":"https:\/\/evokaii.com\/pl\/wp-json\/wp\/v2\/product"}],"about":[{"href":"https:\/\/evokaii.com\/pl\/wp-json\/wp\/v2\/types\/product"}],"replies":[{"embeddable":true,"href":"https:\/\/evokaii.com\/pl\/wp-json\/wp\/v2\/comments?post=20007"}],"wp:featuredmedia":[{"embeddable":true,"href":"https:\/\/evokaii.com\/pl\/wp-json\/wp\/v2\/media\/20020"}],"wp:attachment":[{"href":"https:\/\/evokaii.com\/pl\/wp-json\/wp\/v2\/media?parent=20007"}],"wp:term":[{"taxonomy":"product_brand","embeddable":true,"href":"https:\/\/evokaii.com\/pl\/wp-json\/wp\/v2\/product_brand?post=20007"},{"taxonomy":"product_cat","embeddable":true,"href":"https:\/\/evokaii.com\/pl\/wp-json\/wp\/v2\/product_cat?post=20007"},{"taxonomy":"product_tag","embeddable":true,"href":"https:\/\/evokaii.com\/pl\/wp-json\/wp\/v2\/product_tag?post=20007"}],"curies":[{"name":"wp","href":"https:\/\/api.w.org\/{rel}","templated":true}]}}