{"id":2652,"date":"2017-11-05T18:33:50","date_gmt":"2017-11-05T18:33:50","guid":{"rendered":"http:\/\/3.127.24.41\/product\/aloha-short-coat\/"},"modified":"2020-11-30T12:14:04","modified_gmt":"2020-11-30T10:14:04","slug":"aloha-plaszcz-szary","status":"publish","type":"product","link":"https:\/\/evokaii.com\/pl\/produkt\/aloha-plaszcz-szary\/","title":{"rendered":"Aloha P\u0142aszcz Szary"},"content":{"rendered":"<h2>Szary p\u0142aszcz damski Aloha<\/h2>\n<p style=\"text-align: justify\">Wykonany z bawe\u0142ny szary p\u0142aszcz damski Aloha jest lekki i ciep\u0142y. D\u0142ugi r\u0119kaw i du\u017cy kaptur zapewni\u0105 wygod\u0119 i sprawdz\u0105 si\u0119 ka\u017cdego dnia, niezale\u017cnie od temperatury za oknem. Idealny zar\u00f3wno na co dzie\u0144, do pracy, jak i podczas weekendu na \u0142onie natury. Dost\u0119pny w rozmiarach S-M oraz M-L. Zapinany na ramieniu p\u0142aszcz z kapturem si\u0119ga bioder. Jego prosty kr\u00f3j i uniwersalny, szary kolor b\u0119dzie \u015bwietnie pasowa\u0142 do ka\u017cdej figury i typu urody.<\/p>\n<p style=\"text-align: justify\">Szary p\u0142aszcz mo\u017cna dopasowa\u0107 do wielu r\u00f3\u017cnorodnych stylizacji. B\u0119dzie si\u0119 \u015bwietnie komponowa\u0142 zar\u00f3wno z eleganck\u0105 sukienk\u0105 i szpilkami, jak r\u00f3wnie\u017c z <a href=\"https:\/\/evokaii.com\/pl\/kategoria-produktu\/spodnie\/\">wygodnymi spodniami<\/a> i sportowym obuwiem. P\u0142aszcz z kapturem jest obowi\u0105zkow\u0105 pozycj\u0105 w szafie kobiety w ka\u017cdym wieku. Jego kr\u00f3j i kolor pozwalaj\u0105 na to, by nosi\u0107 go z dowolnymi dodatkami. Zapewnia wygod\u0119 i swobod\u0119 ruch\u00f3w. Ponadczasowy p\u0142aszcz nie wyjdzie z mody, dzi\u0119ki czemu b\u0119dzie m\u00f3g\u0142 z powodzeniem s\u0142u\u017cy\u0107 przez lata. Dodatkow\u0105 zalet\u0105 p\u0142aszcza Aloha jest \u0142atwo\u015b\u0107 w\u00a0utrzymaniu jego czysto\u015bci. Naturalny materia\u0142 jest mi\u0119kki i przyjemny w dotyku.<\/p>\n","protected":false},"excerpt":{"rendered":"<p>\u2299 Mi\u0119kka, gruba dzianina bawe\u0142niana<br \/>\n\u2299 Idealne po\u0142\u0105czenie do sukienek i spodni<br \/>\n\u2299 Mo\u017cna nosic na kilka sposob\u00f3w<br \/>\n\u2299 Zapinany na ramieniu na nap\u0119<\/p>\n","protected":false},"featured_media":6649,"comment_status":"open","ping_status":"closed","template":"","meta":{"_acf_changed":false},"product_brand":[],"product_cat":[153],"product_tag":[196],"class_list":{"0":"post-2652","1":"product","2":"type-product","3":"status-publish","4":"has-post-thumbnail","6":"product_cat-plaszcze","7":"product_tag-plaszcze","8":"product_shipping_class-medium","9":"pa_colour-pattern-fioletowy","10":"pa_colour-pattern-niebieski","11":"pa_colour-pattern-ocean-pl","12":"pa_colour-pattern-szary","14":"first","15":"outofstock","16":"shipping-taxable","17":"product-type-variable"},"acf":[],"_links":{"self":[{"href":"https:\/\/evokaii.com\/pl\/wp-json\/wp\/v2\/product\/2652","targetHints":{"allow":["GET"]}}],"collection":[{"href":"https:\/\/evokaii.com\/pl\/wp-json\/wp\/v2\/product"}],"about":[{"href":"https:\/\/evokaii.com\/pl\/wp-json\/wp\/v2\/types\/product"}],"replies":[{"embeddable":true,"href":"https:\/\/evokaii.com\/pl\/wp-json\/wp\/v2\/comments?post=2652"}],"wp:featuredmedia":[{"embeddable":true,"href":"https:\/\/evokaii.com\/pl\/wp-json\/wp\/v2\/media\/6649"}],"wp:attachment":[{"href":"https:\/\/evokaii.com\/pl\/wp-json\/wp\/v2\/media?parent=2652"}],"wp:term":[{"taxonomy":"product_brand","embeddable":true,"href":"https:\/\/evokaii.com\/pl\/wp-json\/wp\/v2\/product_brand?post=2652"},{"taxonomy":"product_cat","embeddable":true,"href":"https:\/\/evokaii.com\/pl\/wp-json\/wp\/v2\/product_cat?post=2652"},{"taxonomy":"product_tag","embeddable":true,"href":"https:\/\/evokaii.com\/pl\/wp-json\/wp\/v2\/product_tag?post=2652"}],"curies":[{"name":"wp","href":"https:\/\/api.w.org\/{rel}","templated":true}]}}