{"id":2656,"date":"2017-11-05T18:50:06","date_gmt":"2017-11-05T18:50:06","guid":{"rendered":"http:\/\/3.127.24.41\/product\/hood-flower\/"},"modified":"2020-11-30T12:14:04","modified_gmt":"2020-11-30T10:14:04","slug":"hood-flower","status":"publish","type":"product","link":"https:\/\/evokaii.com\/pl\/produkt\/hood-flower\/","title":{"rendered":"Hood Flower"},"content":{"rendered":"<h3>Hood Flower &#8211; Long Tailed Hoodie<\/h3>\n<p class=\"p1\">&#8220;Hood Flower&#8221; to jeden z naszych zmodyfikowanych klasyk\u00f3w. Jest to odmiana &#8220;<a href=\"http:\/\/evokaii.com\/product\/freestyle\/\">Freestyle Long-Tailed-Sweater<\/a>&#8220;, ale zamiast oryginalnego nadruku kite-girl, w kapturze i kieszeniach znajduje si\u0119 kwiatowy wz\u00f3r. R\u00f3wnie\u017c na tej bluzie z kapturem jest nasz upcycled haft kitesurfingowy na boku. Ze wzgl\u0119du na d\u0142ugi kr\u00f3j,&#8221;Long-Tailed Hoodie&#8221; jest wi\u0119kszy ni\u017c kr\u00f3tsze bluzy przez co masz pewno\u015b\u0107 \u017ce b\u0119dzie tobie ciep\u0142o.<\/p>\n","protected":false},"excerpt":{"rendered":"<p>\u2299 Du\u017cy kaptur<br \/>\n\u2299 D\u0142uga cz\u0119\u015b\u0107 tylna<br \/>\n\u2299 Zestaw haftu &#8220;Upcycled&#8221;<br \/>\n\u2299 Super wygodne i ciep\u0142e<\/p>\n","protected":false},"featured_media":4467,"comment_status":"open","ping_status":"closed","template":"","meta":{"_acf_changed":false},"product_brand":[],"product_cat":[155],"product_tag":[181,184,187],"class_list":{"0":"post-2656","1":"product","2":"type-product","3":"status-publish","4":"has-post-thumbnail","6":"product_cat-bluzy-damskie","7":"product_tag-bluzy","8":"product_tag-kwiat","9":"product_tag-wyjatkowo-dlugi","11":"first","12":"outofstock","13":"shipping-taxable","14":"purchasable","15":"product-type-simple"},"acf":[],"_links":{"self":[{"href":"https:\/\/evokaii.com\/pl\/wp-json\/wp\/v2\/product\/2656","targetHints":{"allow":["GET"]}}],"collection":[{"href":"https:\/\/evokaii.com\/pl\/wp-json\/wp\/v2\/product"}],"about":[{"href":"https:\/\/evokaii.com\/pl\/wp-json\/wp\/v2\/types\/product"}],"replies":[{"embeddable":true,"href":"https:\/\/evokaii.com\/pl\/wp-json\/wp\/v2\/comments?post=2656"}],"wp:featuredmedia":[{"embeddable":true,"href":"https:\/\/evokaii.com\/pl\/wp-json\/wp\/v2\/media\/4467"}],"wp:attachment":[{"href":"https:\/\/evokaii.com\/pl\/wp-json\/wp\/v2\/media?parent=2656"}],"wp:term":[{"taxonomy":"product_brand","embeddable":true,"href":"https:\/\/evokaii.com\/pl\/wp-json\/wp\/v2\/product_brand?post=2656"},{"taxonomy":"product_cat","embeddable":true,"href":"https:\/\/evokaii.com\/pl\/wp-json\/wp\/v2\/product_cat?post=2656"},{"taxonomy":"product_tag","embeddable":true,"href":"https:\/\/evokaii.com\/pl\/wp-json\/wp\/v2\/product_tag?post=2656"}],"curies":[{"name":"wp","href":"https:\/\/api.w.org\/{rel}","templated":true}]}}