{"id":2663,"date":"2017-11-27T21:13:48","date_gmt":"2017-11-27T21:13:49","guid":{"rendered":"http:\/\/3.127.24.41\/?post_type=product&#038;p=2663"},"modified":"2020-11-30T12:13:56","modified_gmt":"2020-11-30T10:13:56","slug":"aloha-plaszcz-stripes","status":"publish","type":"product","link":"https:\/\/evokaii.com\/pl\/produkt\/aloha-plaszcz-stripes\/","title":{"rendered":"Aloha P\u0142aszcz Stripes"},"content":{"rendered":"<h3>Aloha P\u0142aszcz &#8211; Stripes &#8211; Women Hooded Summer Coat<\/h3>\n<p class=\"p1\">Super przytulny p\u0142aszcz do ogrzania, czy to po sesji surfingowej na pla\u017cy czy w ciep\u0142e letnie noce. Szczotkowana bawe\u0142na utrzymuje ciep\u0142o w ka\u017cdej sytuacji. \u015awietny do \u0142\u0105czenia z sukienkami, sp\u00f3dnicami i innymi ubraniami. Idealny wyb\u00f3r, je\u015bli nie jeste\u015b pewna, czy powinna\u015b zabra\u0107 ze sob\u0105 kurtk\u0119 lub sweter.<\/p>\n","protected":false},"excerpt":{"rendered":"<p>\u2299 Super wygodny letni p\u0142aszcz \/ pelerynka<br \/>\n\u2299 Przyciski do zamykania<br \/>\n\u2299 Maritime pasek wz\u00f3r<br \/>\n\u2299 Boczne kieszenie<\/p>\n","protected":false},"featured_media":2649,"comment_status":"open","ping_status":"closed","template":"","meta":{"_acf_changed":false},"product_brand":[],"product_cat":[153],"product_tag":[211],"class_list":{"0":"post-2663","1":"product","2":"type-product","3":"status-publish","4":"has-post-thumbnail","6":"product_cat-plaszcze","7":"product_tag-paski","8":"product_shipping_class-medium","10":"first","11":"outofstock","12":"shipping-taxable","13":"product-type-variable","14":"has-default-attributes"},"acf":[],"_links":{"self":[{"href":"https:\/\/evokaii.com\/pl\/wp-json\/wp\/v2\/product\/2663","targetHints":{"allow":["GET"]}}],"collection":[{"href":"https:\/\/evokaii.com\/pl\/wp-json\/wp\/v2\/product"}],"about":[{"href":"https:\/\/evokaii.com\/pl\/wp-json\/wp\/v2\/types\/product"}],"replies":[{"embeddable":true,"href":"https:\/\/evokaii.com\/pl\/wp-json\/wp\/v2\/comments?post=2663"}],"wp:featuredmedia":[{"embeddable":true,"href":"https:\/\/evokaii.com\/pl\/wp-json\/wp\/v2\/media\/2649"}],"wp:attachment":[{"href":"https:\/\/evokaii.com\/pl\/wp-json\/wp\/v2\/media?parent=2663"}],"wp:term":[{"taxonomy":"product_brand","embeddable":true,"href":"https:\/\/evokaii.com\/pl\/wp-json\/wp\/v2\/product_brand?post=2663"},{"taxonomy":"product_cat","embeddable":true,"href":"https:\/\/evokaii.com\/pl\/wp-json\/wp\/v2\/product_cat?post=2663"},{"taxonomy":"product_tag","embeddable":true,"href":"https:\/\/evokaii.com\/pl\/wp-json\/wp\/v2\/product_tag?post=2663"}],"curies":[{"name":"wp","href":"https:\/\/api.w.org\/{rel}","templated":true}]}}