{"id":2707,"date":"2017-11-27T22:01:08","date_gmt":"2017-11-27T22:01:08","guid":{"rendered":"http:\/\/3.127.24.41\/product\/kangoo\/"},"modified":"2020-11-30T12:13:56","modified_gmt":"2020-11-30T10:13:56","slug":"kangoo","status":"publish","type":"product","link":"https:\/\/evokaii.com\/pl\/produkt\/kangoo\/","title":{"rendered":"Kangoo"},"content":{"rendered":"<h3>Oversized Hoodie &#8211; Kangoo Style<\/h3>\n<p class=\"p1\">Ta ponadgabarytowa bluza z kapturem jest opisywana przez nasz wz\u00f3r falowy. Lu\u017any kr\u00f3j mo\u017cna \u0142\u0105czy\u0107 ze wszystkim. Ta bluza z pewno\u015bci\u0105 zapewni Ci ciep\u0142o po treningu na pla\u017cy lub na snowboardzie.<\/p>\n","protected":false},"excerpt":{"rendered":"<p>\u2299 Bluza z kapturem<br \/>\n\u2299 Rozmiar oversize<br \/>\n\u2299 Kangurowa kieszenie<\/p>\n","protected":false},"featured_media":2633,"comment_status":"open","ping_status":"closed","template":"","meta":{"_acf_changed":false},"product_brand":[],"product_cat":[155,2721],"product_tag":[],"class_list":{"0":"post-2707","1":"product","2":"type-product","3":"status-publish","4":"has-post-thumbnail","6":"product_cat-bluzy-damskie","7":"product_cat-bluzy-oversize","9":"first","10":"outofstock","11":"sale","12":"shipping-taxable","13":"purchasable","14":"product-type-variable","15":"has-default-attributes"},"acf":[],"_links":{"self":[{"href":"https:\/\/evokaii.com\/pl\/wp-json\/wp\/v2\/product\/2707","targetHints":{"allow":["GET"]}}],"collection":[{"href":"https:\/\/evokaii.com\/pl\/wp-json\/wp\/v2\/product"}],"about":[{"href":"https:\/\/evokaii.com\/pl\/wp-json\/wp\/v2\/types\/product"}],"replies":[{"embeddable":true,"href":"https:\/\/evokaii.com\/pl\/wp-json\/wp\/v2\/comments?post=2707"}],"wp:featuredmedia":[{"embeddable":true,"href":"https:\/\/evokaii.com\/pl\/wp-json\/wp\/v2\/media\/2633"}],"wp:attachment":[{"href":"https:\/\/evokaii.com\/pl\/wp-json\/wp\/v2\/media?parent=2707"}],"wp:term":[{"taxonomy":"product_brand","embeddable":true,"href":"https:\/\/evokaii.com\/pl\/wp-json\/wp\/v2\/product_brand?post=2707"},{"taxonomy":"product_cat","embeddable":true,"href":"https:\/\/evokaii.com\/pl\/wp-json\/wp\/v2\/product_cat?post=2707"},{"taxonomy":"product_tag","embeddable":true,"href":"https:\/\/evokaii.com\/pl\/wp-json\/wp\/v2\/product_tag?post=2707"}],"curies":[{"name":"wp","href":"https:\/\/api.w.org\/{rel}","templated":true}]}}