{"id":2870,"date":"2017-11-30T15:35:51","date_gmt":"2017-11-30T15:35:51","guid":{"rendered":"http:\/\/3.127.24.41\/product\/keg\/"},"modified":"2023-05-24T21:30:28","modified_gmt":"2023-05-24T19:30:28","slug":"keg","status":"publish","type":"product","link":"https:\/\/evokaii.com\/pl\/produkt\/keg\/","title":{"rendered":"Keg"},"content":{"rendered":"<h2>Mini sp\u00f3dniczka Keg<\/h2>\n<p style=\"text-align: justify\">Kr\u00f3tka sp\u00f3dniczka zawsze b\u0119dzie doskona\u0142ym pomys\u0142em na wiosn\u0119 oraz lato, poniewa\u017c idealnie koresponduje ona z panuj\u0105cymi temperaturami. Ten model przyci\u0105ga wzrok przede wszystkim swoim klasycznym wykonaniem. Prosty kr\u00f3j, lekkie rozszerzenie na dole sprawiaj\u0105, \u017ce tego typu mini sp\u00f3dniczka doskonale le\u017cy na ka\u017cdej figurze. Dodatkowo wyposa\u017cona zosta\u0142a w sznurek w tym samym kolorze, kt\u00f3ry pomaga na lepsze dopasowanie jej do szeroko\u015bci bioder. Uniwersalny, szary kolor jest hitem nadchodz\u0105cego sezonu. Kr\u00f3tka sp\u00f3dniczka zosta\u0142a wykonana w 100% ze szczotkowanej bawe\u0142ny, a wi\u0119c idealnie trzyma ciep\u0142o, a ponadto jest przyjemna w dotyku. Do wyboru s\u0105 trzy rozmiary- S, M oraz L.<\/p>\n<p style=\"text-align: justify\">Sp\u00f3dniczka z bawe\u0142ny b\u0119dzie pasowa\u0107 paniom, kt\u00f3re szukaj\u0105 uniwersalnych ubra\u0144 i chc\u0105 podkre\u015bli\u0107 atuty swojej sylwetki. Mini sp\u00f3dniczka posiada dwie kieszonki, kt\u00f3re rozmieszczone zosta\u0142y po bokach. Sp\u00f3dniczka ta dobrze b\u0119dzie wygl\u0105da\u0142a, zar\u00f3wno ze swetrem, jak i bardziej eleganck\u0105 koszul\u0105.<\/p>\n","protected":false},"excerpt":{"rendered":"<p>\u2299 Mi\u0119kka, szczotkowana bawe\u0142na<br \/>\n\u2299 Dwie boczne kieszenie<br \/>\n\u2299 Regulowany pasek<\/p>\n","protected":false},"featured_media":2868,"comment_status":"open","ping_status":"closed","template":"","meta":{"_acf_changed":false},"product_brand":[],"product_cat":[2207],"product_tag":[],"class_list":{"0":"post-2870","1":"product","2":"type-product","3":"status-publish","4":"has-post-thumbnail","6":"product_cat-wyprzedaz","8":"first","9":"outofstock","10":"sale","11":"shipping-taxable","12":"purchasable","13":"product-type-variable","14":"has-default-attributes"},"acf":[],"_links":{"self":[{"href":"https:\/\/evokaii.com\/pl\/wp-json\/wp\/v2\/product\/2870","targetHints":{"allow":["GET"]}}],"collection":[{"href":"https:\/\/evokaii.com\/pl\/wp-json\/wp\/v2\/product"}],"about":[{"href":"https:\/\/evokaii.com\/pl\/wp-json\/wp\/v2\/types\/product"}],"replies":[{"embeddable":true,"href":"https:\/\/evokaii.com\/pl\/wp-json\/wp\/v2\/comments?post=2870"}],"wp:featuredmedia":[{"embeddable":true,"href":"https:\/\/evokaii.com\/pl\/wp-json\/wp\/v2\/media\/2868"}],"wp:attachment":[{"href":"https:\/\/evokaii.com\/pl\/wp-json\/wp\/v2\/media?parent=2870"}],"wp:term":[{"taxonomy":"product_brand","embeddable":true,"href":"https:\/\/evokaii.com\/pl\/wp-json\/wp\/v2\/product_brand?post=2870"},{"taxonomy":"product_cat","embeddable":true,"href":"https:\/\/evokaii.com\/pl\/wp-json\/wp\/v2\/product_cat?post=2870"},{"taxonomy":"product_tag","embeddable":true,"href":"https:\/\/evokaii.com\/pl\/wp-json\/wp\/v2\/product_tag?post=2870"}],"curies":[{"name":"wp","href":"https:\/\/api.w.org\/{rel}","templated":true}]}}