{"id":2882,"date":"2017-11-30T16:07:40","date_gmt":"2017-11-30T16:07:40","guid":{"rendered":"http:\/\/3.127.24.41\/product\/kickflip\/"},"modified":"2024-05-19T18:51:54","modified_gmt":"2024-05-19T16:51:54","slug":"kickflip","status":"publish","type":"product","link":"https:\/\/evokaii.com\/pl\/produkt\/kickflip\/","title":{"rendered":"Kickflip"},"content":{"rendered":"<h2>Rozkloszowana sukienka Kickflip<\/h2>\n<p style=\"text-align: justify\">Wygodna i kobieca &#8211; taka w\u0142a\u015bnie jest prezentowana sukienka. Model ten dost\u0119pny jest w czterech rozmiarach: S, M, L oraz XL. Sukienka zosta\u0142o wykonana z mi\u0119kkiej, szczotkowanej bawe\u0142ny. Drapowana sp\u00f3dnica w kszta\u0142cie fali dobrze si\u0119 uk\u0142ada a tak\u017ce jest ciekaw\u0105 propozycj\u0105 dla pa\u0144 o figurze klepsydry, gruszki czy jab\u0142ka.<\/p>\n<p style=\"text-align: justify\">Rozkloszowana sukienka idealnie podkre\u015bla atuty kobiecej figury i maskuje ewentualne niedoskona\u0142o\u015bci. Model ten sprawdzi si\u0119 podczas letnich czy wiosennych stylizacji. Idealnie komponuje si\u0119 z lekkimi p\u0142aszczami, kt\u00f3re r\u00f3wnie\u017c dost\u0119pne s\u0105 w ofercie naszego sklepu. Do szarej sukienki mo\u017cna dopasowa\u0107 zar\u00f3wno wygodne sanda\u0142ki, jak i delikatne cz\u00f3\u0142enka &#8211; nadaj\u0105c jej tym samym bardziej eleganckiego charakteru. Minimalistyczny design produktu jest te\u017c idealnym t\u0142em dla ciekawej bi\u017cuterii oraz wyrazistej kolorystyki dodatk\u00f3w. Zalet\u0105 rozkloszowanej sukienki jest tak\u017ce jej kolor, kt\u00f3ry pasuje do ka\u017cdej stylizacji.<\/p>\n","protected":false},"excerpt":{"rendered":"<p>\u2299 Mi\u0119kka, szczotkowana bawe\u0142na<br \/>\n\u2299 Minimalistyczny design<br \/>\n\u2299 Drapowana sp\u00f3dnica<\/p>\n","protected":false},"featured_media":2880,"comment_status":"open","ping_status":"closed","template":"","meta":{"_acf_changed":false},"product_brand":[],"product_cat":[154,2207],"product_tag":[],"class_list":{"0":"post-2882","1":"product","2":"type-product","3":"status-publish","4":"has-post-thumbnail","6":"product_cat-sukienki","7":"product_cat-wyprzedaz","8":"pa_colour-pattern-szary","10":"first","11":"instock","12":"sale","13":"shipping-taxable","14":"purchasable","15":"product-type-variable"},"acf":[],"_links":{"self":[{"href":"https:\/\/evokaii.com\/pl\/wp-json\/wp\/v2\/product\/2882","targetHints":{"allow":["GET"]}}],"collection":[{"href":"https:\/\/evokaii.com\/pl\/wp-json\/wp\/v2\/product"}],"about":[{"href":"https:\/\/evokaii.com\/pl\/wp-json\/wp\/v2\/types\/product"}],"replies":[{"embeddable":true,"href":"https:\/\/evokaii.com\/pl\/wp-json\/wp\/v2\/comments?post=2882"}],"wp:featuredmedia":[{"embeddable":true,"href":"https:\/\/evokaii.com\/pl\/wp-json\/wp\/v2\/media\/2880"}],"wp:attachment":[{"href":"https:\/\/evokaii.com\/pl\/wp-json\/wp\/v2\/media?parent=2882"}],"wp:term":[{"taxonomy":"product_brand","embeddable":true,"href":"https:\/\/evokaii.com\/pl\/wp-json\/wp\/v2\/product_brand?post=2882"},{"taxonomy":"product_cat","embeddable":true,"href":"https:\/\/evokaii.com\/pl\/wp-json\/wp\/v2\/product_cat?post=2882"},{"taxonomy":"product_tag","embeddable":true,"href":"https:\/\/evokaii.com\/pl\/wp-json\/wp\/v2\/product_tag?post=2882"}],"curies":[{"name":"wp","href":"https:\/\/api.w.org\/{rel}","templated":true}]}}