{"id":2910,"date":"2017-11-30T16:33:31","date_gmt":"2017-11-30T16:33:31","guid":{"rendered":"http:\/\/3.127.24.41\/product\/layback\/"},"modified":"2024-08-12T22:29:19","modified_gmt":"2024-08-12T20:29:19","slug":"layback","status":"publish","type":"product","link":"https:\/\/evokaii.com\/pl\/produkt\/layback\/","title":{"rendered":"Layback"},"content":{"rendered":"<h2>Szara sukienka Layback<\/h2>\n<p style=\"text-align: justify\">Szara sukienka\u00a0z d\u0142ugim r\u0119kawem. Kr\u00f3j swobodny, sportowy. Minimalistyczny fason. D\u0142ugo\u015b\u0107 przed kolano, w pasie\u00a0wszyty\u00a0sznurek do regulacji talii. Na piersi naszyta kieszonka. Sukienka uszyta z mi\u0142ej w dotyku, szczotkowanej bawe\u0142ny. Dost\u0119pna w rozmiarach od S do XL.<\/p>\n<p style=\"text-align: justify\">Wygodna bawe\u0142niana sukienka przyda si\u0119 w ka\u017cdej szafie. Dzi\u0119ki nowoczesnemu fasonowi i uniwersalnemu odcieniowi szaro\u015bci mo\u017cna stworzy\u0107 na jej podstawie stylizacje na r\u00f3\u017cne okazje. Noszona ze sportowym obuwiem b\u0119dzie \u015bwietnym strojem na spacer, a w towarzystwie szpilek w wyrazistym kolorze przeobrazi si\u0119 w kreacj\u0119 w sam raz na randk\u0119. Zastosowanie oddychaj\u0105cej bawe\u0142ny i lu\u017any kr\u00f3j czyni\u0105 z niej doskona\u0142\u0105, <a href=\"https:\/\/evokaii.com\/pl\/kategoria-produktu\/sukienki\/\">letni\u0105 sukienk\u0119<\/a>. Mi\u0119kki materia\u0142 zapewnia du\u017cy komfort noszenia, a regulowany sznurek wszyty w talii pozwala idealnie dopasowa\u0107 j\u0105 do ka\u017cdej sylwetki. Sukienka z d\u0142ugim r\u0119kawem nada si\u0119 tak\u017ce na ch\u0142odniejsze dni, zw\u0142aszcza, \u017ce \u015bwietnie wygl\u0105da noszona z kolorowymi bluzami. Wysokogatunkowa bawe\u0142na zapewni d\u0142ug\u0105 trwa\u0142o\u015b\u0107 produktu.<\/p>\n","protected":false},"excerpt":{"rendered":"<p>\u2299 Mi\u0119kka, szczotkowana bawe\u0142na<br \/>\n\u2299 Regulowany sznurek<br \/>\n\u2299 Minimalistyczny design<\/p>\n","protected":false},"featured_media":2903,"comment_status":"open","ping_status":"closed","template":"","meta":{"_acf_changed":false},"product_brand":[],"product_cat":[154,2207],"product_tag":[],"class_list":{"0":"post-2910","1":"product","2":"type-product","3":"status-publish","4":"has-post-thumbnail","6":"product_cat-sukienki","7":"product_cat-wyprzedaz","9":"first","10":"instock","11":"sale","12":"shipping-taxable","13":"purchasable","14":"product-type-variable","15":"has-default-attributes"},"acf":[],"_links":{"self":[{"href":"https:\/\/evokaii.com\/pl\/wp-json\/wp\/v2\/product\/2910","targetHints":{"allow":["GET"]}}],"collection":[{"href":"https:\/\/evokaii.com\/pl\/wp-json\/wp\/v2\/product"}],"about":[{"href":"https:\/\/evokaii.com\/pl\/wp-json\/wp\/v2\/types\/product"}],"replies":[{"embeddable":true,"href":"https:\/\/evokaii.com\/pl\/wp-json\/wp\/v2\/comments?post=2910"}],"wp:featuredmedia":[{"embeddable":true,"href":"https:\/\/evokaii.com\/pl\/wp-json\/wp\/v2\/media\/2903"}],"wp:attachment":[{"href":"https:\/\/evokaii.com\/pl\/wp-json\/wp\/v2\/media?parent=2910"}],"wp:term":[{"taxonomy":"product_brand","embeddable":true,"href":"https:\/\/evokaii.com\/pl\/wp-json\/wp\/v2\/product_brand?post=2910"},{"taxonomy":"product_cat","embeddable":true,"href":"https:\/\/evokaii.com\/pl\/wp-json\/wp\/v2\/product_cat?post=2910"},{"taxonomy":"product_tag","embeddable":true,"href":"https:\/\/evokaii.com\/pl\/wp-json\/wp\/v2\/product_tag?post=2910"}],"curies":[{"name":"wp","href":"https:\/\/api.w.org\/{rel}","templated":true}]}}