{"id":4334,"date":"2018-05-29T12:16:33","date_gmt":"2018-05-29T12:16:34","guid":{"rendered":"http:\/\/3.127.24.41\/?post_type=product&#038;p=4334"},"modified":"2020-11-30T12:13:55","modified_gmt":"2020-11-30T10:13:55","slug":"bombora-long","status":"publish","type":"product","link":"https:\/\/evokaii.com\/pl\/produkt\/bombora-long\/","title":{"rendered":"Bombora Long"},"content":{"rendered":"<h3>Surferska Bluza Bombora Long<\/h3>\n<p style=\"text-align: justify\"><strong>Bombora Long<\/strong>\u00a0to damska\u00a0<strong>d\u0142uga bluza z kapturem<\/strong>\u00a0wykonana z\u00a0<strong>najwy\u017cszej jako\u015bci bawe\u0142ny<\/strong>, kt\u00f3ra gwarantuje pe\u0142en komfort i wygod\u0119. Dodatek\u00a0<strong>poliestru<\/strong>\u00a0(10%) sprawia, \u017ce odzie\u017c \u015bwietnie dopasowuje si\u0119 do ka\u017cdej sylwetki. Bluza ozdobiona zosta\u0142a wzorem inspirowanym wygl\u0105dem prawdziwych, morskich fal. Na boku umieszczono naszywk\u0119 z logo firmy. Ca\u0142o\u015b\u0107 utrzymana jest w wyj\u0105tkowym Surf-Style. Bluza posiada\u00a0<strong>kaptur szyty na zak\u0142adk\u0119<\/strong>\u00a0oraz\u00a0<strong>du\u017c\u0105 kiesze\u0144<\/strong>\u00a0kangura. Dost\u0119pna w rozmiarach od S do L.<\/p>\n<p style=\"text-align: justify\">Bombora Long to\u00a0<strong>d\u0142uga surferska bluza<\/strong>, idealna na ch\u0142odniejsze dni. Gwarantuje ciep\u0142o i pe\u0142en komfort przy ka\u017cdego rodzaju aktywno\u015bci. Oferowana<strong>\u00a0niebieska bluza<\/strong>\u00a0jest niezwykle stylowa i \u015bwietnie wpasuje si\u0119 w ka\u017cd\u0105 m\u0142odzie\u017cow\u0105 stylizacj\u0119. D\u00f3\u0142 bluzy oraz r\u0119kawy zako\u0144czone zosta\u0142y elastycznymi \u015bci\u0105gaczami, tak aby odzie\u017c jeszcze lepiej dopasowywa\u0142a si\u0119 do kszta\u0142tu cia\u0142a. Na ko\u0144cu r\u0119kaw\u00f3w znajduj\u0105 si\u0119 wygodne otwory na kciuki. Tego typu <a href=\"https:\/\/evokaii.com\/pl\/kategoria-produktu\/bluzy\/\">bluzy damskie<\/a> prezentuj\u0105 si\u0119 \u015bwietnie i sprawdzaj\u0105 si\u0119 przy ka\u017cdego rodzaju pogodzie.<\/p>\n","protected":false},"excerpt":{"rendered":"<p>\u2299 Du\u017cy kaptur na zak\u0142adk\u0119<br \/>\n\u2299 Kiesze\u0144 typu kangur<br \/>\n\u2299 Surf-Style<br \/>\n\u2299 Fason przed\u0142u\u017cany<\/p>\n","protected":false},"featured_media":4645,"comment_status":"open","ping_status":"closed","template":"","meta":{"_acf_changed":false},"product_brand":[],"product_cat":[155],"product_tag":[181,193,200,187],"class_list":{"0":"post-4334","1":"product","2":"type-product","3":"status-publish","4":"has-post-thumbnail","6":"product_cat-bluzy-damskie","7":"product_tag-bluzy","8":"product_tag-duzy-kaptur","9":"product_tag-fala","10":"product_tag-wyjatkowo-dlugi","11":"product_shipping_class-medium","13":"first","14":"outofstock","15":"sale","16":"shipping-taxable","17":"product-type-variable"},"acf":[],"_links":{"self":[{"href":"https:\/\/evokaii.com\/pl\/wp-json\/wp\/v2\/product\/4334","targetHints":{"allow":["GET"]}}],"collection":[{"href":"https:\/\/evokaii.com\/pl\/wp-json\/wp\/v2\/product"}],"about":[{"href":"https:\/\/evokaii.com\/pl\/wp-json\/wp\/v2\/types\/product"}],"replies":[{"embeddable":true,"href":"https:\/\/evokaii.com\/pl\/wp-json\/wp\/v2\/comments?post=4334"}],"wp:featuredmedia":[{"embeddable":true,"href":"https:\/\/evokaii.com\/pl\/wp-json\/wp\/v2\/media\/4645"}],"wp:attachment":[{"href":"https:\/\/evokaii.com\/pl\/wp-json\/wp\/v2\/media?parent=4334"}],"wp:term":[{"taxonomy":"product_brand","embeddable":true,"href":"https:\/\/evokaii.com\/pl\/wp-json\/wp\/v2\/product_brand?post=4334"},{"taxonomy":"product_cat","embeddable":true,"href":"https:\/\/evokaii.com\/pl\/wp-json\/wp\/v2\/product_cat?post=4334"},{"taxonomy":"product_tag","embeddable":true,"href":"https:\/\/evokaii.com\/pl\/wp-json\/wp\/v2\/product_tag?post=4334"}],"curies":[{"name":"wp","href":"https:\/\/api.w.org\/{rel}","templated":true}]}}