{"id":5004,"date":"2018-09-14T09:19:31","date_gmt":"2018-09-14T09:19:33","guid":{"rendered":"http:\/\/3.127.24.41\/?post_type=product&#038;p=5004"},"modified":"2021-03-02T15:13:04","modified_gmt":"2021-03-02T13:13:04","slug":"bombora-ocean","status":"publish","type":"product","link":"https:\/\/evokaii.com\/pl\/produkt\/bombora-ocean\/","title":{"rendered":"Bombora Ocean"},"content":{"rendered":"<h2>Morska Bluza Bombora Ocean<\/h2>\n<p><strong>Bluza Bombora Ocean<\/strong>\u00a0to najwy\u017cszej jako\u015bci bluza sportowa inspirowana stylem\u00a0<strong>surf-style<\/strong>. Uszyta zosta\u0142a ze specjalnej\u00a0<strong>mieszanki bawe\u0142ny z poliestrem<\/strong>\u00a0(bawe\u0142na 90%, poliester 10%). Sprawia to, \u017ce odzie\u017c jest niezwykle mi\u0142a w dotyku i wygodna. Jednocze\u015bnie zapewnia sk\u00f3rze mo\u017cliwo\u015b\u0107 oddychania i przewiewno\u015b\u0107. Dost\u0119pna jest w szerokiej rozmiar\u00f3wce,\u00a0<strong>od S do XL<\/strong>. Oferowana<strong>\u00a0bluza surf<\/strong>-style posiada bardzo du\u017cy\u00a0<strong>kaptur na zak\u0142adk\u0119<\/strong>. Z przodu naszyta zosta\u0142a<strong>\u00a0kiesze\u0144 w szarym kolorze<\/strong>\u00a0idealnie wsp\u00f3\u0142graj\u0105cym z\u00a0<strong>morsk\u0105 zieleni\u0105 swetra<\/strong>. D\u0142ugie r\u0119kawy zako\u0144czone s\u0105<strong>\u00a0\u015bci\u0105gaczami<\/strong>\u00a0wyposa\u017cone w otw\u00f3r na kciuka.<\/p>\n<p>Bombora Ocean to\u00a0<strong>bluza jasnozielona<\/strong>\u00a0o charakterze sportowym, kt\u00f3ra sprawdzi si\u0119 idealnie do codziennych aktywno\u015bci. Jest niezwykle\u00a0<strong>ciep\u0142a i wygodna<\/strong>. Otula cia\u0142o niczym kocyk, zapewniaj\u0105c sk\u00f3rze pe\u0142en komfort. Tego rodzaju <a href=\"https:\/\/evokaii.com\/pl\/kategoria-produktu\/bluzy\/\">bluzy damskie<\/a> nadaj\u0105 si\u0119 na ka\u017cdy jesienny spacer oraz zimowe popo\u0142udnia. Mo\u017cna wykorzysta\u0107 je podczas wysi\u0142ku fizycznego lub po prostu codziennego wypoczynku w domowym zaciszu lub na \u0142onie natury.<\/p>\n","protected":false},"excerpt":{"rendered":"<p>\u2299 Du\u017cy kaptur<br \/>\n\u2299 K<span class=\"s1\">aptur na zak\u0142adk\u0119<br \/>\n<\/span> \u2299 Clean Ocean Surf-Style<br \/>\n\u2299 Super wygodny i ciep\u0142y<\/p>\n","protected":false},"featured_media":6136,"comment_status":"open","ping_status":"closed","template":"","meta":{"_acf_changed":false},"product_brand":[],"product_cat":[155,2207],"product_tag":[181],"class_list":{"0":"post-5004","1":"product","2":"type-product","3":"status-publish","4":"has-post-thumbnail","6":"product_cat-bluzy-damskie","7":"product_cat-wyprzedaz","8":"product_tag-bluzy","10":"first","11":"outofstock","12":"shipping-taxable","13":"purchasable","14":"product-type-variable","15":"has-default-attributes"},"acf":[],"_links":{"self":[{"href":"https:\/\/evokaii.com\/pl\/wp-json\/wp\/v2\/product\/5004","targetHints":{"allow":["GET"]}}],"collection":[{"href":"https:\/\/evokaii.com\/pl\/wp-json\/wp\/v2\/product"}],"about":[{"href":"https:\/\/evokaii.com\/pl\/wp-json\/wp\/v2\/types\/product"}],"replies":[{"embeddable":true,"href":"https:\/\/evokaii.com\/pl\/wp-json\/wp\/v2\/comments?post=5004"}],"wp:featuredmedia":[{"embeddable":true,"href":"https:\/\/evokaii.com\/pl\/wp-json\/wp\/v2\/media\/6136"}],"wp:attachment":[{"href":"https:\/\/evokaii.com\/pl\/wp-json\/wp\/v2\/media?parent=5004"}],"wp:term":[{"taxonomy":"product_brand","embeddable":true,"href":"https:\/\/evokaii.com\/pl\/wp-json\/wp\/v2\/product_brand?post=5004"},{"taxonomy":"product_cat","embeddable":true,"href":"https:\/\/evokaii.com\/pl\/wp-json\/wp\/v2\/product_cat?post=5004"},{"taxonomy":"product_tag","embeddable":true,"href":"https:\/\/evokaii.com\/pl\/wp-json\/wp\/v2\/product_tag?post=5004"}],"curies":[{"name":"wp","href":"https:\/\/api.w.org\/{rel}","templated":true}]}}