{"id":5326,"date":"2018-11-21T11:10:38","date_gmt":"2018-11-21T09:10:42","guid":{"rendered":"http:\/\/3.127.24.41\/?post_type=product&#038;p=5326"},"modified":"2020-11-30T12:13:53","modified_gmt":"2020-11-30T10:13:53","slug":"big-hood-niebieski","status":"publish","type":"product","link":"https:\/\/evokaii.com\/pl\/produkt\/big-hood-niebieski\/","title":{"rendered":"Big Hood Niebieski"},"content":{"rendered":"<h2>Niebieska bluza z kapturem: Big Hood Niebieski<\/h2>\n<p class=\"p1\" style=\"text-align: justify\">Jedna z naszych pierwszych bluz, kt\u00f3ra sta\u0142a si\u0119 absolutnym klasykiem. Minimalistyczny design z doskona\u0142\u0105 kombinacj\u0105 kolor\u00f3w. Niebieska bluza oversize z kapturem to ubranie, kt\u00f3re zdecydowanie musisz mie\u0107 w swojej szafie! Dzi\u0119ki oversize&#8217;owemu krojowi bluza mi\u0119kko otula cia\u0142o i bardzo \u0142adnie uk\u0142ada si\u0119 na sylwetce. Na szczeg\u00f3ln\u0105 uwag\u0119 zas\u0142uguje jednak du\u017cy kaptur, kt\u00f3ry skutecznie ochroni g\u0142ow\u0119 przed zimnem. Bluza wyposa\u017cona jest te\u017c w stylowy ko\u0142nierz i dwie funkcjonalne kieszenie. Nasza bluza jest super wygodna i ciep\u0142a &#8211; w sk\u0142adzie ma a\u017c 90% bawe\u0142ny! Bok bluzy ozdabia zielony haft z latawcem.<\/p>\n","protected":false},"excerpt":{"rendered":"<p>\u2299 Du\u017cy kaptur<br \/>\n\u2299 Stylowy ko\u0142nierzyk<br \/>\n\u2299 Minimalistyczny design<br \/>\n\u2299 Zestaw haftu &#8220;Upcycled&#8221;<\/p>\n","protected":false},"featured_media":1127,"comment_status":"open","ping_status":"closed","template":"","meta":{"_acf_changed":false},"product_brand":[],"product_cat":[155,2701],"product_tag":[2616,2497],"class_list":{"0":"post-5326","1":"product","2":"type-product","3":"status-publish","4":"has-post-thumbnail","6":"product_cat-bluzy-damskie","7":"product_cat-bluza-z-kapturem","8":"product_tag-hoodie-with-large-hood-pl","9":"product_tag-streetwear-pl","11":"first","12":"outofstock","13":"sale","14":"shipping-taxable","15":"product-type-variable"},"acf":[],"_links":{"self":[{"href":"https:\/\/evokaii.com\/pl\/wp-json\/wp\/v2\/product\/5326","targetHints":{"allow":["GET"]}}],"collection":[{"href":"https:\/\/evokaii.com\/pl\/wp-json\/wp\/v2\/product"}],"about":[{"href":"https:\/\/evokaii.com\/pl\/wp-json\/wp\/v2\/types\/product"}],"replies":[{"embeddable":true,"href":"https:\/\/evokaii.com\/pl\/wp-json\/wp\/v2\/comments?post=5326"}],"wp:featuredmedia":[{"embeddable":true,"href":"https:\/\/evokaii.com\/pl\/wp-json\/wp\/v2\/media\/1127"}],"wp:attachment":[{"href":"https:\/\/evokaii.com\/pl\/wp-json\/wp\/v2\/media?parent=5326"}],"wp:term":[{"taxonomy":"product_brand","embeddable":true,"href":"https:\/\/evokaii.com\/pl\/wp-json\/wp\/v2\/product_brand?post=5326"},{"taxonomy":"product_cat","embeddable":true,"href":"https:\/\/evokaii.com\/pl\/wp-json\/wp\/v2\/product_cat?post=5326"},{"taxonomy":"product_tag","embeddable":true,"href":"https:\/\/evokaii.com\/pl\/wp-json\/wp\/v2\/product_tag?post=5326"}],"curies":[{"name":"wp","href":"https:\/\/api.w.org\/{rel}","templated":true}]}}