{"id":5403,"date":"2018-11-21T13:16:46","date_gmt":"2018-11-21T11:16:46","guid":{"rendered":"http:\/\/3.127.24.41\/?post_type=product&#038;p=5403"},"modified":"2020-11-30T12:13:52","modified_gmt":"2020-11-30T10:13:52","slug":"kangoo-ciemno-szary","status":"publish","type":"product","link":"https:\/\/evokaii.com\/pl\/produkt\/kangoo-ciemno-szary\/","title":{"rendered":"Kangoo Ciemno Szary"},"content":{"rendered":"<h3>Oversized Hoodie &#8211; Kangoo &#8211; Salty Dreams<\/h3>\n<p>Bluza Kangoo to bluza o lu\u017anym kroju, pasuj\u0105c\u0105 do wi\u0119kszo\u015bci sylwetek. Du\u017cy kaptur chroni przed wiatrem i zimnem. Bluza doskonale sprawdzi si\u0119 na stoku czy latem na pla\u017cy. Wykonana jest z grubej dzianiny bawe\u0142nianej.<br \/>\nBluza ma du\u017c\u0105 naszyt\u0105 kiesze\u0144 z przodu oraz nadruk &#8220;salty dreams&#8221; na plecach.<\/p>\n","protected":false},"excerpt":{"rendered":"<p>\u2299 Bluza o kroju lu\u017anym, oversizowym<br \/>\n\u2299 &#8220;Salty Dreams&#8221; Nadruk<br \/>\n\u2299 Du\u017ca kiesze\u0144 typu kangurka<\/p>\n","protected":false},"featured_media":6661,"comment_status":"open","ping_status":"closed","template":"","meta":{"_acf_changed":false},"product_brand":[],"product_cat":[155,2721],"product_tag":[2507,2506],"class_list":{"0":"post-5403","1":"product","2":"type-product","3":"status-publish","4":"has-post-thumbnail","6":"product_cat-bluzy-damskie","7":"product_cat-bluzy-oversize","8":"product_tag-kangoo-pl","9":"product_tag-oversized-pl","11":"first","12":"outofstock","13":"shipping-taxable","14":"purchasable","15":"product-type-variable"},"acf":[],"_links":{"self":[{"href":"https:\/\/evokaii.com\/pl\/wp-json\/wp\/v2\/product\/5403","targetHints":{"allow":["GET"]}}],"collection":[{"href":"https:\/\/evokaii.com\/pl\/wp-json\/wp\/v2\/product"}],"about":[{"href":"https:\/\/evokaii.com\/pl\/wp-json\/wp\/v2\/types\/product"}],"replies":[{"embeddable":true,"href":"https:\/\/evokaii.com\/pl\/wp-json\/wp\/v2\/comments?post=5403"}],"wp:featuredmedia":[{"embeddable":true,"href":"https:\/\/evokaii.com\/pl\/wp-json\/wp\/v2\/media\/6661"}],"wp:attachment":[{"href":"https:\/\/evokaii.com\/pl\/wp-json\/wp\/v2\/media?parent=5403"}],"wp:term":[{"taxonomy":"product_brand","embeddable":true,"href":"https:\/\/evokaii.com\/pl\/wp-json\/wp\/v2\/product_brand?post=5403"},{"taxonomy":"product_cat","embeddable":true,"href":"https:\/\/evokaii.com\/pl\/wp-json\/wp\/v2\/product_cat?post=5403"},{"taxonomy":"product_tag","embeddable":true,"href":"https:\/\/evokaii.com\/pl\/wp-json\/wp\/v2\/product_tag?post=5403"}],"curies":[{"name":"wp","href":"https:\/\/api.w.org\/{rel}","templated":true}]}}