{"id":5457,"date":"2018-11-21T15:10:57","date_gmt":"2018-11-21T13:11:01","guid":{"rendered":"http:\/\/3.127.24.41\/?post_type=product&#038;p=5457"},"modified":"2020-11-30T12:13:51","modified_gmt":"2020-11-30T10:13:51","slug":"big-hood-rozowy","status":"publish","type":"product","link":"https:\/\/evokaii.com\/pl\/produkt\/big-hood-rozowy\/","title":{"rendered":"Big Hood R\u00f3\u017cowy"},"content":{"rendered":"<h3>R\u00f3\u017cowa bluza z kapturem: Big Hood R\u00f3\u017cowy<\/h3>\n<p style=\"text-align: justify\">Damska bluza wykonana jest w 90% z bawe\u0142ny, reszt\u0119 sk\u0142adu stanowi poliester. Szyj\u0119 oplata stylowy ko\u0142nierz, kt\u00f3ry mo\u017cna dopasowa\u0107 do swoich potrzeb za pomoc\u0105 dw\u00f3ch tasiemek znajduj\u0105cych si\u0119 po przeciwleg\u0142ych jego ko\u0144cach. Du\u017cy, praktyczny kaptur ozdabia dekoracyjny zestaw haftu &#8220;Upcycled&#8221;. R\u00f3\u017cowa bluza z du\u017cym kapturem dost\u0119pna jest w kilku rozmiarach: od S do XL. Wyr\u00f3\u017cnia si\u0119 prost\u0105, minimalistyczn\u0105 konstrukcj\u0105, kt\u00f3ra zapewnia wygod\u0119 i swobod\u0119 ruch\u00f3w nawet w trakcie uprawiania sport\u00f3w. Atutem bluzy jest r\u00f3wnie\u017c praktyczna kiesze\u0144.<\/p>\n<p style=\"text-align: justify\">Bluza z kapturem uszyta jest w stylu surfingu, co potwierdza znaczek latawca umieszczony na boku. \u015awietnie sprawdza si\u0119 dla os\u00f3b, kt\u00f3re ceni\u0105 sobie aktywno\u015b\u0107 i \u017cycie w ci\u0105g\u0142ym biegu, szczeg\u00f3lnym upodobaniem darz\u0105c sporty wodne. Ten model doskonale si\u0119 prezentuje, ma niezwykle kobiecy design, a przy tym gwarantuje komfort termiczny. Pozwala czu\u0107 si\u0119 jednocze\u015bnie pi\u0119knie i wygodnie w sportowym wydaniu. Przewaga bawe\u0142ny w sk\u0142adzie zapewnia wysok\u0105 jako\u015b\u0107 u\u017cytkowania oraz trwa\u0142o\u015b\u0107.<\/p>\n","protected":false},"excerpt":{"rendered":"<p>\u2299 Du\u017cy kaptur<br \/>\n\u2299 Stylowy ko\u0142nierzyk<br \/>\n\u2299 Prosta konstrukcja<br \/>\n\u2299 Zestaw haftu &#8220;Upcycled&#8221;<br \/>\n\u2299 Super wygodne i ciep\u0142e<\/p>\n","protected":false},"featured_media":6088,"comment_status":"open","ping_status":"closed","template":"","meta":{"_acf_changed":false},"product_brand":[],"product_cat":[155,2701],"product_tag":[193,2589,2496,2602],"class_list":{"0":"post-5457","1":"product","2":"type-product","3":"status-publish","4":"has-post-thumbnail","6":"product_cat-bluzy-damskie","7":"product_cat-bluza-z-kapturem","8":"product_tag-duzy-kaptur","9":"product_tag-surf-hoodies-pl","10":"product_tag-surf-wear-pl","11":"product_tag-womens-surf-clothing-pl","13":"first","14":"outofstock","15":"shipping-taxable","16":"product-type-variable","17":"has-default-attributes"},"acf":[],"_links":{"self":[{"href":"https:\/\/evokaii.com\/pl\/wp-json\/wp\/v2\/product\/5457","targetHints":{"allow":["GET"]}}],"collection":[{"href":"https:\/\/evokaii.com\/pl\/wp-json\/wp\/v2\/product"}],"about":[{"href":"https:\/\/evokaii.com\/pl\/wp-json\/wp\/v2\/types\/product"}],"replies":[{"embeddable":true,"href":"https:\/\/evokaii.com\/pl\/wp-json\/wp\/v2\/comments?post=5457"}],"wp:featuredmedia":[{"embeddable":true,"href":"https:\/\/evokaii.com\/pl\/wp-json\/wp\/v2\/media\/6088"}],"wp:attachment":[{"href":"https:\/\/evokaii.com\/pl\/wp-json\/wp\/v2\/media?parent=5457"}],"wp:term":[{"taxonomy":"product_brand","embeddable":true,"href":"https:\/\/evokaii.com\/pl\/wp-json\/wp\/v2\/product_brand?post=5457"},{"taxonomy":"product_cat","embeddable":true,"href":"https:\/\/evokaii.com\/pl\/wp-json\/wp\/v2\/product_cat?post=5457"},{"taxonomy":"product_tag","embeddable":true,"href":"https:\/\/evokaii.com\/pl\/wp-json\/wp\/v2\/product_tag?post=5457"}],"curies":[{"name":"wp","href":"https:\/\/api.w.org\/{rel}","templated":true}]}}