{"id":5495,"date":"2018-11-21T15:20:02","date_gmt":"2018-11-21T13:20:06","guid":{"rendered":"http:\/\/3.127.24.41\/?post_type=product&#038;p=5495"},"modified":"2024-01-08T13:31:09","modified_gmt":"2024-01-08T11:31:09","slug":"big-hood-brazowy","status":"publish","type":"product","link":"https:\/\/evokaii.com\/pl\/produkt\/big-hood-brazowy\/","title":{"rendered":"Big Hood Br\u0105zowy"},"content":{"rendered":"<h2>Br\u0105zowa bluza z kapturem: Big Hood Br\u0105zowy<\/h2>\n<p style=\"text-align: justify\">Bluza z du\u017cym kapturem, wykonana w 90% z bawe\u0142ny i w 10% z poliestru, dost\u0119pna jest w czterech rozmiarach: S, M, L, XL. Klasyczna bluza z kapturem, zak\u0142adana przez g\u0142ow\u0119 posiada ozdobny ko\u0142nierz, zapewniaj\u0105cy ciep\u0142o i znakomity efekt wizualny. Br\u0105zowa bluza z kapturem, posiada kontrastowe elementy w kolorze koralowym wewn\u0105trz kaptura. Gustowne logo zosta\u0142o umieszczone u do\u0142u r\u0119kawa.<\/p>\n<p style=\"text-align: justify\">Bluzy Evokaii, stworzone dla mi\u0142o\u015bnik\u00f3w surfingu nie pozwalaj\u0105 zapomnie\u0107 o swojej pasji na co dzie\u0144. Przypomina o niej logo oraz kr\u00f3j, zapewniaj\u0105cy ochron\u0119 przed ch\u0142odem i przenikliwym wiatrem. Br\u0105zowa bluza oversize z kapturem jest odpowiednia na ka\u017cd\u0105 okazj\u0119 oraz ponadczasowo modna. Sprawdzi si\u0119 zar\u00f3wno podczas codziennych wyj\u015b\u0107 na spacer, jak i w czasie urlopu, gdy wreszcie mo\u017cesz by\u0107 sam na sam z falami. Wygodna, br\u0105zowa bluza z du\u017cym kapturem stanowi ochron\u0119 w przypadku zmiennych warunk\u00f3w pogodowych. Znakomita jako\u015b\u0107 wykonania oraz materia\u0142u zapewni trwa\u0142o\u015b\u0107 i doskona\u0142y wygl\u0105d podczas d\u0142ugotrwa\u0142ego u\u017cytkowania.<\/p>\n","protected":false},"excerpt":{"rendered":"<p>\u2299 Du\u017cy kaptur<br \/>\n\u2299 Stylowy ko\u0142nierzyk<br \/>\n\u2299 Ciekawy design<br \/>\n\u2299 Zestaw haftu &#8220;Upcycled&#8221;<\/p>\n","protected":false},"featured_media":6330,"comment_status":"open","ping_status":"closed","template":"","meta":{"_acf_changed":false},"product_brand":[],"product_cat":[155,2701,2207],"product_tag":[193],"class_list":{"0":"post-5495","1":"product","2":"type-product","3":"status-publish","4":"has-post-thumbnail","6":"product_cat-bluzy-damskie","7":"product_cat-bluza-z-kapturem","8":"product_cat-wyprzedaz","9":"product_tag-duzy-kaptur","11":"first","12":"instock","13":"shipping-taxable","14":"product-type-variable"},"acf":[],"_links":{"self":[{"href":"https:\/\/evokaii.com\/pl\/wp-json\/wp\/v2\/product\/5495","targetHints":{"allow":["GET"]}}],"collection":[{"href":"https:\/\/evokaii.com\/pl\/wp-json\/wp\/v2\/product"}],"about":[{"href":"https:\/\/evokaii.com\/pl\/wp-json\/wp\/v2\/types\/product"}],"replies":[{"embeddable":true,"href":"https:\/\/evokaii.com\/pl\/wp-json\/wp\/v2\/comments?post=5495"}],"wp:featuredmedia":[{"embeddable":true,"href":"https:\/\/evokaii.com\/pl\/wp-json\/wp\/v2\/media\/6330"}],"wp:attachment":[{"href":"https:\/\/evokaii.com\/pl\/wp-json\/wp\/v2\/media?parent=5495"}],"wp:term":[{"taxonomy":"product_brand","embeddable":true,"href":"https:\/\/evokaii.com\/pl\/wp-json\/wp\/v2\/product_brand?post=5495"},{"taxonomy":"product_cat","embeddable":true,"href":"https:\/\/evokaii.com\/pl\/wp-json\/wp\/v2\/product_cat?post=5495"},{"taxonomy":"product_tag","embeddable":true,"href":"https:\/\/evokaii.com\/pl\/wp-json\/wp\/v2\/product_tag?post=5495"}],"curies":[{"name":"wp","href":"https:\/\/api.w.org\/{rel}","templated":true}]}}