{"id":5653,"date":"2018-11-21T17:57:51","date_gmt":"2018-11-21T15:57:55","guid":{"rendered":"http:\/\/3.127.24.41\/?post_type=product&#038;p=5653"},"modified":"2020-11-30T12:13:48","modified_gmt":"2020-11-30T10:13:48","slug":"zipper-wave-niebieski","status":"publish","type":"product","link":"https:\/\/evokaii.com\/pl\/produkt\/zipper-wave-niebieski\/","title":{"rendered":"Zipper Wave Niebieski"},"content":{"rendered":"<h2>Niebieska Bluza: Zipper Wave Niebieski<\/h2>\n<p style=\"text-align: justify\">Rozpinana, niebieska bluza z kapturem i kontrastowymi, r\u00f3\u017cowymi elementami w postaci zamka, troczk\u00f3w oraz du\u017cego logo w tylnej cz\u0119\u015bci, wykonana jest w 90% z bawe\u0142ny, w 10% z poliestru. \u015aredniej grubo\u015bci tkanina oraz przed\u0142u\u017cony fason zapewniaj\u0105 ochron\u0119 przed ch\u0142odem oraz wiatrem. Rozpinana bluza dost\u0119pna jest w rozmiarach S, M, L i XL. Posiada wygodny, du\u017cy ko\u0142nierz, dodatkowo chroni\u0105cy przed wiatrem. Sprawdzi si\u0119 na co dzie\u0144 oraz podczas weekendowych wycieczek.<\/p>\n<p style=\"text-align: justify\">Dzi\u0119ki tej niebieskiej bluzie z r\u00f3\u017cowymi wstawkami wyr\u00f3\u017cnisz si\u0119 z t\u0142umu, a doskona\u0142a jako\u015b\u0107 materia\u0142\u00f3w pozwoli cieszy\u0107 si\u0119 bluz\u0105 przez d\u0142ugi czas. Idealnie pasuje do sportowej jak i codziennej stylizacji.<\/p>\n","protected":false},"excerpt":{"rendered":"<p>\u2299 Wysoki ko\u0142nierzyk<br \/>\n\u2299 Praktyczny zamek b\u0142yskawiczny<br \/>\n\u2299 Jasny kontrast kolor\u00f3w<br \/>\n\u2299 Minimalistyczny design<br \/>\n\u2299 Zestaw haftu &#8220;Upcycled&#8221;<\/p>\n","protected":false},"featured_media":6104,"comment_status":"open","ping_status":"closed","template":"","meta":{"_acf_changed":false},"product_brand":[],"product_cat":[155],"product_tag":[181,200,220],"class_list":{"0":"post-5653","1":"product","2":"type-product","3":"status-publish","4":"has-post-thumbnail","6":"product_cat-bluzy-damskie","7":"product_tag-bluzy","8":"product_tag-fala","9":"product_tag-zipper-pl","11":"first","12":"outofstock","13":"shipping-taxable","14":"product-type-variable"},"acf":[],"_links":{"self":[{"href":"https:\/\/evokaii.com\/pl\/wp-json\/wp\/v2\/product\/5653","targetHints":{"allow":["GET"]}}],"collection":[{"href":"https:\/\/evokaii.com\/pl\/wp-json\/wp\/v2\/product"}],"about":[{"href":"https:\/\/evokaii.com\/pl\/wp-json\/wp\/v2\/types\/product"}],"replies":[{"embeddable":true,"href":"https:\/\/evokaii.com\/pl\/wp-json\/wp\/v2\/comments?post=5653"}],"wp:featuredmedia":[{"embeddable":true,"href":"https:\/\/evokaii.com\/pl\/wp-json\/wp\/v2\/media\/6104"}],"wp:attachment":[{"href":"https:\/\/evokaii.com\/pl\/wp-json\/wp\/v2\/media?parent=5653"}],"wp:term":[{"taxonomy":"product_brand","embeddable":true,"href":"https:\/\/evokaii.com\/pl\/wp-json\/wp\/v2\/product_brand?post=5653"},{"taxonomy":"product_cat","embeddable":true,"href":"https:\/\/evokaii.com\/pl\/wp-json\/wp\/v2\/product_cat?post=5653"},{"taxonomy":"product_tag","embeddable":true,"href":"https:\/\/evokaii.com\/pl\/wp-json\/wp\/v2\/product_tag?post=5653"}],"curies":[{"name":"wp","href":"https:\/\/api.w.org\/{rel}","templated":true}]}}