{"id":5692,"date":"2018-11-21T20:37:51","date_gmt":"2018-11-21T18:37:54","guid":{"rendered":"http:\/\/3.127.24.41\/?post_type=product&#038;p=5692"},"modified":"2021-08-04T11:59:26","modified_gmt":"2021-08-04T09:59:26","slug":"zipper-wave-rozowy","status":"publish","type":"product","link":"https:\/\/evokaii.com\/pl\/produkt\/zipper-wave-rozowy\/","title":{"rendered":"Zipper Wave R\u00f3\u017cowy"},"content":{"rendered":"<h2>R\u00f3\u017cowa bluza z kapturem: Zipper Wave R\u00f3\u017cowy<\/h2>\n<p>Zipper Wave\u00a0to niezwykle stylowa\u00a0r\u00f3\u017cowa bluza z kapturem. Wykonana zosta\u0142a z najwy\u017cszej jako\u015bci\u00a0bawe\u0142ny\u00a0\u015bredniej grubo\u015bci, zapewniaj\u0105cej ciep\u0142o w ch\u0142odne dni. Dodatek\u00a0poliestru sprawia, \u017ce bluza doskonale dopasowuje si\u0119 do kszta\u0142t\u00f3w cia\u0142a i podkre\u015bla figur\u0119. Oferowana r\u00f3\u017cowa rozpinana bluza jest niezwykle praktyczna i uniwersalna. Nadaje si\u0119 na co dzie\u0144 dla kobiet w ka\u017cdym wieku. Na plecach oraz na boku posiada specjalny haft. Bluza dost\u0119pna jest w rozmiarach od S do XL.<\/p>\n<p>Bluza Zipper Wave zosta\u0142a wyposa\u017cona w kaptur z wysok\u0105 st\u00f3jk\u0105. Jest to niezwykle modne, ale r\u00f3wnie\u017c wygodne rozwi\u0105zanie na ch\u0142odne lub deszczowe dni. Bluza damska utrzymana jest w \u017cywych, kontrastuj\u0105cych kolorach, kt\u00f3re nadadz\u0105 oryginalnego i weso\u0142ego stylu Twojej codziennej kreacji. Jednocze\u015bnie minimalistyczny design sprawia, \u017ce doskonale pasuje do niemal ka\u017cdej stylizacji.<\/p>\n","protected":false},"excerpt":{"rendered":"<p>\u2299 Wysoki ko\u0142nierzyk<br \/>\n\u2299 Praktyczny zamek b\u0142yskawiczny<br \/>\n\u2299 Kontrastowe kolory<br \/>\n\u2299 Minimalistyczny design<br \/>\n\u2299 Zestaw haftu &#8220;Upcycled&#8221;<\/p>\n","protected":false},"featured_media":6063,"comment_status":"open","ping_status":"closed","template":"","meta":{"_acf_changed":false},"product_brand":[],"product_cat":[155],"product_tag":[181,200,220],"class_list":{"0":"post-5692","1":"product","2":"type-product","3":"status-publish","4":"has-post-thumbnail","6":"product_cat-bluzy-damskie","7":"product_tag-bluzy","8":"product_tag-fala","9":"product_tag-zipper-pl","11":"first","12":"outofstock","13":"sale","14":"shipping-taxable","15":"purchasable","16":"product-type-variable"},"acf":[],"_links":{"self":[{"href":"https:\/\/evokaii.com\/pl\/wp-json\/wp\/v2\/product\/5692","targetHints":{"allow":["GET"]}}],"collection":[{"href":"https:\/\/evokaii.com\/pl\/wp-json\/wp\/v2\/product"}],"about":[{"href":"https:\/\/evokaii.com\/pl\/wp-json\/wp\/v2\/types\/product"}],"replies":[{"embeddable":true,"href":"https:\/\/evokaii.com\/pl\/wp-json\/wp\/v2\/comments?post=5692"}],"wp:featuredmedia":[{"embeddable":true,"href":"https:\/\/evokaii.com\/pl\/wp-json\/wp\/v2\/media\/6063"}],"wp:attachment":[{"href":"https:\/\/evokaii.com\/pl\/wp-json\/wp\/v2\/media?parent=5692"}],"wp:term":[{"taxonomy":"product_brand","embeddable":true,"href":"https:\/\/evokaii.com\/pl\/wp-json\/wp\/v2\/product_brand?post=5692"},{"taxonomy":"product_cat","embeddable":true,"href":"https:\/\/evokaii.com\/pl\/wp-json\/wp\/v2\/product_cat?post=5692"},{"taxonomy":"product_tag","embeddable":true,"href":"https:\/\/evokaii.com\/pl\/wp-json\/wp\/v2\/product_tag?post=5692"}],"curies":[{"name":"wp","href":"https:\/\/api.w.org\/{rel}","templated":true}]}}