{"id":5730,"date":"2018-11-21T20:45:13","date_gmt":"2018-11-21T18:45:17","guid":{"rendered":"http:\/\/3.127.24.41\/?post_type=product&#038;p=5730"},"modified":"2022-10-14T17:24:55","modified_gmt":"2022-10-14T15:24:55","slug":"zipper-wave-fioletowy","status":"publish","type":"product","link":"https:\/\/evokaii.com\/pl\/produkt\/zipper-wave-fioletowy\/","title":{"rendered":"Zipper Wave Fioletowy"},"content":{"rendered":"<h2>Fioletowa Bluza z Kapturem: Zipper Wave Fioletowy<\/h2>\n<p>Nasza klasyczna bluza z kapturem zamiast ko\u0142nierza posiada wysok\u0105 st\u00f3jk\u0119. Ciep\u0142y materia\u0142, tu\u017c pod szyj\u0105, chroni przed dzia\u0142aniem czynnik\u00f3w zewn\u0119trznych takich jak: niska temperatura i wiatr. Podobn\u0105 funkcj\u0119 pe\u0142ni kaptur, kt\u00f3ry mo\u017cna r\u00f3wnie\u017c za\u0142o\u017cy\u0107 w czasie deszczu. Praktyczny zamek b\u0142yskawiczny pozwala zapi\u0105\u0107 lub rozpi\u0105\u0107 materia\u0142 w dowolnym momencie. W produkcji bluzy zastosowano bawe\u0142n\u0119 (90%) oraz poliester (10%), dost\u0119pna jest w kilku, standardowych rozmiarach: S, M, L oraz XL.<\/p>\n<p>Nasza\u00a0fioletowa <a href=\"https:\/\/evokaii.com\/pl\/kategoria-produktu\/bluzy\/\">bluza z kapturem<\/a> wyr\u00f3\u017cnia si\u0119 minimalistyczn\u0105 form\u0105 oraz kolorem, kt\u00f3ry prze\u0142amuje nowoczesny haft widoczny na kapturze oraz na tylnej cz\u0119\u015bci materia\u0142u, a tak\u017ce kontrastuj\u0105ca jasna barwa zamka i dodatk\u00f3w. Bluza posiada\u00a0elastyczne wstawki w okolicy bioder i nadgarstk\u00f3w, dzi\u0119ki czemu nasi klienci maj\u0105 jeszcze wi\u0119kszy komfort u\u017cytkowania. W przedniej cz\u0119\u015bci umieszczono dwie praktyczne kieszenie, w kt\u00f3rych mo\u017cna schowa\u0107 drobne przedmioty lub w\u0142o\u017cy\u0107 r\u0119ce. Estetyk\u0119 bluzy zwi\u0119ksza naszywane logo oraz klasyczny ju\u017c haft kitesurfingowy.<\/p>\n","protected":false},"excerpt":{"rendered":"<p>\u2299 Wysoki ko\u0142nierzyk<br \/>\n\u2299 Praktyczny zamek b\u0142yskawiczny<br \/>\n\u2299 Jasny kontrast kolor\u00f3w<br \/>\n\u2299 Minimalistyczny design<br \/>\n\u2299 Zestaw haftu &#8220;Upcycled&#8221;<\/p>\n","protected":false},"featured_media":1155,"comment_status":"open","ping_status":"closed","template":"","meta":{"_acf_changed":false},"product_brand":[],"product_cat":[155],"product_tag":[181,200,220],"class_list":{"0":"post-5730","1":"product","2":"type-product","3":"status-publish","4":"has-post-thumbnail","6":"product_cat-bluzy-damskie","7":"product_tag-bluzy","8":"product_tag-fala","9":"product_tag-zipper-pl","11":"first","12":"outofstock","13":"sale","14":"shipping-taxable","15":"purchasable","16":"product-type-variable","17":"has-default-attributes"},"acf":[],"_links":{"self":[{"href":"https:\/\/evokaii.com\/pl\/wp-json\/wp\/v2\/product\/5730","targetHints":{"allow":["GET"]}}],"collection":[{"href":"https:\/\/evokaii.com\/pl\/wp-json\/wp\/v2\/product"}],"about":[{"href":"https:\/\/evokaii.com\/pl\/wp-json\/wp\/v2\/types\/product"}],"replies":[{"embeddable":true,"href":"https:\/\/evokaii.com\/pl\/wp-json\/wp\/v2\/comments?post=5730"}],"wp:featuredmedia":[{"embeddable":true,"href":"https:\/\/evokaii.com\/pl\/wp-json\/wp\/v2\/media\/1155"}],"wp:attachment":[{"href":"https:\/\/evokaii.com\/pl\/wp-json\/wp\/v2\/media?parent=5730"}],"wp:term":[{"taxonomy":"product_brand","embeddable":true,"href":"https:\/\/evokaii.com\/pl\/wp-json\/wp\/v2\/product_brand?post=5730"},{"taxonomy":"product_cat","embeddable":true,"href":"https:\/\/evokaii.com\/pl\/wp-json\/wp\/v2\/product_cat?post=5730"},{"taxonomy":"product_tag","embeddable":true,"href":"https:\/\/evokaii.com\/pl\/wp-json\/wp\/v2\/product_tag?post=5730"}],"curies":[{"name":"wp","href":"https:\/\/api.w.org\/{rel}","templated":true}]}}