{"id":5759,"date":"2018-11-21T21:17:05","date_gmt":"2018-11-21T19:17:07","guid":{"rendered":"http:\/\/3.127.24.41\/?post_type=product&#038;p=5759"},"modified":"2020-11-30T12:13:48","modified_gmt":"2020-11-30T10:13:48","slug":"kangoo-fale","status":"publish","type":"product","link":"https:\/\/evokaii.com\/pl\/produkt\/kangoo-fale\/","title":{"rendered":"Kangoo Fale"},"content":{"rendered":"<h3>Oversized Hoodie &#8211; Kangoo &#8211; Fale<\/h3>\n<p class=\"p1\">Ta ponadgabarytowa bluza z kapturem jest opisywana przez nasz wz\u00f3r falowy. Lu\u017any kr\u00f3j mo\u017cna \u0142\u0105czy\u0107 ze wszystkim. Ta bluza z pewno\u015bci\u0105 zapewni Ci ciep\u0142o po treningu na pla\u017cy lub na snowboardzie.<\/p>\n","protected":false},"excerpt":{"rendered":"<p>\u2299 Bluza o kroju lu\u017anym, oversizowym<br \/>\n\u2299 Fale Nadruk<br \/>\n\u2299 Du\u017ca kiesze\u0144 typu kangurka<\/p>\n","protected":false},"featured_media":6835,"comment_status":"open","ping_status":"closed","template":"","meta":{"_acf_changed":false},"product_brand":[],"product_cat":[155,2721],"product_tag":[2506],"class_list":{"0":"post-5759","1":"product","2":"type-product","3":"status-publish","4":"has-post-thumbnail","6":"product_cat-bluzy-damskie","7":"product_cat-bluzy-oversize","8":"product_tag-oversized-pl","10":"first","11":"outofstock","12":"shipping-taxable","13":"purchasable","14":"product-type-variable"},"acf":[],"_links":{"self":[{"href":"https:\/\/evokaii.com\/pl\/wp-json\/wp\/v2\/product\/5759","targetHints":{"allow":["GET"]}}],"collection":[{"href":"https:\/\/evokaii.com\/pl\/wp-json\/wp\/v2\/product"}],"about":[{"href":"https:\/\/evokaii.com\/pl\/wp-json\/wp\/v2\/types\/product"}],"replies":[{"embeddable":true,"href":"https:\/\/evokaii.com\/pl\/wp-json\/wp\/v2\/comments?post=5759"}],"wp:featuredmedia":[{"embeddable":true,"href":"https:\/\/evokaii.com\/pl\/wp-json\/wp\/v2\/media\/6835"}],"wp:attachment":[{"href":"https:\/\/evokaii.com\/pl\/wp-json\/wp\/v2\/media?parent=5759"}],"wp:term":[{"taxonomy":"product_brand","embeddable":true,"href":"https:\/\/evokaii.com\/pl\/wp-json\/wp\/v2\/product_brand?post=5759"},{"taxonomy":"product_cat","embeddable":true,"href":"https:\/\/evokaii.com\/pl\/wp-json\/wp\/v2\/product_cat?post=5759"},{"taxonomy":"product_tag","embeddable":true,"href":"https:\/\/evokaii.com\/pl\/wp-json\/wp\/v2\/product_tag?post=5759"}],"curies":[{"name":"wp","href":"https:\/\/api.w.org\/{rel}","templated":true}]}}