{"id":5804,"date":"2018-11-21T21:53:27","date_gmt":"2018-11-21T19:53:25","guid":{"rendered":"http:\/\/3.127.24.41\/?post_type=product&#038;p=5804"},"modified":"2020-11-30T12:13:45","modified_gmt":"2020-11-30T10:13:45","slug":"mermaid-rozowy","status":"publish","type":"product","link":"https:\/\/evokaii.com\/pl\/produkt\/mermaid-rozowy\/","title":{"rendered":"Mermaid R\u00f3\u017cowy"},"content":{"rendered":"<h2>R\u00f3\u017cowy sweter &#8211; Mermaid<\/h2>\n<p class=\"p1\">Sweter wykonany zosta\u0142 w\u00a0<strong>100% z bawe\u0142ny<\/strong>. Jest bardzo mi\u0142y dla sk\u00f3ry, nie gryzie i nie powoduje podra\u017cnie\u0144. Jest odpowiedni dla os\u00f3b uczulonych na we\u0142n\u0119 oraz os\u00f3b z wra\u017cliw\u0105 sk\u00f3r\u0105. Dost\u0119pny jest w rozmiarach\u00a0<strong>od S do L<\/strong>. Posiada lu\u017any, ale wyprofilowany kr\u00f3j. Idealnie podkre\u015bla kszta\u0142ty jednocze\u015bnie tuszuj\u0105c ewentualne niedoskona\u0142o\u015bci. Posiada\u00a0<strong>szeroki dekolt<\/strong>. Na plecach zamieszczony zosta\u0142 specjalny,\u00a0<strong>delikatny wz\u00f3r w optyce syreny<\/strong>. Na przedniej cz\u0119\u015bci naszyto niewielk\u0105 kieszonk\u0119 dodaj\u0105c\u0105 charakteru i oryginalno\u015bci klasycznemu swetrowi. D\u0142ugie r\u0119kawy zako\u0144czono<strong>\u00a0elastycznymi \u015bci\u0105gaczami<\/strong>.<\/p>\n<p class=\"p1\">Czerwony sweter Mermaid to ciekawa alternatywa dla zwyk\u0142ej <a href=\"https:\/\/evokaii.com\/pl\/kategoria-produktu\/bluzy\/\">bluzy kobiecej<\/a>. Jest niezwykle\u00a0<strong>wygodny i praktyczny<\/strong>, a przy tym posiada w sobie nutk\u0119 elegancji. Stanowi idealn\u0105 ochron\u0119 na ch\u0142odniejsze, jesienne dni. Przyda si\u0119 tak\u017ce na letnie wieczory przy ognisku lub zimowe popo\u0142udnia w domowym zaciszu. Modne kolory sprawiaj\u0105, \u017ce sweter nadaje si\u0119 dla kobiet w ka\u017cdym wieku. Doskonale uzupe\u0142ni garderob\u0119 zar\u00f3wno nastolatki, jak i dojrza\u0142ej kobiety.<\/p>\n","protected":false},"excerpt":{"rendered":"<p>\u2299 Sweter z szerokim dekoltem<br \/>\n\u2299 Elastyczne \u015bci\u0105gacze<br \/>\n\u2299 Delikatny nadruk z ty\u0142u bluzki<br \/>\n\u2299 100% bawe\u0142na<\/p>\n","protected":false},"featured_media":1164,"comment_status":"open","ping_status":"closed","template":"","meta":{"_acf_changed":false},"product_brand":[],"product_cat":[155],"product_tag":[181,171],"class_list":{"0":"post-5804","1":"product","2":"type-product","3":"status-publish","4":"has-post-thumbnail","6":"product_cat-bluzy-damskie","7":"product_tag-bluzy","8":"product_tag-mermaid-pl","10":"first","11":"outofstock","12":"shipping-taxable","13":"purchasable","14":"product-type-variable"},"acf":[],"_links":{"self":[{"href":"https:\/\/evokaii.com\/pl\/wp-json\/wp\/v2\/product\/5804","targetHints":{"allow":["GET"]}}],"collection":[{"href":"https:\/\/evokaii.com\/pl\/wp-json\/wp\/v2\/product"}],"about":[{"href":"https:\/\/evokaii.com\/pl\/wp-json\/wp\/v2\/types\/product"}],"replies":[{"embeddable":true,"href":"https:\/\/evokaii.com\/pl\/wp-json\/wp\/v2\/comments?post=5804"}],"wp:featuredmedia":[{"embeddable":true,"href":"https:\/\/evokaii.com\/pl\/wp-json\/wp\/v2\/media\/1164"}],"wp:attachment":[{"href":"https:\/\/evokaii.com\/pl\/wp-json\/wp\/v2\/media?parent=5804"}],"wp:term":[{"taxonomy":"product_brand","embeddable":true,"href":"https:\/\/evokaii.com\/pl\/wp-json\/wp\/v2\/product_brand?post=5804"},{"taxonomy":"product_cat","embeddable":true,"href":"https:\/\/evokaii.com\/pl\/wp-json\/wp\/v2\/product_cat?post=5804"},{"taxonomy":"product_tag","embeddable":true,"href":"https:\/\/evokaii.com\/pl\/wp-json\/wp\/v2\/product_tag?post=5804"}],"curies":[{"name":"wp","href":"https:\/\/api.w.org\/{rel}","templated":true}]}}