{"id":5898,"date":"2018-11-21T22:51:16","date_gmt":"2018-11-21T20:51:20","guid":{"rendered":"http:\/\/3.127.24.41\/?post_type=product&#038;p=5898"},"modified":"2020-11-30T12:13:44","modified_gmt":"2020-11-30T10:13:44","slug":"molokai-jasnorozowy","status":"publish","type":"product","link":"https:\/\/evokaii.com\/pl\/produkt\/molokai-jasnorozowy\/","title":{"rendered":"Molokai Jasnor\u00f3\u017cowy"},"content":{"rendered":"<h3>Molokai &#8211; Bamboo Sweater Dress<\/h3>\n<p class=\"p1\">Ta sukienka wykonana jest z delikatnej mieszaniny bawe\u0142ny i bambussu. Ma\u0142y suwak z ka\u017cdej strony pozwala zdecydowa\u0107, ile nogi chcesz pokaza\u0107 i jakie to wygodne. Z ty\u0142u delikatny kwiatowy nadruk a na przedniej stronie ma\u0142y haft Evokaii.<\/p>\n","protected":false},"excerpt":{"rendered":"<p>\u2299 Ekologiczna mieszanka tkanin bambusowych \/ bawe\u0142nianych<br \/>\n\u2299 Delikatny kwiatowy druk<br \/>\n\u2299 Regulowane suwaki boczne<\/p>\n","protected":false},"featured_media":1140,"comment_status":"open","ping_status":"closed","template":"","meta":{"_acf_changed":false},"product_brand":[],"product_cat":[154],"product_tag":[170,190],"class_list":{"0":"post-5898","1":"product","2":"type-product","3":"status-publish","4":"has-post-thumbnail","6":"product_cat-sukienki","7":"product_tag-aloha-pl","8":"product_tag-sukienka","9":"product_shipping_class-medium","11":"first","12":"outofstock","13":"sale","14":"shipping-taxable","15":"product-type-variable"},"acf":[],"_links":{"self":[{"href":"https:\/\/evokaii.com\/pl\/wp-json\/wp\/v2\/product\/5898","targetHints":{"allow":["GET"]}}],"collection":[{"href":"https:\/\/evokaii.com\/pl\/wp-json\/wp\/v2\/product"}],"about":[{"href":"https:\/\/evokaii.com\/pl\/wp-json\/wp\/v2\/types\/product"}],"replies":[{"embeddable":true,"href":"https:\/\/evokaii.com\/pl\/wp-json\/wp\/v2\/comments?post=5898"}],"wp:featuredmedia":[{"embeddable":true,"href":"https:\/\/evokaii.com\/pl\/wp-json\/wp\/v2\/media\/1140"}],"wp:attachment":[{"href":"https:\/\/evokaii.com\/pl\/wp-json\/wp\/v2\/media?parent=5898"}],"wp:term":[{"taxonomy":"product_brand","embeddable":true,"href":"https:\/\/evokaii.com\/pl\/wp-json\/wp\/v2\/product_brand?post=5898"},{"taxonomy":"product_cat","embeddable":true,"href":"https:\/\/evokaii.com\/pl\/wp-json\/wp\/v2\/product_cat?post=5898"},{"taxonomy":"product_tag","embeddable":true,"href":"https:\/\/evokaii.com\/pl\/wp-json\/wp\/v2\/product_tag?post=5898"}],"curies":[{"name":"wp","href":"https:\/\/api.w.org\/{rel}","templated":true}]}}