{"id":5947,"date":"2018-11-21T23:34:33","date_gmt":"2018-11-21T21:34:35","guid":{"rendered":"http:\/\/3.127.24.41\/?post_type=product&#038;p=5947"},"modified":"2019-11-07T05:55:22","modified_gmt":"2019-11-07T03:55:22","slug":"samoa-rozowy","status":"publish","type":"product","link":"https:\/\/evokaii.com\/pl\/produkt\/samoa-rozowy\/","title":{"rendered":"Samoa R\u00f3\u017cowy"},"content":{"rendered":"<h2>R\u00f3\u017cowy t-shirt Samoa<\/h2>\n<p style=\"text-align: justify\">R\u00f3\u017cowy t-shirt to dodatek, kt\u00f3rego nie mo\u017ce zabrakn\u0105\u0107 w garderobie kobiety. G\u0142\u00f3wnie dlatego, i\u017c na jego podstawie mo\u017cna stworzy\u0107 wiele stylizacji. T-shirt Samoa wykonany jest z przyjaznej dla \u015brodowiska tkaniny bambusowej z dodatkiem elastyny, kt\u00f3ra sprawia, \u017ce bluzka otula nasze cia\u0142o i jest bardzo mi\u0142a w dotyku. W dolnym roku t-shirtu znajduje si\u0119 nadruk w postaci kwiatka, kt\u00f3ry dodaje dziewcz\u0119cego look&#8217;u. Bluzka\u00a0 dost\u0119pna jest w czterech r\u00f3\u017cnych rozmiarach, czyli S, M, L oraz XL.<\/p>\n<p style=\"text-align: justify\">R\u00f3\u017cowy t-shirt nadaje si\u0119 dla kobiet w ka\u017cdym wieku. Na jego podstawie stworzy\u0107 mo\u017cna, zar\u00f3wno sportowe, jak i dziewcz\u0119ce stylizacje. Wszystko zale\u017cne jest od rodzaju dobranych dodatk\u00f3w. Mo\u017cna na przyk\u0142ad zestawi\u0107 go z jeansami i tym samym stworzy\u0107 codzienn\u0105, wygodn\u0105 stylizacj\u0119, a mo\u017cna tak\u017ce ubra\u0107 r\u00f3\u017cowy t-shirt do sp\u00f3dniczki i tym samym doda\u0107 klasy ca\u0142ej stylizacji.<\/p>\n","protected":false},"excerpt":{"rendered":"<p>\u2299 Delikatny kwiatowy nadruk<br \/>\n\u2299 Tkanina bambusowa<br \/>\n\u2299 Prosty kr\u00f3j<\/p>\n","protected":false},"featured_media":1230,"comment_status":"open","ping_status":"closed","template":"","meta":{"_acf_changed":false},"product_brand":[],"product_cat":[158],"product_tag":[],"class_list":{"0":"post-5947","1":"product","2":"type-product","3":"status-publish","4":"has-post-thumbnail","6":"product_cat-tops-pl","8":"first","9":"outofstock","10":"shipping-taxable","11":"product-type-variable"},"acf":[],"_links":{"self":[{"href":"https:\/\/evokaii.com\/pl\/wp-json\/wp\/v2\/product\/5947","targetHints":{"allow":["GET"]}}],"collection":[{"href":"https:\/\/evokaii.com\/pl\/wp-json\/wp\/v2\/product"}],"about":[{"href":"https:\/\/evokaii.com\/pl\/wp-json\/wp\/v2\/types\/product"}],"replies":[{"embeddable":true,"href":"https:\/\/evokaii.com\/pl\/wp-json\/wp\/v2\/comments?post=5947"}],"wp:featuredmedia":[{"embeddable":true,"href":"https:\/\/evokaii.com\/pl\/wp-json\/wp\/v2\/media\/1230"}],"wp:attachment":[{"href":"https:\/\/evokaii.com\/pl\/wp-json\/wp\/v2\/media?parent=5947"}],"wp:term":[{"taxonomy":"product_brand","embeddable":true,"href":"https:\/\/evokaii.com\/pl\/wp-json\/wp\/v2\/product_brand?post=5947"},{"taxonomy":"product_cat","embeddable":true,"href":"https:\/\/evokaii.com\/pl\/wp-json\/wp\/v2\/product_cat?post=5947"},{"taxonomy":"product_tag","embeddable":true,"href":"https:\/\/evokaii.com\/pl\/wp-json\/wp\/v2\/product_tag?post=5947"}],"curies":[{"name":"wp","href":"https:\/\/api.w.org\/{rel}","templated":true}]}}