{"id":5970,"date":"2018-11-21T23:50:44","date_gmt":"2018-11-21T21:50:46","guid":{"rendered":"http:\/\/3.127.24.41\/?post_type=product&#038;p=5970"},"modified":"2020-11-30T12:13:43","modified_gmt":"2020-11-30T10:13:43","slug":"kitegirl-rozowy","status":"publish","type":"product","link":"https:\/\/evokaii.com\/pl\/produkt\/kitegirl-rozowy\/","title":{"rendered":"KiteGirl R\u00f3\u017cowy"},"content":{"rendered":"<h2>R\u00f3\u017cowa bluzka Kite Girl<\/h2>\n<p style=\"text-align: justify\">Ten klasyczny longsleeve zosta\u0142 stworzony z my\u015bl\u0105 o kobietach, kt\u00f3re ceni\u0105 sobie wysok\u0105 jako\u015b\u0107 produktu oraz wyrafinowan\u0105 prostot\u0119 designu. Jego uniwersalny, ponadczasowy fason sprawia, \u017ce \u015bwietnie si\u0119 sprawdzi zar\u00f3wno do klasycznych jeans\u00f3w, jak i do sportowej sp\u00f3dnicy. Ta czerwona bluzka wykonana z najwy\u017cszej klasy szczotkowanej bawe\u0142ny jest trwa\u0142a i mi\u0119kka w dotyku. To r\u00f3wnie\u017c \u015bwietny wyb\u00f3r dla os\u00f3b, kt\u00f3re prowadz\u0105 aktywny tryb \u017cycia i uprawiaj\u0105 sport. W tej r\u00f3\u017cowej bluzce z powodzeniem mo\u017cesz wybra\u0107 si\u0119 na wycieczk\u0119 rowerow\u0105, g\u00f3rsk\u0105 w\u0119dr\u00f3wk\u0119 albo jesienny spacer po lesie. Jej wielofunkcyjno\u015b\u0107 wynika z wygody, jak\u0105 zapewnia. Odwa\u017cny, soczysty malinowy kolor sprawi, \u017ce nie zginiesz w t\u0142umie i wyrazisz swoj\u0105 osobowo\u015b\u0107. Delikatny, dyskretny nadruk z boku przedstawia KiteGirl &#8211; odwa\u017cn\u0105 dziewczyn\u0119, kt\u00f3ra nie boi si\u0119 wyzwa\u0144 i rusza naprzeciw przygodzie.<\/p>\n<p>R\u00f3\u017cowa bluzka z d\u0142ugim r\u0119kawem. Z boku posiada dyskretny nadruk KiteGirl. Wykonana ze szczotkowanej bawe\u0142ny. Dost\u0119pna w rozmiarach: S, M, L.<\/p>\n","protected":false},"excerpt":{"rendered":"<p>\u2299 Mi\u0119kka, szczotkowana bawe\u0142na<br \/>\n\u2299 Nadruk KiteSurf<br \/>\n\u2299 Klasyczny design<\/p>\n","protected":false},"featured_media":1205,"comment_status":"open","ping_status":"closed","template":"","meta":{"_acf_changed":false},"product_brand":[],"product_cat":[158],"product_tag":[],"class_list":{"0":"post-5970","1":"product","2":"type-product","3":"status-publish","4":"has-post-thumbnail","6":"product_cat-tops-pl","8":"first","9":"outofstock","10":"sale","11":"shipping-taxable","12":"product-type-variable"},"acf":[],"_links":{"self":[{"href":"https:\/\/evokaii.com\/pl\/wp-json\/wp\/v2\/product\/5970","targetHints":{"allow":["GET"]}}],"collection":[{"href":"https:\/\/evokaii.com\/pl\/wp-json\/wp\/v2\/product"}],"about":[{"href":"https:\/\/evokaii.com\/pl\/wp-json\/wp\/v2\/types\/product"}],"replies":[{"embeddable":true,"href":"https:\/\/evokaii.com\/pl\/wp-json\/wp\/v2\/comments?post=5970"}],"wp:featuredmedia":[{"embeddable":true,"href":"https:\/\/evokaii.com\/pl\/wp-json\/wp\/v2\/media\/1205"}],"wp:attachment":[{"href":"https:\/\/evokaii.com\/pl\/wp-json\/wp\/v2\/media?parent=5970"}],"wp:term":[{"taxonomy":"product_brand","embeddable":true,"href":"https:\/\/evokaii.com\/pl\/wp-json\/wp\/v2\/product_brand?post=5970"},{"taxonomy":"product_cat","embeddable":true,"href":"https:\/\/evokaii.com\/pl\/wp-json\/wp\/v2\/product_cat?post=5970"},{"taxonomy":"product_tag","embeddable":true,"href":"https:\/\/evokaii.com\/pl\/wp-json\/wp\/v2\/product_tag?post=5970"}],"curies":[{"name":"wp","href":"https:\/\/api.w.org\/{rel}","templated":true}]}}