{"id":5993,"date":"2018-11-22T00:08:09","date_gmt":"2018-11-21T22:08:12","guid":{"rendered":"http:\/\/3.127.24.41\/?post_type=product&#038;p=5993"},"modified":"2020-01-15T15:08:55","modified_gmt":"2020-01-15T13:08:55","slug":"kitegirl-zielony","status":"publish","type":"product","link":"https:\/\/evokaii.com\/pl\/produkt\/kitegirl-zielony\/","title":{"rendered":"KiteGirl Zielony"},"content":{"rendered":"<h2>Kite Girl &#8211; Zielona Bluzka z D\u0142ugim R\u0119kawem<\/h2>\n<p style=\"text-align: justify\">Bluzka z d\u0142ugim r\u0119kawem to doskona\u0142y dodatek na jesie\u0144 oraz zim\u0119. To w\u0142a\u015bnie dlatego warto wybra\u0107 model proponowany przez Evokaii. Model w ca\u0142o\u015bci wykonany jest ze szczotkowanej bawe\u0142ny wysokiej jako\u015bci, dzi\u0119ki czemu bluzka jest mi\u0119kka i przyjemna w dotyku, a tak\u017ce przez d\u0142ugi czas zachowuje sw\u00f3j idealny wygl\u0105d. W jej dolnym boku znajduje si\u0119 delikatny nadruk kite-surf, kt\u00f3ry sprawia, \u017ce bluzka jest niebanalna. Dodatkowo naby\u0107 j\u0105 mo\u017cna w trzech rozmiarach, czyli S, M oraz L. Bluzka posiada lu\u017aniejsze r\u0119kawy, dzi\u0119ki czemu jest wygodna i funkcjonalna.<\/p>\n<p style=\"text-align: justify\">Zielona bluzka na pewno b\u0119dzie bardzo ciekawym dodatkiem ka\u017cdej stylizacji. To w\u0142a\u015bnie dlatego warto j\u0105 kupi\u0107 i mie\u0107 w swojej szafie. Tego typu odzie\u017c nie wychodzi z mody i pozwala na tworzenie r\u00f3\u017cnorodnych kompozycji. Zielona bluzka doskonale sprawdzi si\u0119, zar\u00f3wno podczas podejmowania czynno\u015bci sportowych, jak i na co dzie\u0144. Dopasowa\u0107 mo\u017cna do niej na przyk\u0142ad obcis\u0142e jeansy lub kobiec\u0105 sp\u00f3dniczk\u0119.<\/p>\n","protected":false},"excerpt":{"rendered":"<p>\u2299 Mi\u0119kka, szczotkowana bawe\u0142na<br \/>\n\u2299 Nadruk KiteSurf<br \/>\n\u2299 Zielony kolor<\/p>\n","protected":false},"featured_media":2168,"comment_status":"open","ping_status":"closed","template":"","meta":{"_acf_changed":false},"product_brand":[],"product_cat":[158],"product_tag":[],"class_list":{"0":"post-5993","1":"product","2":"type-product","3":"status-publish","4":"has-post-thumbnail","6":"product_cat-tops-pl","8":"first","9":"outofstock","10":"sale","11":"shipping-taxable","12":"purchasable","13":"product-type-variable","14":"has-default-attributes"},"acf":[],"_links":{"self":[{"href":"https:\/\/evokaii.com\/pl\/wp-json\/wp\/v2\/product\/5993","targetHints":{"allow":["GET"]}}],"collection":[{"href":"https:\/\/evokaii.com\/pl\/wp-json\/wp\/v2\/product"}],"about":[{"href":"https:\/\/evokaii.com\/pl\/wp-json\/wp\/v2\/types\/product"}],"replies":[{"embeddable":true,"href":"https:\/\/evokaii.com\/pl\/wp-json\/wp\/v2\/comments?post=5993"}],"wp:featuredmedia":[{"embeddable":true,"href":"https:\/\/evokaii.com\/pl\/wp-json\/wp\/v2\/media\/2168"}],"wp:attachment":[{"href":"https:\/\/evokaii.com\/pl\/wp-json\/wp\/v2\/media?parent=5993"}],"wp:term":[{"taxonomy":"product_brand","embeddable":true,"href":"https:\/\/evokaii.com\/pl\/wp-json\/wp\/v2\/product_brand?post=5993"},{"taxonomy":"product_cat","embeddable":true,"href":"https:\/\/evokaii.com\/pl\/wp-json\/wp\/v2\/product_cat?post=5993"},{"taxonomy":"product_tag","embeddable":true,"href":"https:\/\/evokaii.com\/pl\/wp-json\/wp\/v2\/product_tag?post=5993"}],"curies":[{"name":"wp","href":"https:\/\/api.w.org\/{rel}","templated":true}]}}