{"id":6147,"date":"2018-11-28T16:29:37","date_gmt":"2018-11-28T14:29:39","guid":{"rendered":"http:\/\/3.127.24.41\/?post_type=product&#038;p=6147"},"modified":"2020-11-30T12:13:42","modified_gmt":"2020-11-30T10:13:42","slug":"aloha-plaszcz-jasnoszary","status":"publish","type":"product","link":"https:\/\/evokaii.com\/pl\/produkt\/aloha-plaszcz-jasnoszary\/","title":{"rendered":"Aloha P\u0142aszcz Jasnoszary"},"content":{"rendered":"<h3>Aloha Coat &#8211; Kr\u00f3tki letni p\u0142aszcz z kapturem dla kobiet<\/h3>\n<p class=\"p1\">Super przytulny p\u0142aszcz do ogrzania, czy to po sesji surfingowej na pla\u017cy czy w ciep\u0142e letnie noce. Szczotkowana bawe\u0142na utrzymuje ciep\u0142o w ka\u017cdej sytuacji. \u015awietny do \u0142\u0105czenia z sukienkami, sp\u00f3dnicami i innymi ubraniami. Idealny wyb\u00f3r, je\u015bli nie jeste\u015b pewna, czy powinna\u015b<span class=\"Apple-converted-space\">\u00a0 <\/span>zabra\u0107 ze sob\u0105 kurtk\u0119 lub sweter.<\/p>\n","protected":false},"excerpt":{"rendered":"<p>\u2299 Mi\u0119kka, szczotkowana bawe\u0142na<br \/>\n\u2299 Idealna kombinacja \/ pow\u0142oka przej\u015bciowa<br \/>\n\u2299 Nadaje si\u0119 do ka\u017cdej innej odzie\u017cy<br \/>\n\u2299 Mo\u017cna \u0142\u0105czy\u0107 na wiele sposob\u00f3w<br \/>\n\u2299 Zamykany na guziki<\/p>\n","protected":false},"featured_media":2945,"comment_status":"open","ping_status":"closed","template":"","meta":{"_acf_changed":false},"product_brand":[],"product_cat":[153],"product_tag":[196],"class_list":{"0":"post-6147","1":"product","2":"type-product","3":"status-publish","4":"has-post-thumbnail","6":"product_cat-plaszcze","7":"product_tag-plaszcze","8":"product_shipping_class-medium","9":"pa_colour-pattern-fioletowy","10":"pa_colour-pattern-niebieski","11":"pa_colour-pattern-ocean-pl","12":"pa_colour-pattern-szary","14":"first","15":"outofstock","16":"shipping-taxable","17":"purchasable","18":"product-type-variable","19":"has-default-attributes"},"acf":[],"_links":{"self":[{"href":"https:\/\/evokaii.com\/pl\/wp-json\/wp\/v2\/product\/6147","targetHints":{"allow":["GET"]}}],"collection":[{"href":"https:\/\/evokaii.com\/pl\/wp-json\/wp\/v2\/product"}],"about":[{"href":"https:\/\/evokaii.com\/pl\/wp-json\/wp\/v2\/types\/product"}],"replies":[{"embeddable":true,"href":"https:\/\/evokaii.com\/pl\/wp-json\/wp\/v2\/comments?post=6147"}],"wp:featuredmedia":[{"embeddable":true,"href":"https:\/\/evokaii.com\/pl\/wp-json\/wp\/v2\/media\/2945"}],"wp:attachment":[{"href":"https:\/\/evokaii.com\/pl\/wp-json\/wp\/v2\/media?parent=6147"}],"wp:term":[{"taxonomy":"product_brand","embeddable":true,"href":"https:\/\/evokaii.com\/pl\/wp-json\/wp\/v2\/product_brand?post=6147"},{"taxonomy":"product_cat","embeddable":true,"href":"https:\/\/evokaii.com\/pl\/wp-json\/wp\/v2\/product_cat?post=6147"},{"taxonomy":"product_tag","embeddable":true,"href":"https:\/\/evokaii.com\/pl\/wp-json\/wp\/v2\/product_tag?post=6147"}],"curies":[{"name":"wp","href":"https:\/\/api.w.org\/{rel}","templated":true}]}}