{"id":6165,"date":"2018-11-28T16:29:47","date_gmt":"2018-11-28T14:29:48","guid":{"rendered":"http:\/\/3.127.24.41\/?post_type=product&#038;p=6165"},"modified":"2020-11-30T12:13:41","modified_gmt":"2020-11-30T10:13:41","slug":"aloha-plaszcz-niebieski","status":"publish","type":"product","link":"https:\/\/evokaii.com\/pl\/produkt\/aloha-plaszcz-niebieski\/","title":{"rendered":"Aloha P\u0142aszcz Niebieski"},"content":{"rendered":"<h2>Niebieski P\u0142aszcz Aloha<\/h2>\n<p style=\"text-align: justify\"><span style=\"font-size: 10.5pt;font-family: 'Helvetica',sans-serif;color: #333333\">Styl i elegancja. W\u0142a\u015bnie to uwielbiaj\u0105 kobiety. Niema nic bardziej uniwersalnego ni\u017c p\u0142aszcz zapinany na nap\u0119. Uszyty z mi\u0119kkiej, g\u0119stej tkaniny bawe\u0142nianej. Idealnie mi\u0119kki i niezwykle komfortowy. G\u0119sta dzianina zapewnia niezwyk\u0142y komfort termiczny w ch\u0142odne wieczory. Idealnie nadaje si\u0119 na wieczorne spacery i ch\u0142odne poranki.<\/span><\/p>\n<p style=\"text-align: justify\"><span style=\"font-size: 10.5pt;font-family: 'Helvetica',sans-serif;color: #333333\">P\u0142aszczyk dresowy Aloha jest niezwykle uniwersalny. Wyst\u0119puje w dw\u00f3ch rozmiarach S-M oraz M-L dzi\u0119ki temu b\u0119dzie pasowa\u0142 na ka\u017cda kobiet\u0119. Nadaje si\u0119 do noszenia ze sp\u00f3dnic\u0105, spodniami oraz jako nakrycie wierzchnie dla <a href=\"https:\/\/evokaii.com\/pl\/kategoria-produktu\/sukienki\/\">sukienki<\/a>. Uniwersalny i modny kszta\u0142t b\u0119dzie pasowa\u0142 do ka\u017cdej figury i wzrostu.<\/span><\/p>\n<p style=\"text-align: justify\"><span style=\"font-size: 10.5pt;font-family: 'Helvetica',sans-serif;color: #333333\">Wysokiej jako\u015bci materia\u0142 nie traci koloru, nie rozci\u0105ga si\u0119 oraz nie marszczy. Znajdzie zastosowanie jako idealny p\u0142aszcz sportowy na co dzie\u0144 ale tez jako okrycie na wieczorny wypad z przyjaci\u00f3\u0142mi. Wspania\u0142a alternatywa dla kurtki czy swetra. Waga p\u0142aszcza to tylko 800 gram. Jest niezwykle lekki a jednocze\u015bnie bardzo wygodny w noszeniu. Wyb\u00f3r idealny je\u015bli cenisz sobie komfort i elegancje.<\/span><\/p>\n","protected":false},"excerpt":{"rendered":"<p>\u2299 Mi\u0119kka, gruba dzianina bawe\u0142niana<br \/>\n\u2299 Idealne po\u0142\u0105czenie do sukienek i spodni<br \/>\n\u2299 Mo\u017cna nosic na kilka sposob\u00f3w<br \/>\n\u2299 Zapinany na ramieniu na nap\u0119<\/p>\n","protected":false},"featured_media":6552,"comment_status":"open","ping_status":"closed","template":"","meta":{"_acf_changed":false},"product_brand":[],"product_cat":[153],"product_tag":[2529,2522,2509,2525,2524,2511,2523,196,2526,2510,2527,2528,2496,2521],"class_list":{"0":"post-6165","1":"product","2":"type-product","3":"status-publish","4":"has-post-thumbnail","6":"product_cat-plaszcze","7":"product_tag-beach-coats-pl","8":"product_tag-girls-who-surf-pl","9":"product_tag-kitesurf-hoodie-pl","10":"product_tag-kitesurf-shop-pl","11":"product_tag-kitesurf-streetwear-pl","12":"product_tag-kitesurf-wear-pl","13":"product_tag-kitesurf-wear-brands-pl","14":"product_tag-plaszcze","15":"product_tag-salty-soul-pl","16":"product_tag-surf-apparel-pl","17":"product_tag-surf-coat-pl","18":"product_tag-surf-coats-pl","19":"product_tag-surf-wear-pl","20":"product_tag-surf-wear-brands-pl","21":"product_shipping_class-medium","22":"pa_colour-pattern-niebieski","24":"first","25":"outofstock","26":"shipping-taxable","27":"purchasable","28":"product-type-variable"},"acf":[],"_links":{"self":[{"href":"https:\/\/evokaii.com\/pl\/wp-json\/wp\/v2\/product\/6165","targetHints":{"allow":["GET"]}}],"collection":[{"href":"https:\/\/evokaii.com\/pl\/wp-json\/wp\/v2\/product"}],"about":[{"href":"https:\/\/evokaii.com\/pl\/wp-json\/wp\/v2\/types\/product"}],"replies":[{"embeddable":true,"href":"https:\/\/evokaii.com\/pl\/wp-json\/wp\/v2\/comments?post=6165"}],"wp:featuredmedia":[{"embeddable":true,"href":"https:\/\/evokaii.com\/pl\/wp-json\/wp\/v2\/media\/6552"}],"wp:attachment":[{"href":"https:\/\/evokaii.com\/pl\/wp-json\/wp\/v2\/media?parent=6165"}],"wp:term":[{"taxonomy":"product_brand","embeddable":true,"href":"https:\/\/evokaii.com\/pl\/wp-json\/wp\/v2\/product_brand?post=6165"},{"taxonomy":"product_cat","embeddable":true,"href":"https:\/\/evokaii.com\/pl\/wp-json\/wp\/v2\/product_cat?post=6165"},{"taxonomy":"product_tag","embeddable":true,"href":"https:\/\/evokaii.com\/pl\/wp-json\/wp\/v2\/product_tag?post=6165"}],"curies":[{"name":"wp","href":"https:\/\/api.w.org\/{rel}","templated":true}]}}