{"id":6231,"date":"2018-11-28T18:36:06","date_gmt":"2018-11-28T16:36:07","guid":{"rendered":"http:\/\/3.127.24.41\/?post_type=product&#038;p=6231"},"modified":"2023-05-24T21:22:14","modified_gmt":"2023-05-24T19:22:14","slug":"aloha-plaszcz-rozowy","status":"publish","type":"product","link":"https:\/\/evokaii.com\/pl\/produkt\/aloha-plaszcz-rozowy\/","title":{"rendered":"Aloha R\u00f3\u017cowy P\u0142aszcz"},"content":{"rendered":"<h2>R\u00f3\u017cowy p\u0142aszcz damski Aloha<\/h2>\n<p>Modny\u00a0r\u00f3\u017cowy p\u0142aszcz\u00a0dla pewnej siebie kobiety. Wykonany z ciep\u0142ej, a jednocze\u015bnie mi\u0119kkiej dzianiny bawe\u0142nianej.\u00a0Gwarantuje komfort i ochron\u0119 przed wiatrem. G\u0119sty splot tkaniny zapewnia ciep\u0142o w ch\u0142odne dni.<\/p>\n<p>Niezwykle uniwersalny. Doskonale pasuje do spodni, sukienek oraz sp\u00f3dnic. Modny kr\u00f3j p\u0142aszcza idealnie wpasuje si\u0119 w styl ka\u017cdej przebojowej kobiety. P\u0142aszcz Aloha wyst\u0119puje w dw\u00f3ch rozmiarach S-M oraz M-L, dzi\u0119ki czemu mo\u017cna idealnie dobra\u0107 rozmiar. Zapi\u0119cie na nap\u0119 dodaje mu ekstrawagancji i lekko\u015bci. Wygodny kaptur dodaje atrakcyjno\u015bci w p\u0142aszczu Aloha.<\/p>\n<p>Sportowy p\u0142aszcz Aloha idealnie nadaje si\u0119 na wsp\u00f3lne spacery z przyjaci\u00f3\u0142mi. Zapewni ciep\u0142o wieczorem przy ognisku i os\u0142oni przed mocnym wiatrem. Nic nie zapewni takiego komfortu jak ciep\u0142y dresowy p\u0142acz. Wszechstronno\u015b\u0107 i styl to w\u0142a\u015bnie to co wyr\u00f3\u017cnia p\u0142aszcz Aloha w\u015br\u00f3d innych produkt\u00f3w.<\/p>\n<p>Pi\u0119kny r\u00f3\u017cowy kolor oraz mi\u0119kki w dotyku materia\u0142. Rewelacyjny kr\u00f3j p\u0142aszcza sprawi, \u017ce ka\u017cda kobieta poczuje si\u0119 wyj\u0105tkowo. P\u0142aszczyk Aloha to obowi\u0105zkowa pozycja w szafie ka\u017cdej, ceni\u0105cej sobie styl kobiety.<\/p>\n","protected":false},"excerpt":{"rendered":"<p>\u2299 Mi\u0119kka, gruba dzianina bawe\u0142niana<br \/>\n\u2299 Idealny do sukienek i spodni<br \/>\n\u2299 Mo\u017cna nosi\u0107 na kilka sposob\u00f3w<br \/>\n\u2299 Zapinany na ramieniu na nap\u0119<\/p>\n","protected":false},"featured_media":15593,"comment_status":"open","ping_status":"closed","template":"","meta":{"_acf_changed":false},"product_brand":[],"product_cat":[153],"product_tag":[2529,2522,2509,2525,2524,2511,2523,196,2510,2527,2528,2496,2521],"class_list":{"0":"post-6231","1":"product","2":"type-product","3":"status-publish","4":"has-post-thumbnail","6":"product_cat-plaszcze","7":"product_tag-beach-coats-pl","8":"product_tag-girls-who-surf-pl","9":"product_tag-kitesurf-hoodie-pl","10":"product_tag-kitesurf-shop-pl","11":"product_tag-kitesurf-streetwear-pl","12":"product_tag-kitesurf-wear-pl","13":"product_tag-kitesurf-wear-brands-pl","14":"product_tag-plaszcze","15":"product_tag-surf-apparel-pl","16":"product_tag-surf-coat-pl","17":"product_tag-surf-coats-pl","18":"product_tag-surf-wear-pl","19":"product_tag-surf-wear-brands-pl","21":"first","22":"outofstock","23":"shipping-taxable","24":"purchasable","25":"product-type-variable"},"acf":[],"_links":{"self":[{"href":"https:\/\/evokaii.com\/pl\/wp-json\/wp\/v2\/product\/6231","targetHints":{"allow":["GET"]}}],"collection":[{"href":"https:\/\/evokaii.com\/pl\/wp-json\/wp\/v2\/product"}],"about":[{"href":"https:\/\/evokaii.com\/pl\/wp-json\/wp\/v2\/types\/product"}],"replies":[{"embeddable":true,"href":"https:\/\/evokaii.com\/pl\/wp-json\/wp\/v2\/comments?post=6231"}],"wp:featuredmedia":[{"embeddable":true,"href":"https:\/\/evokaii.com\/pl\/wp-json\/wp\/v2\/media\/15593"}],"wp:attachment":[{"href":"https:\/\/evokaii.com\/pl\/wp-json\/wp\/v2\/media?parent=6231"}],"wp:term":[{"taxonomy":"product_brand","embeddable":true,"href":"https:\/\/evokaii.com\/pl\/wp-json\/wp\/v2\/product_brand?post=6231"},{"taxonomy":"product_cat","embeddable":true,"href":"https:\/\/evokaii.com\/pl\/wp-json\/wp\/v2\/product_cat?post=6231"},{"taxonomy":"product_tag","embeddable":true,"href":"https:\/\/evokaii.com\/pl\/wp-json\/wp\/v2\/product_tag?post=6231"}],"curies":[{"name":"wp","href":"https:\/\/api.w.org\/{rel}","templated":true}]}}