{"id":6239,"date":"2018-11-28T18:46:00","date_gmt":"2018-11-28T16:46:00","guid":{"rendered":"http:\/\/3.127.24.41\/?post_type=product&#038;p=6239"},"modified":"2020-11-30T12:13:40","modified_gmt":"2020-11-30T10:13:40","slug":"aloha-plaszcz-fale","status":"publish","type":"product","link":"https:\/\/evokaii.com\/pl\/produkt\/aloha-plaszcz-fale\/","title":{"rendered":"Aloha P\u0142aszcz Fale"},"content":{"rendered":"<h2>Zielony p\u0142aszcz Aloha w fale<\/h2>\n<p style=\"text-align: justify\">Zielony p\u0142aszcz w fale to hit tego sezonu! Skutecznie przykuje spojrzenia za spraw\u0105 oryginalnego koloru i fasonu. Ten sportowy p\u0142aszcz jest niebanalny, nada charakteru ka\u017cdej stylizacji. Jego ogromnym atutem jest to, \u017ce mo\u017cna nosi\u0107 go na kilka r\u00f3\u017cnych sposob\u00f3w. Na ramieniu posiada zapi\u0119cie na nap\u0119. W ca\u0142o\u015bci wykonany jest z grubej bawe\u0142ny, dzi\u0119ki czemu zatrzymuje ciep\u0142o i jest mi\u0142y w dotyku. Dodatkowo p\u0142aszcz posiada kaptur, zatem niestraszna b\u0119dzie wietrzna pogoda. Zielony p\u0142aszcz Aloha dost\u0119pny jest w dw\u00f3ch uniwersalnych rozmiarach: S-M oraz M-L.<\/p>\n<p style=\"text-align: justify\">Dresowy p\u0142aszcz z kapturem sprawdzi si\u0119 przy wielu okazjach, a wi\u0119c warto posiada\u0107 go w swojej szafie. P\u0142aszczyk ten pasuje zar\u00f3wno do sukienek, jak i spodni. Specjalnie dobrana bawe\u0142na sprawia, \u017ce ciep\u0142o jest zachowane w ka\u017cdej sytuacji. P\u0142aszczyk Aloha mo\u017ce by\u0107 zamiennie stosowany z kurtk\u0105 lub ze swetrem, w zale\u017cno\u015bci od pogody.<\/p>\n","protected":false},"excerpt":{"rendered":"<p>\u2299 Mi\u0119kka, gruba dzianina bawe\u0142niana<br \/>\n\u2299 Idealne po\u0142\u0105czenie do sukienek i spodni<br \/>\n\u2299 Mo\u017cna nosic na kilka sposob\u00f3w<br \/>\n\u2299 Zapinany na ramieniu na nap\u0119<\/p>\n","protected":false},"featured_media":6596,"comment_status":"open","ping_status":"closed","template":"","meta":{"_acf_changed":false},"product_brand":[],"product_cat":[153],"product_tag":[2529,2522,2525,2524,196,2527,2528,2521],"class_list":{"0":"post-6239","1":"product","2":"type-product","3":"status-publish","4":"has-post-thumbnail","6":"product_cat-plaszcze","7":"product_tag-beach-coats-pl","8":"product_tag-girls-who-surf-pl","9":"product_tag-kitesurf-shop-pl","10":"product_tag-kitesurf-streetwear-pl","11":"product_tag-plaszcze","12":"product_tag-surf-coat-pl","13":"product_tag-surf-coats-pl","14":"product_tag-surf-wear-brands-pl","15":"product_shipping_class-medium","17":"first","18":"outofstock","19":"shipping-taxable","20":"product-type-variable"},"acf":[],"_links":{"self":[{"href":"https:\/\/evokaii.com\/pl\/wp-json\/wp\/v2\/product\/6239","targetHints":{"allow":["GET"]}}],"collection":[{"href":"https:\/\/evokaii.com\/pl\/wp-json\/wp\/v2\/product"}],"about":[{"href":"https:\/\/evokaii.com\/pl\/wp-json\/wp\/v2\/types\/product"}],"replies":[{"embeddable":true,"href":"https:\/\/evokaii.com\/pl\/wp-json\/wp\/v2\/comments?post=6239"}],"wp:featuredmedia":[{"embeddable":true,"href":"https:\/\/evokaii.com\/pl\/wp-json\/wp\/v2\/media\/6596"}],"wp:attachment":[{"href":"https:\/\/evokaii.com\/pl\/wp-json\/wp\/v2\/media?parent=6239"}],"wp:term":[{"taxonomy":"product_brand","embeddable":true,"href":"https:\/\/evokaii.com\/pl\/wp-json\/wp\/v2\/product_brand?post=6239"},{"taxonomy":"product_cat","embeddable":true,"href":"https:\/\/evokaii.com\/pl\/wp-json\/wp\/v2\/product_cat?post=6239"},{"taxonomy":"product_tag","embeddable":true,"href":"https:\/\/evokaii.com\/pl\/wp-json\/wp\/v2\/product_tag?post=6239"}],"curies":[{"name":"wp","href":"https:\/\/api.w.org\/{rel}","templated":true}]}}