{"id":6244,"date":"2018-11-28T19:06:22","date_gmt":"2018-11-28T17:06:21","guid":{"rendered":"http:\/\/3.127.24.41\/?post_type=product&#038;p=6244"},"modified":"2023-05-24T21:30:12","modified_gmt":"2023-05-24T19:30:12","slug":"bombora-fale","status":"publish","type":"product","link":"https:\/\/evokaii.com\/pl\/produkt\/bombora-fale\/","title":{"rendered":"Bombora Fale"},"content":{"rendered":"<h2>Bluza surferska: Bombora Waves<\/h2>\n<p style=\"text-align: justify\">Bombora to niezwykle popularna bluza surferska, kt\u00f3ra nadaje si\u0119 na ka\u017cd\u0105 pogod\u0119! Jej charakterystyczn\u0105 cech\u0105 jest delikatny, b\u0142\u0119kitny nadruk z falami. Wykonana jest z przyjemnej w dotyku i bezpiecznej dla sk\u00f3ry bawe\u0142ny. Bluza w fale jest dost\u0119pna w rozmiarach S, M, L oraz XL. Dodatkowo wyposa\u017cona jest w chroni\u0105cy nawet przed silnym wiatrem, szeroki kaptur, a tak\u017ce wygodn\u0105 kiesze\u0144 typu kangur. Stonowana, szaro &#8211; zielona kolorystyka tworzy ciekawe i stylowe po\u0142\u0105czenie. Bluza z kapturem w fale Bombora idealnie \u0142\u0105czy ze sob\u0105 funkcjonalno\u015b\u0107, wygod\u0119 i modny styl!<\/p>\n<p style=\"text-align: justify\"><a href=\"https:\/\/evokaii.com\/pl\/kategoria-produktu\/bluzy\/\">Bluzy surferskie<\/a> dedykowane s\u0105 osobom uprawiaj\u0105cym sporty wodne, takie jak surfing czy kitesurfing. Dlatego te\u017c tak wa\u017cne jest, aby odzie\u017c ta skutecznie chroni\u0142y organizm przed wych\u0142odzeniem, a tak\u017ce zapewnia\u0142a swobod\u0119 ruchu, niezb\u0119dn\u0105 podczas uprawiania sport\u00f3w. Taka w\u0142a\u015bnie jest bluza surferska\u00a0Bombora, kt\u00f3r\u0105 zd\u0105\u017cy\u0142o ju\u017c pokocha\u0107 wielu naszych\u00a0 klient\u00f3w. To odpowiedni wyb\u00f3r dla ka\u017cdego, kto docenia wygod\u0119 oraz subtelne wzornictwo.<\/p>\n","protected":false},"excerpt":{"rendered":"<p>\u2299 Du\u017cy kaptur na zak\u0142adk\u0119<br \/>\n\u2299 Po\u0142\u0105czenie szaro\u015bci z zieleni\u0105<br \/>\n\u2299 Fale Overprint Design<br \/>\n\u2299 Wygodna i ciep\u0142a<\/p>\n","protected":false},"featured_media":6815,"comment_status":"open","ping_status":"closed","template":"","meta":{"_acf_changed":false},"product_brand":[],"product_cat":[155,2207],"product_tag":[181,193,2616,2509,2525,2524,2510,2508,2521],"class_list":{"0":"post-6244","1":"product","2":"type-product","3":"status-publish","4":"has-post-thumbnail","6":"product_cat-bluzy-damskie","7":"product_cat-wyprzedaz","8":"product_tag-bluzy","9":"product_tag-duzy-kaptur","10":"product_tag-hoodie-with-large-hood-pl","11":"product_tag-kitesurf-hoodie-pl","12":"product_tag-kitesurf-shop-pl","13":"product_tag-kitesurf-streetwear-pl","14":"product_tag-surf-apparel-pl","15":"product_tag-surf-hoodie-pl","16":"product_tag-surf-wear-brands-pl","18":"first","19":"outofstock","20":"shipping-taxable","21":"product-type-variable"},"acf":[],"_links":{"self":[{"href":"https:\/\/evokaii.com\/pl\/wp-json\/wp\/v2\/product\/6244","targetHints":{"allow":["GET"]}}],"collection":[{"href":"https:\/\/evokaii.com\/pl\/wp-json\/wp\/v2\/product"}],"about":[{"href":"https:\/\/evokaii.com\/pl\/wp-json\/wp\/v2\/types\/product"}],"replies":[{"embeddable":true,"href":"https:\/\/evokaii.com\/pl\/wp-json\/wp\/v2\/comments?post=6244"}],"wp:featuredmedia":[{"embeddable":true,"href":"https:\/\/evokaii.com\/pl\/wp-json\/wp\/v2\/media\/6815"}],"wp:attachment":[{"href":"https:\/\/evokaii.com\/pl\/wp-json\/wp\/v2\/media?parent=6244"}],"wp:term":[{"taxonomy":"product_brand","embeddable":true,"href":"https:\/\/evokaii.com\/pl\/wp-json\/wp\/v2\/product_brand?post=6244"},{"taxonomy":"product_cat","embeddable":true,"href":"https:\/\/evokaii.com\/pl\/wp-json\/wp\/v2\/product_cat?post=6244"},{"taxonomy":"product_tag","embeddable":true,"href":"https:\/\/evokaii.com\/pl\/wp-json\/wp\/v2\/product_tag?post=6244"}],"curies":[{"name":"wp","href":"https:\/\/api.w.org\/{rel}","templated":true}]}}