{"id":6527,"date":"2018-12-06T11:46:49","date_gmt":"2018-12-06T09:46:50","guid":{"rendered":"http:\/\/3.127.24.41\/?post_type=product&#038;p=6527"},"modified":"2024-05-12T19:13:21","modified_gmt":"2024-05-12T17:13:21","slug":"aloha-plaszcz-antracyt","status":"publish","type":"product","link":"https:\/\/evokaii.com\/pl\/produkt\/aloha-plaszcz-antracyt\/","title":{"rendered":"Aloha P\u0142aszcz Antracyt"},"content":{"rendered":"<h3>P\u0142aszcz antracytowy Aloha<\/h3>\n<p style=\"text-align: justify;\">Sportowy p\u0142aszcz z kapturem w kolorze antracytowym, wykonany z po\u0142\u0105czenia bawe\u0142ny i poliestru. Posiada wielofunkcyjne zapi\u0119cie. Dost\u0119pny w dw\u00f3ch rozmiarach: S-M oraz M-L. Ten ciemnoszary, dresowy p\u0142aszcz to praktyczne i wielofunkcyjne rozwi\u0105zanie.<\/p>\n<p style=\"text-align: justify;\">Wiosn\u0105 i latem sprawdzi si\u0119 jako kurtka podczas ch\u0142odniejszych wieczor\u00f3w, z kolei w okresie jesienno-zimowym jako ciep\u0142a bluza. Gruby materia\u0142, b\u0119d\u0105cy po\u0142\u0105czeniem bawe\u0142ny (90%) oraz poliestru (10%) doskonale chroni przed wiatrem, do tego jest przyjemnie mi\u0119kki w dotyku. Kieszenie pozwalaj\u0105 mie\u0107 przy sobie niezb\u0119dne przedmioty osobiste.<\/p>\n<p style=\"text-align: justify;\">Obszerny kaptur skutecznie ochroni przed podmuchami wiatru. Uniwersalny kolor sprawia, \u017ce ten antracytowy p\u0142aszcz sprawdzi si\u0119 w wielu stylizacjach. Dzi\u0119ki wielofunkcyjnemu zapi\u0119ciu, mo\u017cesz nosi\u0107 go na kilka spos\u00f3b: zapi\u0105\u0107 nap\u0119 na ramieniu, otulaj\u0105c si\u0119 materia\u0142em lub pozwoli\u0107 mu lu\u017ano zwisa\u0107 po bokach. Na plecach p\u0142aszcz posiada dyskretny, bia\u0142y nadruk przedstawiaj\u0105cy kobiec\u0105 twarz, kt\u00f3ry jest niezwykle subteln\u0105 ozdob\u0105.<\/p>\n","protected":false},"excerpt":{"rendered":"<p>\u2299 Mi\u0119kka, gruba dzianina bawe\u0142niana<br \/>\n\u2299 Idealne po\u0142\u0105czenie do sukienek i spodni<br \/>\n\u2299 Mo\u017cna nosic na kilka sposob\u00f3w<br \/>\n\u2299 Zapinany na ramieniu na nap\u0119<\/p>\n","protected":false},"featured_media":6604,"comment_status":"open","ping_status":"closed","template":"","meta":{"_acf_changed":false},"product_brand":[],"product_cat":[153,2207],"product_tag":[2529,193,2522,2531,2525,2524,2523,196,2526,2510,2527,2528,2530,2521],"class_list":{"0":"post-6527","1":"product","2":"type-product","3":"status-publish","4":"has-post-thumbnail","6":"product_cat-plaszcze","7":"product_cat-wyprzedaz","8":"product_tag-beach-coats-pl","9":"product_tag-duzy-kaptur","10":"product_tag-girls-who-surf-pl","11":"product_tag-kitesurf-girls-pl","12":"product_tag-kitesurf-shop-pl","13":"product_tag-kitesurf-streetwear-pl","14":"product_tag-kitesurf-wear-brands-pl","15":"product_tag-plaszcze","16":"product_tag-salty-soul-pl","17":"product_tag-surf-apparel-pl","18":"product_tag-surf-coat-pl","19":"product_tag-surf-coats-pl","20":"product_tag-surf-girls-pl","21":"product_tag-surf-wear-brands-pl","22":"product_shipping_class-medium","23":"pa_colour-pattern-fioletowy","24":"pa_colour-pattern-niebieski","25":"pa_colour-pattern-ocean-pl","26":"pa_colour-pattern-szary","28":"first","29":"instock","30":"sale","31":"shipping-taxable","32":"purchasable","33":"product-type-variable"},"acf":[],"_links":{"self":[{"href":"https:\/\/evokaii.com\/pl\/wp-json\/wp\/v2\/product\/6527","targetHints":{"allow":["GET"]}}],"collection":[{"href":"https:\/\/evokaii.com\/pl\/wp-json\/wp\/v2\/product"}],"about":[{"href":"https:\/\/evokaii.com\/pl\/wp-json\/wp\/v2\/types\/product"}],"replies":[{"embeddable":true,"href":"https:\/\/evokaii.com\/pl\/wp-json\/wp\/v2\/comments?post=6527"}],"wp:featuredmedia":[{"embeddable":true,"href":"https:\/\/evokaii.com\/pl\/wp-json\/wp\/v2\/media\/6604"}],"wp:attachment":[{"href":"https:\/\/evokaii.com\/pl\/wp-json\/wp\/v2\/media?parent=6527"}],"wp:term":[{"taxonomy":"product_brand","embeddable":true,"href":"https:\/\/evokaii.com\/pl\/wp-json\/wp\/v2\/product_brand?post=6527"},{"taxonomy":"product_cat","embeddable":true,"href":"https:\/\/evokaii.com\/pl\/wp-json\/wp\/v2\/product_cat?post=6527"},{"taxonomy":"product_tag","embeddable":true,"href":"https:\/\/evokaii.com\/pl\/wp-json\/wp\/v2\/product_tag?post=6527"}],"curies":[{"name":"wp","href":"https:\/\/api.w.org\/{rel}","templated":true}]}}