{"id":6716,"date":"2018-12-19T13:23:36","date_gmt":"2018-12-19T11:23:37","guid":{"rendered":"http:\/\/3.127.24.41\/?post_type=product&#038;p=6716"},"modified":"2024-02-04T13:42:18","modified_gmt":"2024-02-04T11:42:18","slug":"aloha-plaszcz-szaro-niebieski","status":"publish","type":"product","link":"https:\/\/evokaii.com\/pl\/produkt\/aloha-plaszcz-szaro-niebieski\/","title":{"rendered":"Aloha P\u0142aszcz Szaro-Niebieski"},"content":{"rendered":"<h2>Aloha Szaro-Niebieski P\u0142aszcz z kapturem<\/h2>\n<p style=\"text-align: justify\">Ten szaro-niebieski, bawe\u0142niany p\u0142aszcz stanowi idealn\u0105 ochron\u0119 przed zimnem i wiatrem. Swobodny fason przeznaczony jest dla ka\u017cdej sylwetki. Wygodne zapi\u0119cie na ramieniu zapewnia dodatkowy komfort i izolacj\u0119. P\u0142aszcz wyposa\u017cony jest w kaptur oraz obszerne kieszenie stanowi\u0105ce idealne schronienie dla d\u0142oni. Gruby, przyjemny w dotyku materia\u0142 dostarczy ciep\u0142a w pochmurne, deszczowe dni. Sprawdzi si\u0119 zar\u00f3wno dla os\u00f3b aktywnych (np. po treningu), jak i dla domator\u00f3w pragn\u0105cych odetchn\u0105\u0107 na kanapie z kubkiem herbaty w r\u0119ku.<\/p>\n<p style=\"text-align: justify\">Szaro-niebieski p\u0142aszcz Aloha pomaga utrzyma\u0107 sta\u0142\u0105 temperatur\u0119 cia\u0142a, co czyni go doskona\u0142ym wyborem podczas spacer\u00f3w lub jazdy na rowerze. Sprawdzi si\u0119 jako okrycie dla dowolnego ubioru. Gwarantuje nieskr\u0119powany ruch i zdecydowanie wi\u0119ksz\u0105 wygod\u0119 ni\u017c inne, bardziej klasyczne p\u0142aszcze. Ten uniwersalny model b\u0119dzie tak\u017ce niebanalnym, lecz praktycznym prezentem dla bliskiej osoby. Dost\u0119pny w dw\u00f3ch rozmiarach, z \u0142atwo\u015bci\u0105 zaspokoi indywidualne potrzeby. B\u0119dzie stanowi\u0142 niezast\u0105piony element ka\u017cdej garderoby.<\/p>\n","protected":false},"excerpt":{"rendered":"<p>\u2299 Mi\u0119kka, gruba dzianina bawe\u0142niana<br \/>\n\u2299 Idealny do sukienek i spodni<br \/>\n\u2299 Mo\u017cna nosi\u0107 na kilka sposob\u00f3w<br \/>\n\u2299 Zapinany na ramieniu na nap\u0119<\/p>\n","protected":false},"featured_media":6723,"comment_status":"open","ping_status":"closed","template":"","meta":{"_acf_changed":false},"product_brand":[],"product_cat":[153,2207],"product_tag":[2522,2511,196,2526,2497,2527,2528],"class_list":{"0":"post-6716","1":"product","2":"type-product","3":"status-publish","4":"has-post-thumbnail","6":"product_cat-plaszcze","7":"product_cat-wyprzedaz","8":"product_tag-girls-who-surf-pl","9":"product_tag-kitesurf-wear-pl","10":"product_tag-plaszcze","11":"product_tag-salty-soul-pl","12":"product_tag-streetwear-pl","13":"product_tag-surf-coat-pl","14":"product_tag-surf-coats-pl","15":"product_shipping_class-medium","16":"pa_colour-pattern-fioletowy","17":"pa_colour-pattern-niebieski","18":"pa_colour-pattern-ocean-pl","19":"pa_colour-pattern-szary","21":"first","22":"outofstock","23":"shipping-taxable","24":"product-type-variable"},"acf":[],"_links":{"self":[{"href":"https:\/\/evokaii.com\/pl\/wp-json\/wp\/v2\/product\/6716","targetHints":{"allow":["GET"]}}],"collection":[{"href":"https:\/\/evokaii.com\/pl\/wp-json\/wp\/v2\/product"}],"about":[{"href":"https:\/\/evokaii.com\/pl\/wp-json\/wp\/v2\/types\/product"}],"replies":[{"embeddable":true,"href":"https:\/\/evokaii.com\/pl\/wp-json\/wp\/v2\/comments?post=6716"}],"wp:featuredmedia":[{"embeddable":true,"href":"https:\/\/evokaii.com\/pl\/wp-json\/wp\/v2\/media\/6723"}],"wp:attachment":[{"href":"https:\/\/evokaii.com\/pl\/wp-json\/wp\/v2\/media?parent=6716"}],"wp:term":[{"taxonomy":"product_brand","embeddable":true,"href":"https:\/\/evokaii.com\/pl\/wp-json\/wp\/v2\/product_brand?post=6716"},{"taxonomy":"product_cat","embeddable":true,"href":"https:\/\/evokaii.com\/pl\/wp-json\/wp\/v2\/product_cat?post=6716"},{"taxonomy":"product_tag","embeddable":true,"href":"https:\/\/evokaii.com\/pl\/wp-json\/wp\/v2\/product_tag?post=6716"}],"curies":[{"name":"wp","href":"https:\/\/api.w.org\/{rel}","templated":true}]}}