{"id":6918,"date":"2019-03-04T18:17:29","date_gmt":"2019-03-04T17:27:42","guid":{"rendered":"http:\/\/3.127.24.41\/?post_type=product&#038;p=6918"},"modified":"2020-12-09T16:14:09","modified_gmt":"2020-12-09T14:14:09","slug":"kangoo-ocean-rush","status":"publish","type":"product","link":"https:\/\/evokaii.com\/pl\/produkt\/kangoo-ocean-rush\/","title":{"rendered":"Kangoo Ocean Rush"},"content":{"rendered":"<h3>Oversized Hoodie \u2013 Kangoo \u2013 Ocean Rush<\/h3>\n<p>Bluza z kapturem o kroju oversizowym posiada\u00a0 oryginalny\u00a0 zadruk\u00a0 w fale. Lu\u017any kr\u00f3j mo\u017cna \u0142\u0105czy\u0107 ze wszystkim. Ta bluza z pewno\u015bci\u0105 zapewni Ci ciep\u0142o po treningu na pla\u017cy lub na snowboardzie.<\/p>\n","protected":false},"excerpt":{"rendered":"<p>\u2299 Bluza o lu\u017anym, oversizowym kroju<br \/>\n\u2299 Nadruk fal<br \/>\n\u2299 Du\u017ca kiesze\u0144 typu kangur<\/p>\n","protected":false},"featured_media":6911,"comment_status":"open","ping_status":"closed","template":"","meta":{"_acf_changed":false},"product_brand":[],"product_cat":[155,2721],"product_tag":[200,2507,2509,2525,2511,849,2506,2526,2510,2508,2496,2512],"class_list":{"0":"post-6918","1":"product","2":"type-product","3":"status-publish","4":"has-post-thumbnail","6":"product_cat-bluzy-damskie","7":"product_cat-bluzy-oversize","8":"product_tag-fala","9":"product_tag-kangoo-pl","10":"product_tag-kitesurf-hoodie-pl","11":"product_tag-kitesurf-shop-pl","12":"product_tag-kitesurf-wear-pl","13":"product_tag-overprint-pl","14":"product_tag-oversized-pl","15":"product_tag-salty-soul-pl","16":"product_tag-surf-apparel-pl","17":"product_tag-surf-hoodie-pl","18":"product_tag-surf-wear-pl","19":"product_tag-surfstyle-pl","21":"first","22":"outofstock","23":"shipping-taxable","24":"product-type-variable"},"acf":[],"_links":{"self":[{"href":"https:\/\/evokaii.com\/pl\/wp-json\/wp\/v2\/product\/6918","targetHints":{"allow":["GET"]}}],"collection":[{"href":"https:\/\/evokaii.com\/pl\/wp-json\/wp\/v2\/product"}],"about":[{"href":"https:\/\/evokaii.com\/pl\/wp-json\/wp\/v2\/types\/product"}],"replies":[{"embeddable":true,"href":"https:\/\/evokaii.com\/pl\/wp-json\/wp\/v2\/comments?post=6918"}],"wp:featuredmedia":[{"embeddable":true,"href":"https:\/\/evokaii.com\/pl\/wp-json\/wp\/v2\/media\/6911"}],"wp:attachment":[{"href":"https:\/\/evokaii.com\/pl\/wp-json\/wp\/v2\/media?parent=6918"}],"wp:term":[{"taxonomy":"product_brand","embeddable":true,"href":"https:\/\/evokaii.com\/pl\/wp-json\/wp\/v2\/product_brand?post=6918"},{"taxonomy":"product_cat","embeddable":true,"href":"https:\/\/evokaii.com\/pl\/wp-json\/wp\/v2\/product_cat?post=6918"},{"taxonomy":"product_tag","embeddable":true,"href":"https:\/\/evokaii.com\/pl\/wp-json\/wp\/v2\/product_tag?post=6918"}],"curies":[{"name":"wp","href":"https:\/\/api.w.org\/{rel}","templated":true}]}}