{"id":6944,"date":"2019-05-04T16:57:20","date_gmt":"2019-05-04T14:57:29","guid":{"rendered":"http:\/\/3.127.24.41\/?post_type=product&#038;p=6944"},"modified":"2021-07-30T19:32:14","modified_gmt":"2021-07-30T17:32:14","slug":"toucan-side-dress","status":"publish","type":"product","link":"https:\/\/evokaii.com\/pl\/produkt\/toucan-side-dress\/","title":{"rendered":"Toucan Side Dress"},"content":{"rendered":"<h2>Letnia sukienka z tukanami<\/h2>\n<p style=\"text-align: justify\">Zielona, letnia sukienka z tukanami wykonana jest z bawe\u0142ny (97%) z domieszk\u0105 elastanu (3%). G\u0142\u0119bokie wyci\u0119cie pod pachami. D\u0142ugo\u015b\u0107: przed kolano. Regulowana talia. Dost\u0119pna w rozmiarach: S, M, L.<\/p>\n<p style=\"text-align: justify\">Sukienka z tukanami w subtelnym turkusowo-zielonym kolorze to \u015bwietna propozycja na lato, dla kobiet oraz dziewczyn, kt\u00f3re lubi\u0105 wyr\u00f3\u017cni\u0107 si\u0119 z t\u0142umu. Wakacyjny, egzotyczny wz\u00f3r sprawia, \u017ce sukienka doskonale sprawdzi si\u0119 na nadmorskiej promenadzie, letnim festiwalu muzycznym albo podczas spaceru ulicami miasta. G\u0142\u0119bokie wyci\u0119cie pod pachami zapewnia przewiewno\u015b\u0107, co jest bardzo istotne podczas upa\u0142\u00f3w. Regulowana talia umo\u017cliwia dopasowanie sukienki do sylwetki. Drapowana sp\u00f3dniczka \u015bwietnie uk\u0142ada si\u0119 na nogach, podkre\u015blaj\u0105c sylwetk\u0119. Mi\u0119kka bawe\u0142na z domieszk\u0105 elastanu zapewnia wygod\u0119 u\u017cytkowania. Sukienka \u015bwietnie si\u0119 sprawdzi zar\u00f3wno w sportowej stylizacji z espadrylami lub sneakersami, jak i w tej bardziej eleganckiej do sanda\u0142k\u00f3w na obcasie. Doskona\u0142ym dodatkiem do sukienki b\u0119dzie s\u0142omkowy kapelusz.<\/p>\n","protected":false},"excerpt":{"rendered":"<p>\u2299 Tropikalny design<br \/>\n\u2299 G\u0142\u0119bokie wyci\u0119cie pod pachami<br \/>\n\u2299 Regulowana talia<br \/>\n\u2299 97% bawe\u0142ny<\/p>\n","protected":false},"featured_media":14645,"comment_status":"open","ping_status":"closed","template":"","meta":{"_acf_changed":false},"product_brand":[],"product_cat":[154],"product_tag":[2546,2525,2524,2511,2510,2496,2521],"class_list":{"0":"post-6944","1":"product","2":"type-product","3":"status-publish","4":"has-post-thumbnail","6":"product_cat-sukienki","7":"product_tag-beach-dress-pl","8":"product_tag-kitesurf-shop-pl","9":"product_tag-kitesurf-streetwear-pl","10":"product_tag-kitesurf-wear-pl","11":"product_tag-surf-apparel-pl","12":"product_tag-surf-wear-pl","13":"product_tag-surf-wear-brands-pl","15":"first","16":"outofstock","17":"shipping-taxable","18":"product-type-variable","19":"has-default-attributes"},"acf":[],"_links":{"self":[{"href":"https:\/\/evokaii.com\/pl\/wp-json\/wp\/v2\/product\/6944","targetHints":{"allow":["GET"]}}],"collection":[{"href":"https:\/\/evokaii.com\/pl\/wp-json\/wp\/v2\/product"}],"about":[{"href":"https:\/\/evokaii.com\/pl\/wp-json\/wp\/v2\/types\/product"}],"replies":[{"embeddable":true,"href":"https:\/\/evokaii.com\/pl\/wp-json\/wp\/v2\/comments?post=6944"}],"wp:featuredmedia":[{"embeddable":true,"href":"https:\/\/evokaii.com\/pl\/wp-json\/wp\/v2\/media\/14645"}],"wp:attachment":[{"href":"https:\/\/evokaii.com\/pl\/wp-json\/wp\/v2\/media?parent=6944"}],"wp:term":[{"taxonomy":"product_brand","embeddable":true,"href":"https:\/\/evokaii.com\/pl\/wp-json\/wp\/v2\/product_brand?post=6944"},{"taxonomy":"product_cat","embeddable":true,"href":"https:\/\/evokaii.com\/pl\/wp-json\/wp\/v2\/product_cat?post=6944"},{"taxonomy":"product_tag","embeddable":true,"href":"https:\/\/evokaii.com\/pl\/wp-json\/wp\/v2\/product_tag?post=6944"}],"curies":[{"name":"wp","href":"https:\/\/api.w.org\/{rel}","templated":true}]}}