{"id":7082,"date":"2019-05-05T18:06:24","date_gmt":"2019-05-05T16:06:28","guid":{"rendered":"http:\/\/3.127.24.41\/?post_type=product&#038;p=7082"},"modified":"2020-03-23T20:07:49","modified_gmt":"2020-03-23T18:07:49","slug":"parrot-side-dress","status":"publish","type":"product","link":"https:\/\/evokaii.com\/pl\/produkt\/parrot-side-dress\/","title":{"rendered":"Parrot Side Dress"},"content":{"rendered":"<h2>Niebieska sukienka w papugi<\/h2>\n<p style=\"text-align: justify;\"><span style=\"font-size: 10.5pt; font-family: 'Helvetica',sans-serif; color: #333333;\">Niebieska sukienka z motywem kolorowych papug to idealny wyb\u00f3r na lato. Sukienka wykonana zosta\u0142a\u00a0z mi\u0142ej w dotyku bawe\u0142ny, dzi\u0119ki czemu jest w pe\u0142ni przewiewna i funkcjonalna. Dost\u0119pna jest tak\u017ce w trzech r\u00f3\u017cnych rozmiar\u00f3w: S. M, L oraz XL. Na pewno jej atutem jest tak\u017ce to, i\u017c jest to sukienka bez r\u0119kaw\u00f3w, dzi\u0119ki czemu sprawdzi si\u0119 nawet na upa\u0142y. Po bokach posiada tak\u017ce znacz\u0105ce rozci\u0119cia. Dodatkowo w pasie znajduje si\u0119 sznurek, kt\u00f3ry pozwala na jej lepsze dopasowanie, co pomaga podkre\u015bli\u0107 tali\u0119. Sam kr\u00f3j sukienki jest bardzo prosty, a wi\u0119c pasuje do ka\u017cdej sylwetki. Sukienka sama w sobie jest do\u015b\u0107 kr\u00f3tka. Materia\u0142 jest g\u0142adki i niegniot\u0105cy si\u0119.<\/span><\/p>\n<p style=\"text-align: justify;\"><span style=\"font-size: 10.5pt; font-family: 'Helvetica',sans-serif; color: #333333;\">Niebieska sukienka letnia b\u0119dzie doskona\u0142ym wyborem dla kobiet, kt\u00f3re ceni\u0105 sobie dziewcz\u0119cy i niezobowi\u0105zuj\u0105cy styl. Sukienka z tak pozytywnym motywem na pewno sprawdzi si\u0119 w wielu r\u00f3\u017cnych sytuacjach i daje du\u017ce pole do popisu, je\u015bli chodzi o mo\u017cliwo\u015b\u0107 kompletowania stylizacji. Dodatkowym atutem jest to, i\u017c jest bardzo oryginalna i niecodzienna.<\/span><\/p>\n","protected":false},"excerpt":{"rendered":"<p>\u2299 Sukienka na rami\u0105czkach<br \/>\n\u2299 G\u0142\u0119bokie wyci\u0119cie w pachach<br \/>\n\u2299 Regulowana talia<br \/>\n\u2299 Motyw Papugi<\/p>\n","protected":false},"featured_media":14649,"comment_status":"open","ping_status":"closed","template":"","meta":{"_acf_changed":false},"product_brand":[],"product_cat":[154],"product_tag":[2522,2525,2497,2510,2598,2512,2602],"class_list":{"0":"post-7082","1":"product","2":"type-product","3":"status-publish","4":"has-post-thumbnail","6":"product_cat-sukienki","7":"product_tag-girls-who-surf-pl","8":"product_tag-kitesurf-shop-pl","9":"product_tag-streetwear-pl","10":"product_tag-surf-apparel-pl","11":"product_tag-surf-clothing-pl","12":"product_tag-surfstyle-pl","13":"product_tag-womens-surf-clothing-pl","15":"first","16":"instock","17":"shipping-taxable","18":"purchasable","19":"product-type-variable","20":"has-default-attributes"},"acf":[],"_links":{"self":[{"href":"https:\/\/evokaii.com\/pl\/wp-json\/wp\/v2\/product\/7082","targetHints":{"allow":["GET"]}}],"collection":[{"href":"https:\/\/evokaii.com\/pl\/wp-json\/wp\/v2\/product"}],"about":[{"href":"https:\/\/evokaii.com\/pl\/wp-json\/wp\/v2\/types\/product"}],"replies":[{"embeddable":true,"href":"https:\/\/evokaii.com\/pl\/wp-json\/wp\/v2\/comments?post=7082"}],"wp:featuredmedia":[{"embeddable":true,"href":"https:\/\/evokaii.com\/pl\/wp-json\/wp\/v2\/media\/14649"}],"wp:attachment":[{"href":"https:\/\/evokaii.com\/pl\/wp-json\/wp\/v2\/media?parent=7082"}],"wp:term":[{"taxonomy":"product_brand","embeddable":true,"href":"https:\/\/evokaii.com\/pl\/wp-json\/wp\/v2\/product_brand?post=7082"},{"taxonomy":"product_cat","embeddable":true,"href":"https:\/\/evokaii.com\/pl\/wp-json\/wp\/v2\/product_cat?post=7082"},{"taxonomy":"product_tag","embeddable":true,"href":"https:\/\/evokaii.com\/pl\/wp-json\/wp\/v2\/product_tag?post=7082"}],"curies":[{"name":"wp","href":"https:\/\/api.w.org\/{rel}","templated":true}]}}