{"id":7096,"date":"2019-05-05T18:11:21","date_gmt":"2019-05-05T16:11:24","guid":{"rendered":"http:\/\/3.127.24.41\/?post_type=product&#038;p=7096"},"modified":"2020-03-23T20:07:04","modified_gmt":"2020-03-23T18:07:04","slug":"feathers-cotton-dress","status":"publish","type":"product","link":"https:\/\/evokaii.com\/pl\/produkt\/feathers-cotton-dress\/","title":{"rendered":"Feathers Side Dress"},"content":{"rendered":"<h2>Sukienka na rami\u0105czkach Feathers<\/h2>\n<p style=\"text-align: justify;\">Kr\u00f3tka sukienka na rami\u0105czkach w egzotyczny wz\u00f3r w pi\u00f3rka. Kolory dominuj\u0105ce: r\u00f3\u017cowy, turkusowy. D\u0142ugo\u015b\u0107: przed kolano. Sukienka regulowana w talii, posiada wyci\u0119cia pod pachami. Wykonana z bawe\u0142ny i elastanu. Dost\u0119pna w rozmiarach S, M, L, XL.<\/p>\n<p style=\"text-align: justify;\">Delikatna letnia sukienka w pi\u00f3rka w modnych kolorach r\u00f3\u017cowym i turkusowym, to idealna propozycja na czas wakacyjnych upa\u0142\u00f3w. G\u0142\u0119bokie wyci\u0119cia pod pachami zapewniaj\u0105 przewiewno\u015b\u0107 i komfort u\u017cytkowania, regulowana talia pozwala dopasowa\u0107 sukienk\u0119 do sylwetki i podkre\u015bli\u0107 jej walory. Sukienka wykonana jest z bawe\u0142ny (97%) z domieszk\u0105 elastanu (3%). Materia\u0142 jest przewiewny i mi\u0142y w dotyku, co zapewnia wygod\u0119. Sukienka \u015bwietnie \u0142\u0105czy sportowy, casualowy styl z odrobin\u0105 ekstrawagancji. \u015awietnie nadaje si\u0119 zar\u00f3wno na pla\u017c\u0119, jak i do noszenia na co dzie\u0144, kiedy sp\u0119dzamy lato w mie\u015bcie. W po\u0142\u0105czeniu z sanda\u0142kami na wysokim obcasie zamieni si\u0119 w eleganck\u0105 kreacj\u0119. Modny, tropikalny w ptasie pi\u00f3ra wz\u00f3r doskonale wpisuje si\u0119 w trend\u00a0<em>urban jungle<\/em>\u00a0&#8211; miejskiej d\u017cungli.<\/p>\n","protected":false},"excerpt":{"rendered":"<p>\u2299 D\u0142ugo\u015b\u0107 przed kolano<br \/>\n\u2299 Mieszanka bawe\u0142ny i elastanu<br \/>\n\u2299 G\u0142\u0119bokie wyci\u0119cie pod pachami<br \/>\n\u2299 Oryginalny nadruk<\/p>\n","protected":false},"featured_media":7059,"comment_status":"open","ping_status":"closed","template":"","meta":{"_acf_changed":false},"product_brand":[],"product_cat":[154],"product_tag":[2522,2525,2511,2497,2510,2598],"class_list":{"0":"post-7096","1":"product","2":"type-product","3":"status-publish","4":"has-post-thumbnail","6":"product_cat-sukienki","7":"product_tag-girls-who-surf-pl","8":"product_tag-kitesurf-shop-pl","9":"product_tag-kitesurf-wear-pl","10":"product_tag-streetwear-pl","11":"product_tag-surf-apparel-pl","12":"product_tag-surf-clothing-pl","14":"first","15":"outofstock","16":"shipping-taxable","17":"product-type-variable","18":"has-default-attributes"},"acf":[],"_links":{"self":[{"href":"https:\/\/evokaii.com\/pl\/wp-json\/wp\/v2\/product\/7096","targetHints":{"allow":["GET"]}}],"collection":[{"href":"https:\/\/evokaii.com\/pl\/wp-json\/wp\/v2\/product"}],"about":[{"href":"https:\/\/evokaii.com\/pl\/wp-json\/wp\/v2\/types\/product"}],"replies":[{"embeddable":true,"href":"https:\/\/evokaii.com\/pl\/wp-json\/wp\/v2\/comments?post=7096"}],"wp:featuredmedia":[{"embeddable":true,"href":"https:\/\/evokaii.com\/pl\/wp-json\/wp\/v2\/media\/7059"}],"wp:attachment":[{"href":"https:\/\/evokaii.com\/pl\/wp-json\/wp\/v2\/media?parent=7096"}],"wp:term":[{"taxonomy":"product_brand","embeddable":true,"href":"https:\/\/evokaii.com\/pl\/wp-json\/wp\/v2\/product_brand?post=7096"},{"taxonomy":"product_cat","embeddable":true,"href":"https:\/\/evokaii.com\/pl\/wp-json\/wp\/v2\/product_cat?post=7096"},{"taxonomy":"product_tag","embeddable":true,"href":"https:\/\/evokaii.com\/pl\/wp-json\/wp\/v2\/product_tag?post=7096"}],"curies":[{"name":"wp","href":"https:\/\/api.w.org\/{rel}","templated":true}]}}