{"id":7130,"date":"2019-05-05T18:21:22","date_gmt":"2019-05-05T16:21:26","guid":{"rendered":"http:\/\/3.127.24.41\/?post_type=product&#038;p=7130"},"modified":"2024-05-23T20:27:09","modified_gmt":"2024-05-23T18:27:09","slug":"feathers-dress","status":"publish","type":"product","link":"https:\/\/evokaii.com\/pl\/produkt\/feathers-dress\/","title":{"rendered":"Feathers Dress"},"content":{"rendered":"<h2>Sukienka z pi\u00f3rami<\/h2>\n<p style=\"text-align: justify;\"><span style=\"font-size: 10.5pt; font-family: 'Helvetica',sans-serif; color: #333333;\">Sukienka z pi\u00f3rami to doskona\u0142a propozycja na lato. Jest bardzo dziewcz\u0119ca, lekka i zwiewna. Jej kolorystyka to r\u00f3\u017c oraz jasna ziele\u0144. S\u0105 to barwy, kt\u00f3re pasuj\u0105 praktycznie ka\u017cdej kobiecie i odejmuj\u0105 jej lat. Sam fason jest bardzo prosty. Sukienka posiada kr\u00f3tki r\u0119kaw, niewielki dekolt oraz urocz\u0105, delikatn\u0105 falbank\u0119 na wysoko\u015bci bioder. Wykonana jest z wysokiej jako\u015bci bawe\u0142ny, dzi\u0119ki czemu doskonale si\u0119 uk\u0142ada i jest mi\u0142a w dotyku. Ten model naby\u0107 mo\u017cna w czterech r\u00f3\u017cnych rozmiarach. Ma\u0142ym (S), \u015brednim (M), du\u017cym (L) oraz bardzo du\u017cym (XL).\u00a0<\/span><\/p>\n<p style=\"text-align: justify;\"><span style=\"font-size: 10.5pt; font-family: 'Helvetica',sans-serif; color: #333333;\">Dzi\u0119ki swojej uniwersalno\u015bci sukienka candy b\u0119dzie idealnym wyborem na wakacyjny wyjazd. Zajmuje niewiele miejsca w walizce, nie gniecie si\u0119 i do tego zawsze doskonale wygl\u0105da. Lu\u017aniejszy kr\u00f3j sprawia, \u017ce doskonale uk\u0142ada si\u0119 na ka\u017cdej sylwetce. Tego typu sukienka z pi\u00f3rami b\u0119dzie idealnym wyborem dla kobiet o r\u00f3\u017cnych typach figury. Na pewno warto zaopatrzy\u0107 si\u0119 w ni\u0105 przed jakimkolwiek wakacyjnym wyjazdem, aby wygl\u0105da\u0107 zjawiskowo.<\/span><\/p>\n","protected":false},"excerpt":{"rendered":"<p>\u2299 Pink Feathers Design<br \/>\n\u2299 Adjustable Waist<br \/>\n\u2299 Draped Skirt<\/p>\n","protected":false},"featured_media":7027,"comment_status":"open","ping_status":"closed","template":"","meta":{"_acf_changed":false},"product_brand":[],"product_cat":[154],"product_tag":[2525,2523,2497,2510,2496,2521],"class_list":{"0":"post-7130","1":"product","2":"type-product","3":"status-publish","4":"has-post-thumbnail","6":"product_cat-sukienki","7":"product_tag-kitesurf-shop-pl","8":"product_tag-kitesurf-wear-brands-pl","9":"product_tag-streetwear-pl","10":"product_tag-surf-apparel-pl","11":"product_tag-surf-wear-pl","12":"product_tag-surf-wear-brands-pl","14":"first","15":"instock","16":"shipping-taxable","17":"purchasable","18":"product-type-variable","19":"has-default-attributes"},"acf":[],"_links":{"self":[{"href":"https:\/\/evokaii.com\/pl\/wp-json\/wp\/v2\/product\/7130","targetHints":{"allow":["GET"]}}],"collection":[{"href":"https:\/\/evokaii.com\/pl\/wp-json\/wp\/v2\/product"}],"about":[{"href":"https:\/\/evokaii.com\/pl\/wp-json\/wp\/v2\/types\/product"}],"replies":[{"embeddable":true,"href":"https:\/\/evokaii.com\/pl\/wp-json\/wp\/v2\/comments?post=7130"}],"wp:featuredmedia":[{"embeddable":true,"href":"https:\/\/evokaii.com\/pl\/wp-json\/wp\/v2\/media\/7027"}],"wp:attachment":[{"href":"https:\/\/evokaii.com\/pl\/wp-json\/wp\/v2\/media?parent=7130"}],"wp:term":[{"taxonomy":"product_brand","embeddable":true,"href":"https:\/\/evokaii.com\/pl\/wp-json\/wp\/v2\/product_brand?post=7130"},{"taxonomy":"product_cat","embeddable":true,"href":"https:\/\/evokaii.com\/pl\/wp-json\/wp\/v2\/product_cat?post=7130"},{"taxonomy":"product_tag","embeddable":true,"href":"https:\/\/evokaii.com\/pl\/wp-json\/wp\/v2\/product_tag?post=7130"}],"curies":[{"name":"wp","href":"https:\/\/api.w.org\/{rel}","templated":true}]}}